{"id":9997,"date":"2024-10-03T18:31:08","date_gmt":"2024-10-03T18:31:08","guid":{"rendered":"https:\/\/www.zsspabianice.pl\/?page_id=9997"},"modified":"2025-06-26T19:47:18","modified_gmt":"2025-06-26T19:47:18","slug":"zyje-zdrowo-i-bezpiecznie","status":"publish","type":"page","link":"https:\/\/www.zsspabianice.pl\/?page_id=9997","title":{"rendered":"&#8222;\u017byj\u0119 zdrowo i bezpiecznie&#8221; program szkolny"},"content":{"rendered":"\t\t<div data-elementor-type=\"wp-page\" data-elementor-id=\"9997\" class=\"elementor elementor-9997\">\n\t\t\t\t\t\t<section class=\"elementor-section elementor-top-section elementor-element elementor-element-34e10cc elementor-section-boxed elementor-section-height-default elementor-section-height-default\" data-id=\"34e10cc\" data-element_type=\"section\">\n\t\t\t\t\t\t<div class=\"elementor-container elementor-column-gap-default\">\n\t\t\t\t\t<div class=\"elementor-column elementor-col-100 elementor-top-column elementor-element elementor-element-7704187\" data-id=\"7704187\" data-element_type=\"column\">\n\t\t\t<div class=\"elementor-widget-wrap elementor-element-populated\">\n\t\t\t\t\t\t<div class=\"elementor-element elementor-element-1925a1a elementor-widget elementor-widget-text-editor\" data-id=\"1925a1a\" data-element_type=\"widget\" data-widget_type=\"text-editor.default\">\n\t\t\t\t<div class=\"elementor-widget-container\">\n\t\t\t<style>\/*! elementor - v3.20.0 - 13-03-2024 *\/\n.elementor-widget-text-editor.elementor-drop-cap-view-stacked .elementor-drop-cap{background-color:#69727d;color:#fff}.elementor-widget-text-editor.elementor-drop-cap-view-framed .elementor-drop-cap{color:#69727d;border:3px solid;background-color:transparent}.elementor-widget-text-editor:not(.elementor-drop-cap-view-default) .elementor-drop-cap{margin-top:8px}.elementor-widget-text-editor:not(.elementor-drop-cap-view-default) .elementor-drop-cap-letter{width:1em;height:1em}.elementor-widget-text-editor .elementor-drop-cap{float:left;text-align:center;line-height:1;font-size:50px}.elementor-widget-text-editor .elementor-drop-cap-letter{display:inline-block}<\/style>\t\t\t\t<p><strong><span style=\"color: #008080;\">W ramach realizacji programu \u201e\u017byj\u0119 zdrowo i bezpiecznie\u201d (koordynatorki: p. A. Adamska, p. E. \u0141uszcz) w naszej szkole odby\u0142y si\u0119:<\/span><\/strong><\/p>\t\t\t\t\t\t<\/div>\n\t\t\t\t<\/div>\n\t\t\t\t\t<\/div>\n\t\t<\/div>\n\t\t\t\t\t<\/div>\n\t\t<\/section>\n\t\t\t\t<section class=\"elementor-section elementor-top-section elementor-element elementor-element-8d5ca28 elementor-section-boxed elementor-section-height-default elementor-section-height-default\" data-id=\"8d5ca28\" data-element_type=\"section\">\n\t\t\t\t\t\t<div class=\"elementor-container elementor-column-gap-default\">\n\t\t\t\t\t<div class=\"elementor-column elementor-col-50 elementor-top-column elementor-element elementor-element-46933a5\" data-id=\"46933a5\" data-element_type=\"column\">\n\t\t\t<div class=\"elementor-widget-wrap elementor-element-populated\">\n\t\t\t\t\t\t<div class=\"elementor-element elementor-element-1eced9f elementor-widget elementor-widget-text-editor\" data-id=\"1eced9f\" data-element_type=\"widget\" data-widget_type=\"text-editor.default\">\n\t\t\t\t<div class=\"elementor-widget-container\">\n\t\t\t\t\t\t\t<p><strong><span style=\"color: #008080;\">&#8211; zaj\u0119cia z osobami zawodowo zajmuj\u0105cymi si\u0119 aspektami zdrowia<\/span><\/strong><\/p><ul><li><a href=\"https:\/\/www.zsspabianice.pl\/?p=9658\"><span style=\"color: #008080;\">warsztaty udzielania pierwszej pomocy,<\/span><\/a><\/li><li><a href=\"https:\/\/www.zsspabianice.pl\/?p=9984\"><span style=\"color: #008080;\">spotkanie z dietetykiem,<\/span><\/a><\/li><li><a href=\"https:\/\/www.zsspabianice.pl\/?p=10325\"><span style=\"color: #008080;\">warsztaty kulinarne<\/span><\/a><\/li><li><a href=\"https:\/\/www.zsspabianice.pl\/?p=10517\"><span style=\"color: #008080;\">spotkanie z pracownikiem Stra\u017cy Miejskiej &#8222;Uzale\u017cnienia XXI wieku&#8221;<\/span><\/a><\/li><li><span style=\"color: #008080;\"><a style=\"color: #008080;\" href=\"https:\/\/www.zsspabianice.pl\/?p=10957\">zaj\u0119cia taneczne z hip-hopu<\/a><\/span><\/li><li><a href=\"https:\/\/www.zsspabianice.pl\/?p=11062\"><span style=\"color: #008080;\">spotkanie z policjantk\u0105 &#8211; bezpiecze\u0144stwo na<\/span> <span style=\"color: #008080;\">drogach<\/span><\/a><\/li><\/ul>\t\t\t\t\t\t<\/div>\n\t\t\t\t<\/div>\n\t\t\t\t\t<\/div>\n\t\t<\/div>\n\t\t\t\t<div class=\"elementor-column elementor-col-50 elementor-top-column elementor-element elementor-element-52e8fad\" data-id=\"52e8fad\" data-element_type=\"column\">\n\t\t\t<div class=\"elementor-widget-wrap elementor-element-populated\">\n\t\t\t\t\t\t<div class=\"elementor-element elementor-element-001f3bd elementor-widget elementor-widget-text-editor\" data-id=\"001f3bd\" data-element_type=\"widget\" data-widget_type=\"text-editor.default\">\n\t\t\t\t<div class=\"elementor-widget-container\">\n\t\t\t\t\t\t\t<p><span style=\"color: #008080;\"><strong>&#8211; w ramach aktywno\u015bci w\u0142asnej, autorki programu:<\/strong><\/span><\/p><ul><li><span style=\"color: #008080;\">poszerzy\u0142y wiedz\u0119 uczni\u00f3w na temat rekreacji ruchowej i aktywnego wypoczynku, zach\u0119caj\u0105c jednocze\u015bnie do wiosennej aktywno\u015bci ruchowej (wykorzystuj\u0105c metod\u0119 aktywizuj\u0105c\u0105 &#8222;Kwiat lotosu&#8221;):\u00a0 \u21d3<\/span><\/li><\/ul><p><img fetchpriority=\"high\" decoding=\"async\" class=\"alignnone size-full wp-image-10920\" src=\"https:\/\/www.zsspabianice.pl\/wp-content\/uploads\/2025\/03\/Wiosenna-aktywnosc-ruchowa-00-scaled.jpg\" alt=\"\" width=\"2560\" height=\"1361\" srcset=\"https:\/\/www.zsspabianice.pl\/wp-content\/uploads\/2025\/03\/Wiosenna-aktywnosc-ruchowa-00-scaled.jpg 2560w, https:\/\/www.zsspabianice.pl\/wp-content\/uploads\/2025\/03\/Wiosenna-aktywnosc-ruchowa-00-300x159.jpg 300w, https:\/\/www.zsspabianice.pl\/wp-content\/uploads\/2025\/03\/Wiosenna-aktywnosc-ruchowa-00-1024x544.jpg 1024w, https:\/\/www.zsspabianice.pl\/wp-content\/uploads\/2025\/03\/Wiosenna-aktywnosc-ruchowa-00-150x80.jpg 150w, https:\/\/www.zsspabianice.pl\/wp-content\/uploads\/2025\/03\/Wiosenna-aktywnosc-ruchowa-00-768x408.jpg 768w, https:\/\/www.zsspabianice.pl\/wp-content\/uploads\/2025\/03\/Wiosenna-aktywnosc-ruchowa-00-1536x817.jpg 1536w, https:\/\/www.zsspabianice.pl\/wp-content\/uploads\/2025\/03\/Wiosenna-aktywnosc-ruchowa-00-2048x1089.jpg 2048w\" sizes=\"(max-width: 2560px) 100vw, 2560px\" \/><\/p><ul><li><span style=\"color: #008080;\">uczniowie dowiaduj\u0105 si\u0119 o znaczeniu wody dla organizmu (07.04 &#8211; 13.04.2025):\u00a0 \u21d3<\/span><\/li><\/ul><p><img decoding=\"async\" class=\"alignnone size-full wp-image-11051\" src=\"https:\/\/www.zsspabianice.pl\/wp-content\/uploads\/2025\/04\/tydzien-picia-wody-2025.jpg\" alt=\"\" width=\"1584\" height=\"781\" srcset=\"https:\/\/www.zsspabianice.pl\/wp-content\/uploads\/2025\/04\/tydzien-picia-wody-2025.jpg 1584w, https:\/\/www.zsspabianice.pl\/wp-content\/uploads\/2025\/04\/tydzien-picia-wody-2025-300x148.jpg 300w, https:\/\/www.zsspabianice.pl\/wp-content\/uploads\/2025\/04\/tydzien-picia-wody-2025-1024x505.jpg 1024w, https:\/\/www.zsspabianice.pl\/wp-content\/uploads\/2025\/04\/tydzien-picia-wody-2025-150x74.jpg 150w, https:\/\/www.zsspabianice.pl\/wp-content\/uploads\/2025\/04\/tydzien-picia-wody-2025-768x379.jpg 768w, https:\/\/www.zsspabianice.pl\/wp-content\/uploads\/2025\/04\/tydzien-picia-wody-2025-1536x757.jpg 1536w\" sizes=\"(max-width: 1584px) 100vw, 1584px\" \/><\/p><ul><li><span style=\"color: #008080;\">w ramach zasad zdrowego \u017cywienia, ucz\u0105 tworzy\u0107 warto\u015bciowe dla organizmu napoje; uczniowie uk\u0142adaj\u0105 przepisy \u21d3\u00a0<\/span><\/li><\/ul><p><a href=\"https:\/\/www.zsspabianice.pl\/?attachment_id=11651\" rel=\"attachment wp-att-11651\"><img decoding=\"async\" class=\"wp-image-11651 aligncenter\" src=\"https:\/\/www.zsspabianice.pl\/wp-content\/uploads\/2025\/06\/Fabryka-Zdrowych-Napojow.jpg\" alt=\"\" width=\"408\" height=\"381\" srcset=\"https:\/\/www.zsspabianice.pl\/wp-content\/uploads\/2025\/06\/Fabryka-Zdrowych-Napojow.jpg 2436w, https:\/\/www.zsspabianice.pl\/wp-content\/uploads\/2025\/06\/Fabryka-Zdrowych-Napojow-300x280.jpg 300w, https:\/\/www.zsspabianice.pl\/wp-content\/uploads\/2025\/06\/Fabryka-Zdrowych-Napojow-1024x955.jpg 1024w, https:\/\/www.zsspabianice.pl\/wp-content\/uploads\/2025\/06\/Fabryka-Zdrowych-Napojow-150x140.jpg 150w, https:\/\/www.zsspabianice.pl\/wp-content\/uploads\/2025\/06\/Fabryka-Zdrowych-Napojow-768x716.jpg 768w, https:\/\/www.zsspabianice.pl\/wp-content\/uploads\/2025\/06\/Fabryka-Zdrowych-Napojow-1536x1432.jpg 1536w, https:\/\/www.zsspabianice.pl\/wp-content\/uploads\/2025\/06\/Fabryka-Zdrowych-Napojow-2048x1909.jpg 2048w\" sizes=\"(max-width: 408px) 100vw, 408px\" \/><\/a><\/p><ul><li><span style=\"color: #008080;\">organizuj\u0105 &#8222;Marsz po zdrowie&#8221; (p. Agnieszka, p. Ewa, p. Tomasz &#8211; od WF), w kt\u00f3rym uczestnicy \u0107wicz\u0105 na \u015bwie\u017cym powietrzu \u21d3<\/span><\/li><\/ul>\t\t\t\t\t\t<\/div>\n\t\t\t\t<\/div>\n\t\t\t\t<div class=\"elementor-element elementor-element-5f09c28 gallery-spacing-custom elementor-widget elementor-widget-image-gallery\" data-id=\"5f09c28\" data-element_type=\"widget\" data-widget_type=\"image-gallery.default\">\n\t\t\t\t<div class=\"elementor-widget-container\">\n\t\t\t<style>\/*! elementor - v3.20.0 - 13-03-2024 *\/\n.elementor-image-gallery .gallery-item{display:inline-block;text-align:center;vertical-align:top;width:100%;max-width:100%;margin:0 auto}.elementor-image-gallery .gallery-item img{margin:0 auto}.elementor-image-gallery .gallery-item .gallery-caption{margin:0}.elementor-image-gallery figure img{display:block}.elementor-image-gallery figure figcaption{width:100%}.gallery-spacing-custom .elementor-image-gallery .gallery-icon{padding:0}@media (min-width:768px){.elementor-image-gallery .gallery-columns-2 .gallery-item{max-width:50%}.elementor-image-gallery .gallery-columns-3 .gallery-item{max-width:33.33%}.elementor-image-gallery .gallery-columns-4 .gallery-item{max-width:25%}.elementor-image-gallery .gallery-columns-5 .gallery-item{max-width:20%}.elementor-image-gallery .gallery-columns-6 .gallery-item{max-width:16.666%}.elementor-image-gallery .gallery-columns-7 .gallery-item{max-width:14.28%}.elementor-image-gallery .gallery-columns-8 .gallery-item{max-width:12.5%}.elementor-image-gallery .gallery-columns-9 .gallery-item{max-width:11.11%}.elementor-image-gallery .gallery-columns-10 .gallery-item{max-width:10%}}@media (min-width:480px) and (max-width:767px){.elementor-image-gallery .gallery.gallery-columns-2 .gallery-item,.elementor-image-gallery .gallery.gallery-columns-3 .gallery-item,.elementor-image-gallery .gallery.gallery-columns-4 .gallery-item,.elementor-image-gallery .gallery.gallery-columns-5 .gallery-item,.elementor-image-gallery .gallery.gallery-columns-6 .gallery-item,.elementor-image-gallery .gallery.gallery-columns-7 .gallery-item,.elementor-image-gallery .gallery.gallery-columns-8 .gallery-item,.elementor-image-gallery .gallery.gallery-columns-9 .gallery-item,.elementor-image-gallery .gallery.gallery-columns-10 .gallery-item{max-width:50%}}@media (max-width:479px){.elementor-image-gallery .gallery.gallery-columns-2 .gallery-item,.elementor-image-gallery .gallery.gallery-columns-3 .gallery-item,.elementor-image-gallery .gallery.gallery-columns-4 .gallery-item,.elementor-image-gallery .gallery.gallery-columns-5 .gallery-item,.elementor-image-gallery .gallery.gallery-columns-6 .gallery-item,.elementor-image-gallery .gallery.gallery-columns-7 .gallery-item,.elementor-image-gallery .gallery.gallery-columns-8 .gallery-item,.elementor-image-gallery .gallery.gallery-columns-9 .gallery-item,.elementor-image-gallery .gallery.gallery-columns-10 .gallery-item{max-width:100%}}<\/style>\t\t<div class=\"elementor-image-gallery\">\n\t\t\t<div id='gallery-1' class='gallery galleryid-9997 gallery-columns-3 gallery-size-medium_large'><figure class='gallery-item'>\n\t\t\t<div class='gallery-icon landscape'>\n\t\t\t\t<a data-elementor-open-lightbox=\"yes\" data-elementor-lightbox-slideshow=\"5f09c28\" data-elementor-lightbox-title=\"&quot;Marsz po zdrowie&quot;\" data-e-action-hash=\"#elementor-action%3Aaction%3Dlightbox%26settings%3DeyJpZCI6MTE2ODUsInVybCI6Imh0dHBzOlwvXC93d3cuenNzcGFiaWFuaWNlLnBsXC93cC1jb250ZW50XC91cGxvYWRzXC8yMDI1XC8wNlwvTWFyc3otcG8temRyb3dpZS0yMDI1LTAwLmpwZyIsInNsaWRlc2hvdyI6IjVmMDljMjgifQ%3D%3D\" href='https:\/\/www.zsspabianice.pl\/wp-content\/uploads\/2025\/06\/Marsz-po-zdrowie-2025-00.jpg'><img loading=\"lazy\" decoding=\"async\" width=\"768\" height=\"481\" src=\"https:\/\/www.zsspabianice.pl\/wp-content\/uploads\/2025\/06\/Marsz-po-zdrowie-2025-00-768x481.jpg\" class=\"attachment-medium_large size-medium_large\" alt=\"\" srcset=\"https:\/\/www.zsspabianice.pl\/wp-content\/uploads\/2025\/06\/Marsz-po-zdrowie-2025-00-768x481.jpg 768w, https:\/\/www.zsspabianice.pl\/wp-content\/uploads\/2025\/06\/Marsz-po-zdrowie-2025-00-300x188.jpg 300w, https:\/\/www.zsspabianice.pl\/wp-content\/uploads\/2025\/06\/Marsz-po-zdrowie-2025-00-1024x641.jpg 1024w, https:\/\/www.zsspabianice.pl\/wp-content\/uploads\/2025\/06\/Marsz-po-zdrowie-2025-00-150x94.jpg 150w, https:\/\/www.zsspabianice.pl\/wp-content\/uploads\/2025\/06\/Marsz-po-zdrowie-2025-00.jpg 1200w\" sizes=\"(max-width: 768px) 100vw, 768px\" \/><\/a>\n\t\t\t<\/div><\/figure><figure class='gallery-item'>\n\t\t\t<div class='gallery-icon landscape'>\n\t\t\t\t<a data-elementor-open-lightbox=\"yes\" data-elementor-lightbox-slideshow=\"5f09c28\" data-elementor-lightbox-title=\"&quot;Marsz po zdrowie&quot;\" data-e-action-hash=\"#elementor-action%3Aaction%3Dlightbox%26settings%3DeyJpZCI6MTE2NzYsInVybCI6Imh0dHBzOlwvXC93d3cuenNzcGFiaWFuaWNlLnBsXC93cC1jb250ZW50XC91cGxvYWRzXC8yMDI1XC8wNlwvTWFyc3otcG8temRyb3dpZS0yMDI1LTAyLmpwZyIsInNsaWRlc2hvdyI6IjVmMDljMjgifQ%3D%3D\" href='https:\/\/www.zsspabianice.pl\/wp-content\/uploads\/2025\/06\/Marsz-po-zdrowie-2025-02.jpg'><img loading=\"lazy\" decoding=\"async\" width=\"768\" height=\"576\" src=\"https:\/\/www.zsspabianice.pl\/wp-content\/uploads\/2025\/06\/Marsz-po-zdrowie-2025-02-768x576.jpg\" class=\"attachment-medium_large size-medium_large\" alt=\"\" srcset=\"https:\/\/www.zsspabianice.pl\/wp-content\/uploads\/2025\/06\/Marsz-po-zdrowie-2025-02-768x576.jpg 768w, https:\/\/www.zsspabianice.pl\/wp-content\/uploads\/2025\/06\/Marsz-po-zdrowie-2025-02-300x225.jpg 300w, https:\/\/www.zsspabianice.pl\/wp-content\/uploads\/2025\/06\/Marsz-po-zdrowie-2025-02-1024x768.jpg 1024w, https:\/\/www.zsspabianice.pl\/wp-content\/uploads\/2025\/06\/Marsz-po-zdrowie-2025-02-150x113.jpg 150w, https:\/\/www.zsspabianice.pl\/wp-content\/uploads\/2025\/06\/Marsz-po-zdrowie-2025-02-1536x1152.jpg 1536w, https:\/\/www.zsspabianice.pl\/wp-content\/uploads\/2025\/06\/Marsz-po-zdrowie-2025-02.jpg 1600w\" sizes=\"(max-width: 768px) 100vw, 768px\" \/><\/a>\n\t\t\t<\/div><\/figure><figure class='gallery-item'>\n\t\t\t<div class='gallery-icon landscape'>\n\t\t\t\t<a data-elementor-open-lightbox=\"yes\" data-elementor-lightbox-slideshow=\"5f09c28\" data-elementor-lightbox-title=\"&quot;Marsz po zdrowie&quot;\" data-e-action-hash=\"#elementor-action%3Aaction%3Dlightbox%26settings%3DeyJpZCI6MTE2NzcsInVybCI6Imh0dHBzOlwvXC93d3cuenNzcGFiaWFuaWNlLnBsXC93cC1jb250ZW50XC91cGxvYWRzXC8yMDI1XC8wNlwvTWFyc3otcG8temRyb3dpZS0yMDI1LTAzLmpwZyIsInNsaWRlc2hvdyI6IjVmMDljMjgifQ%3D%3D\" href='https:\/\/www.zsspabianice.pl\/wp-content\/uploads\/2025\/06\/Marsz-po-zdrowie-2025-03.jpg'><img loading=\"lazy\" decoding=\"async\" width=\"768\" height=\"612\" src=\"https:\/\/www.zsspabianice.pl\/wp-content\/uploads\/2025\/06\/Marsz-po-zdrowie-2025-03-768x612.jpg\" class=\"attachment-medium_large size-medium_large\" alt=\"\" srcset=\"https:\/\/www.zsspabianice.pl\/wp-content\/uploads\/2025\/06\/Marsz-po-zdrowie-2025-03-768x612.jpg 768w, https:\/\/www.zsspabianice.pl\/wp-content\/uploads\/2025\/06\/Marsz-po-zdrowie-2025-03-300x239.jpg 300w, https:\/\/www.zsspabianice.pl\/wp-content\/uploads\/2025\/06\/Marsz-po-zdrowie-2025-03-1024x817.jpg 1024w, https:\/\/www.zsspabianice.pl\/wp-content\/uploads\/2025\/06\/Marsz-po-zdrowie-2025-03-150x120.jpg 150w, https:\/\/www.zsspabianice.pl\/wp-content\/uploads\/2025\/06\/Marsz-po-zdrowie-2025-03.jpg 1200w\" sizes=\"(max-width: 768px) 100vw, 768px\" \/><\/a>\n\t\t\t<\/div><\/figure><figure class='gallery-item'>\n\t\t\t<div class='gallery-icon landscape'>\n\t\t\t\t<a data-elementor-open-lightbox=\"yes\" data-elementor-lightbox-slideshow=\"5f09c28\" data-elementor-lightbox-title=\"&quot;Marsz po zdrowie&quot;\" data-e-action-hash=\"#elementor-action%3Aaction%3Dlightbox%26settings%3DeyJpZCI6MTE2NzgsInVybCI6Imh0dHBzOlwvXC93d3cuenNzcGFiaWFuaWNlLnBsXC93cC1jb250ZW50XC91cGxvYWRzXC8yMDI1XC8wNlwvTWFyc3otcG8temRyb3dpZS0yMDI1LTA0LmpwZyIsInNsaWRlc2hvdyI6IjVmMDljMjgifQ%3D%3D\" href='https:\/\/www.zsspabianice.pl\/wp-content\/uploads\/2025\/06\/Marsz-po-zdrowie-2025-04.jpg'><img loading=\"lazy\" decoding=\"async\" width=\"768\" height=\"576\" src=\"https:\/\/www.zsspabianice.pl\/wp-content\/uploads\/2025\/06\/Marsz-po-zdrowie-2025-04-768x576.jpg\" class=\"attachment-medium_large size-medium_large\" alt=\"\" srcset=\"https:\/\/www.zsspabianice.pl\/wp-content\/uploads\/2025\/06\/Marsz-po-zdrowie-2025-04-768x576.jpg 768w, https:\/\/www.zsspabianice.pl\/wp-content\/uploads\/2025\/06\/Marsz-po-zdrowie-2025-04-300x225.jpg 300w, https:\/\/www.zsspabianice.pl\/wp-content\/uploads\/2025\/06\/Marsz-po-zdrowie-2025-04-1024x768.jpg 1024w, https:\/\/www.zsspabianice.pl\/wp-content\/uploads\/2025\/06\/Marsz-po-zdrowie-2025-04-150x113.jpg 150w, https:\/\/www.zsspabianice.pl\/wp-content\/uploads\/2025\/06\/Marsz-po-zdrowie-2025-04-1536x1152.jpg 1536w, https:\/\/www.zsspabianice.pl\/wp-content\/uploads\/2025\/06\/Marsz-po-zdrowie-2025-04.jpg 1600w\" sizes=\"(max-width: 768px) 100vw, 768px\" \/><\/a>\n\t\t\t<\/div><\/figure><figure class='gallery-item'>\n\t\t\t<div class='gallery-icon landscape'>\n\t\t\t\t<a data-elementor-open-lightbox=\"yes\" data-elementor-lightbox-slideshow=\"5f09c28\" data-elementor-lightbox-title=\"&quot;Marsz po zdrowie&quot;\" data-e-action-hash=\"#elementor-action%3Aaction%3Dlightbox%26settings%3DeyJpZCI6MTE2NzksInVybCI6Imh0dHBzOlwvXC93d3cuenNzcGFiaWFuaWNlLnBsXC93cC1jb250ZW50XC91cGxvYWRzXC8yMDI1XC8wNlwvTWFyc3otcG8temRyb3dpZS0yMDI1LTA1LmpwZyIsInNsaWRlc2hvdyI6IjVmMDljMjgifQ%3D%3D\" href='https:\/\/www.zsspabianice.pl\/wp-content\/uploads\/2025\/06\/Marsz-po-zdrowie-2025-05.jpg'><img loading=\"lazy\" decoding=\"async\" width=\"768\" height=\"576\" src=\"https:\/\/www.zsspabianice.pl\/wp-content\/uploads\/2025\/06\/Marsz-po-zdrowie-2025-05-768x576.jpg\" class=\"attachment-medium_large size-medium_large\" alt=\"\" srcset=\"https:\/\/www.zsspabianice.pl\/wp-content\/uploads\/2025\/06\/Marsz-po-zdrowie-2025-05-768x576.jpg 768w, https:\/\/www.zsspabianice.pl\/wp-content\/uploads\/2025\/06\/Marsz-po-zdrowie-2025-05-300x225.jpg 300w, https:\/\/www.zsspabianice.pl\/wp-content\/uploads\/2025\/06\/Marsz-po-zdrowie-2025-05-1024x768.jpg 1024w, https:\/\/www.zsspabianice.pl\/wp-content\/uploads\/2025\/06\/Marsz-po-zdrowie-2025-05-150x113.jpg 150w, https:\/\/www.zsspabianice.pl\/wp-content\/uploads\/2025\/06\/Marsz-po-zdrowie-2025-05-1536x1152.jpg 1536w, https:\/\/www.zsspabianice.pl\/wp-content\/uploads\/2025\/06\/Marsz-po-zdrowie-2025-05.jpg 1600w\" sizes=\"(max-width: 768px) 100vw, 768px\" \/><\/a>\n\t\t\t<\/div><\/figure><figure class='gallery-item'>\n\t\t\t<div class='gallery-icon landscape'>\n\t\t\t\t<a data-elementor-open-lightbox=\"yes\" data-elementor-lightbox-slideshow=\"5f09c28\" data-elementor-lightbox-title=\"&quot;Marsz po zdrowie&quot;\" data-e-action-hash=\"#elementor-action%3Aaction%3Dlightbox%26settings%3DeyJpZCI6MTE2ODEsInVybCI6Imh0dHBzOlwvXC93d3cuenNzcGFiaWFuaWNlLnBsXC93cC1jb250ZW50XC91cGxvYWRzXC8yMDI1XC8wNlwvTWFyc3otcG8temRyb3dpZS0yMDI1LTA3LmpwZyIsInNsaWRlc2hvdyI6IjVmMDljMjgifQ%3D%3D\" href='https:\/\/www.zsspabianice.pl\/wp-content\/uploads\/2025\/06\/Marsz-po-zdrowie-2025-07.jpg'><img loading=\"lazy\" decoding=\"async\" width=\"768\" height=\"576\" src=\"https:\/\/www.zsspabianice.pl\/wp-content\/uploads\/2025\/06\/Marsz-po-zdrowie-2025-07-768x576.jpg\" class=\"attachment-medium_large size-medium_large\" alt=\"\" srcset=\"https:\/\/www.zsspabianice.pl\/wp-content\/uploads\/2025\/06\/Marsz-po-zdrowie-2025-07-768x576.jpg 768w, https:\/\/www.zsspabianice.pl\/wp-content\/uploads\/2025\/06\/Marsz-po-zdrowie-2025-07-300x225.jpg 300w, https:\/\/www.zsspabianice.pl\/wp-content\/uploads\/2025\/06\/Marsz-po-zdrowie-2025-07-1024x768.jpg 1024w, https:\/\/www.zsspabianice.pl\/wp-content\/uploads\/2025\/06\/Marsz-po-zdrowie-2025-07-150x113.jpg 150w, https:\/\/www.zsspabianice.pl\/wp-content\/uploads\/2025\/06\/Marsz-po-zdrowie-2025-07-1536x1152.jpg 1536w, https:\/\/www.zsspabianice.pl\/wp-content\/uploads\/2025\/06\/Marsz-po-zdrowie-2025-07.jpg 1600w\" sizes=\"(max-width: 768px) 100vw, 768px\" \/><\/a>\n\t\t\t<\/div><\/figure><figure class='gallery-item'>\n\t\t\t<div class='gallery-icon landscape'>\n\t\t\t\t<a data-elementor-open-lightbox=\"yes\" data-elementor-lightbox-slideshow=\"5f09c28\" data-elementor-lightbox-title=\"&quot;Marsz po zdrowie&quot;\" data-e-action-hash=\"#elementor-action%3Aaction%3Dlightbox%26settings%3DeyJpZCI6MTE2ODAsInVybCI6Imh0dHBzOlwvXC93d3cuenNzcGFiaWFuaWNlLnBsXC93cC1jb250ZW50XC91cGxvYWRzXC8yMDI1XC8wNlwvTWFyc3otcG8temRyb3dpZS0yMDI1LTA2LmpwZyIsInNsaWRlc2hvdyI6IjVmMDljMjgifQ%3D%3D\" href='https:\/\/www.zsspabianice.pl\/wp-content\/uploads\/2025\/06\/Marsz-po-zdrowie-2025-06.jpg'><img loading=\"lazy\" decoding=\"async\" width=\"768\" height=\"576\" src=\"https:\/\/www.zsspabianice.pl\/wp-content\/uploads\/2025\/06\/Marsz-po-zdrowie-2025-06-768x576.jpg\" class=\"attachment-medium_large size-medium_large\" alt=\"\" srcset=\"https:\/\/www.zsspabianice.pl\/wp-content\/uploads\/2025\/06\/Marsz-po-zdrowie-2025-06-768x576.jpg 768w, https:\/\/www.zsspabianice.pl\/wp-content\/uploads\/2025\/06\/Marsz-po-zdrowie-2025-06-300x225.jpg 300w, https:\/\/www.zsspabianice.pl\/wp-content\/uploads\/2025\/06\/Marsz-po-zdrowie-2025-06-1024x768.jpg 1024w, https:\/\/www.zsspabianice.pl\/wp-content\/uploads\/2025\/06\/Marsz-po-zdrowie-2025-06-150x113.jpg 150w, https:\/\/www.zsspabianice.pl\/wp-content\/uploads\/2025\/06\/Marsz-po-zdrowie-2025-06-1536x1152.jpg 1536w, https:\/\/www.zsspabianice.pl\/wp-content\/uploads\/2025\/06\/Marsz-po-zdrowie-2025-06.jpg 1600w\" sizes=\"(max-width: 768px) 100vw, 768px\" \/><\/a>\n\t\t\t<\/div><\/figure>\n\t\t<\/div>\n\t\t<\/div>\n\t\t\t\t<\/div>\n\t\t\t\t<\/div>\n\t\t\t\t\t<\/div>\n\t\t<\/div>\n\t\t\t\t\t<\/div>\n\t\t<\/section>\n\t\t\t\t<\/div>\n\t\t","protected":false},"excerpt":{"rendered":"<p>W ramach realizacji programu \u201e\u017byj\u0119 zdrowo i bezpiecznie\u201d (koordynatorki: p. A. Adamska, p. E. \u0141uszcz) w naszej szkole odby\u0142y si\u0119: &#8211; zaj\u0119cia z osobami zawodowo zajmuj\u0105cymi si\u0119 aspektami zdrowia warsztaty udzielania pierwszej pomocy, spotkanie z dietetykiem, warsztaty kulinarne spotkanie z pracownikiem Stra\u017cy Miejskiej &#8222;Uzale\u017cnienia XXI wieku&#8221; zaj\u0119cia taneczne z hip-hopu spotkanie z policjantk\u0105 &#8211; bezpiecze\u0144stwo [&hellip;]<\/p>\n","protected":false},"author":1,"featured_media":0,"parent":0,"menu_order":0,"comment_status":"closed","ping_status":"closed","template":"","meta":{"footnotes":""},"class_list":["post-9997","page","type-page","status-publish","hentry"],"_links":{"self":[{"href":"https:\/\/www.zsspabianice.pl\/index.php?rest_route=\/wp\/v2\/pages\/9997","targetHints":{"allow":["GET"]}}],"collection":[{"href":"https:\/\/www.zsspabianice.pl\/index.php?rest_route=\/wp\/v2\/pages"}],"about":[{"href":"https:\/\/www.zsspabianice.pl\/index.php?rest_route=\/wp\/v2\/types\/page"}],"author":[{"embeddable":true,"href":"https:\/\/www.zsspabianice.pl\/index.php?rest_route=\/wp\/v2\/users\/1"}],"replies":[{"embeddable":true,"href":"https:\/\/www.zsspabianice.pl\/index.php?rest_route=%2Fwp%2Fv2%2Fcomments&post=9997"}],"version-history":[{"count":46,"href":"https:\/\/www.zsspabianice.pl\/index.php?rest_route=\/wp\/v2\/pages\/9997\/revisions"}],"predecessor-version":[{"id":13120,"href":"https:\/\/www.zsspabianice.pl\/index.php?rest_route=\/wp\/v2\/pages\/9997\/revisions\/13120"}],"wp:attachment":[{"href":"https:\/\/www.zsspabianice.pl\/index.php?rest_route=%2Fwp%2Fv2%2Fmedia&parent=9997"}],"curies":[{"name":"wp","href":"https:\/\/api.w.org\/{rel}","templated":true}]}}