{"id":9617,"date":"2024-09-04T05:36:50","date_gmt":"2024-09-04T05:36:50","guid":{"rendered":"https:\/\/www.zsspabianice.pl\/?page_id=9617"},"modified":"2024-09-14T15:36:45","modified_gmt":"2024-09-14T15:36:45","slug":"aktywna-tablica","status":"publish","type":"page","link":"https:\/\/www.zsspabianice.pl\/?page_id=9617","title":{"rendered":"&#8222;Aktywna tablica&#8221;"},"content":{"rendered":"<p><strong>\u201eAktywna tablica\u201d- projekt realizowany w\u00a0 ZSS nr 5 im. Marii Konopnickiej &#8211; Szko\u0142a Podstawowa nr 6 w Pabianicach, \u00a0w ramach\u00a0 Rz\u0105dowego programu rozwijania szkolnej infrastruktury oraz kompetencji uczni\u00f3w i nauczycieli w zakresie technologii informacyjno-komunikacyjnych na lata 2020-24 \u201eAktywna tablica\u201d.<\/strong><\/p>\n<p>&nbsp;<\/p>\n<p><strong>Beneficjent:\u00a0<\/strong>Powiat Pabianicki<br \/>\n<strong>Realizator zadania:<\/strong> ZSS nr 5 \u00a0w Pabianicach<\/p>\n<p>&nbsp;<\/p>\n<p><strong>Ca\u0142kowita warto\u015b\u0107 zadania:<\/strong> \u00a0\u00a0\u00a0\u00a0\u00a0\u00a0\u00a0\u00a0\u00a0\u00a0\u00a0\u00a0\u00a0\u00a0\u00a0\u00a0\u00a0\u00a0\u00a0\u00a0\u00a0\u00a0\u00a0 \u00a0\u00a0\u00a0\u00a0\u00a0\u00a0\u00a0\u00a0\u00a0\u00a0\u00a0\u00a043\u00a0738,00 z\u0142<\/p>\n<p><strong>Bud\u017cet powiatu pabianickiego:<\/strong> \u00a0\u00a0\u00a0\u00a0\u00a0\u00a0\u00a0\u00a0\u00a0\u00a0\u00a0\u00a0\u00a0\u00a0\u00a0\u00a0\u00a0\u00a0\u00a0\u00a0\u00a0\u00a0\u00a0\u00a0\u00a0\u00a0\u00a0\u00a0\u00a0 \u00a08 747,60 z\u0142<\/p>\n<p><strong>Kwota dotacji z bud\u017cetu pa\u0144stwa:<\/strong> \u00a0\u00a0\u00a0\u00a0\u00a0\u00a0\u00a0\u00a0\u00a0\u00a0\u00a0\u00a0\u00a0 \u00a0\u00a0\u00a0\u00a0\u00a0\u00a0\u00a0\u00a0\u00a0\u00a0\u00a0\u00a034 990,40 \u00a0z\u0142<\/p>\n<p>&nbsp;<\/p>\n<p><strong>Okres realizacji: \u00a0<\/strong>2023-2024 r.<\/p>\n<p><strong>Opis projektu: <\/strong><\/p>\n<p>W ramach projektu planuje si\u0119 zakup dw\u00f3ch interaktywnych monitor\u00f3w o przek\u0105tnej ekranu co najmniej 55 cali oraz laptopa wraz ze sprz\u0119tem umo\u017cliwiaj\u0105cym przetwarzanie wizerunku i\u00a0g\u0142osu udost\u0119pnionego przez ucznia lub nauczyciela w czasie rzeczywistym za po\u015brednictwem transmisji audiowizualnej.<\/p>\n<p><strong>Cel projektu:<\/strong><\/p>\n<p>Pozyskanie \u00a0interaktywnych monitor\u00f3w wraz z laptopem pozwoli na pe\u0142ne wdro\u017cenie techniki informacyjno-komunikacyjnej w nauczaniu przedmiot\u00f3w \u015bcis\u0142ych, zw\u0142aszcza matematyki. W tym przedmiocie niezb\u0119dne jest zastosowanie rozwi\u0105za\u0144, kt\u00f3re w bardzo precyzyjny spos\u00f3b pozwalaj\u0105 na przekazywanie danych oraz wykonywanie wykres\u00f3w.<\/p>\n<p>Umowa o dofinansowanie z \u015brodk\u00f3w rz\u0105dowych \u00a0podpisana przez \u0141\u00f3dzkiego Kuratora O\u015bwiaty \u00a0nr 433\/2023 z dn. 22.05.2023 r.<\/p>\n<h3 style=\"text-align: right;\"><a href=\"https:\/\/www.zsspabianice.pl\/?p=8953\">&#8222;Lekcja z tablic\u0105&#8221; &gt;&gt;&gt;&gt;<\/a><\/h3>\n<hr \/>\n<h3 style=\"text-align: left;\">Inne lekcje\/zaj\u0119cia z zastosowaniem tablicy:<\/h3>\n<ul>\n<li style=\"list-style-type: none;\">\n<ul>\n<li>\n<h3><a href=\"https:\/\/www.facebook.com\/61553467123838\/posts\/pfbid0QC8Wq5PPg6E4qWBJzwVPrqM7fnGyn1cS9eaCkpVJP7g6n9wgmr4LtEnVqmZJ8Rhel\/?app=fbl\">zaj\u0119cia rewalidacyjne kl. I-III<\/a><\/h3>\n<\/li>\n<li>\n<h3><a href=\"https:\/\/www.facebook.com\/61553467123838\/videos\/8126612650715327\/?app=fbl\">interaktywny dywan wykorzystywany w terapii SI (w ramach projektu &#8222;Aktywna tablica&#8221;<\/a><\/h3>\n<\/li>\n<\/ul>\n<\/li>\n<\/ul>\n<h3><\/h3>\n<h3><\/h3>\n<div><\/div>\n","protected":false},"excerpt":{"rendered":"<p>\u201eAktywna tablica\u201d- projekt realizowany w\u00a0 ZSS nr 5 im. Marii Konopnickiej &#8211; Szko\u0142a Podstawowa nr 6 w Pabianicach, \u00a0w ramach\u00a0 Rz\u0105dowego programu rozwijania szkolnej infrastruktury oraz kompetencji uczni\u00f3w i nauczycieli w zakresie technologii informacyjno-komunikacyjnych na lata 2020-24 \u201eAktywna tablica\u201d. &nbsp; Beneficjent:\u00a0Powiat Pabianicki Realizator zadania: ZSS nr 5 \u00a0w Pabianicach &nbsp; Ca\u0142kowita warto\u015b\u0107 zadania: \u00a0\u00a0\u00a0\u00a0\u00a0\u00a0\u00a0\u00a0\u00a0\u00a0\u00a0\u00a0\u00a0\u00a0\u00a0\u00a0\u00a0\u00a0\u00a0\u00a0\u00a0\u00a0\u00a0 \u00a0\u00a0\u00a0\u00a0\u00a0\u00a0\u00a0\u00a0\u00a0\u00a0\u00a0\u00a043\u00a0738,00 [&hellip;]<\/p>\n","protected":false},"author":1,"featured_media":0,"parent":0,"menu_order":0,"comment_status":"closed","ping_status":"closed","template":"","meta":{"footnotes":""},"class_list":["post-9617","page","type-page","status-publish","hentry"],"_links":{"self":[{"href":"https:\/\/www.zsspabianice.pl\/index.php?rest_route=\/wp\/v2\/pages\/9617","targetHints":{"allow":["GET"]}}],"collection":[{"href":"https:\/\/www.zsspabianice.pl\/index.php?rest_route=\/wp\/v2\/pages"}],"about":[{"href":"https:\/\/www.zsspabianice.pl\/index.php?rest_route=\/wp\/v2\/types\/page"}],"author":[{"embeddable":true,"href":"https:\/\/www.zsspabianice.pl\/index.php?rest_route=\/wp\/v2\/users\/1"}],"replies":[{"embeddable":true,"href":"https:\/\/www.zsspabianice.pl\/index.php?rest_route=%2Fwp%2Fv2%2Fcomments&post=9617"}],"version-history":[{"count":8,"href":"https:\/\/www.zsspabianice.pl\/index.php?rest_route=\/wp\/v2\/pages\/9617\/revisions"}],"predecessor-version":[{"id":9642,"href":"https:\/\/www.zsspabianice.pl\/index.php?rest_route=\/wp\/v2\/pages\/9617\/revisions\/9642"}],"wp:attachment":[{"href":"https:\/\/www.zsspabianice.pl\/index.php?rest_route=%2Fwp%2Fv2%2Fmedia&parent=9617"}],"curies":[{"name":"wp","href":"https:\/\/api.w.org\/{rel}","templated":true}]}}