{"id":6566,"date":"2022-06-20T21:09:11","date_gmt":"2022-06-20T21:09:11","guid":{"rendered":"http:\/\/www.zsspabianice.pl\/?page_id=6566"},"modified":"2025-02-15T17:23:26","modified_gmt":"2025-02-15T17:23:26","slug":"laboratoria-przyszlosci","status":"publish","type":"page","link":"https:\/\/www.zsspabianice.pl\/?page_id=6566","title":{"rendered":"&#8222;Laboratoria Przysz\u0142o\u015bci&#8221;"},"content":{"rendered":"<p><a href=\"https:\/\/www.gov.pl\/web\/laboratoria\"><img fetchpriority=\"high\" decoding=\"async\" class=\"alignnone size-medium wp-image-6545\" src=\"https:\/\/www.zsspabianice.pl\/wp-content\/uploads\/2022\/06\/logo-Laboratoria_Przyszlosci_poziom_kolor-300x168.png\" alt=\"\" width=\"300\" height=\"168\" srcset=\"https:\/\/www.zsspabianice.pl\/wp-content\/uploads\/2022\/06\/logo-Laboratoria_Przyszlosci_poziom_kolor-300x168.png 300w, https:\/\/www.zsspabianice.pl\/wp-content\/uploads\/2022\/06\/logo-Laboratoria_Przyszlosci_poziom_kolor-1024x575.png 1024w, https:\/\/www.zsspabianice.pl\/wp-content\/uploads\/2022\/06\/logo-Laboratoria_Przyszlosci_poziom_kolor-150x84.png 150w, https:\/\/www.zsspabianice.pl\/wp-content\/uploads\/2022\/06\/logo-Laboratoria_Przyszlosci_poziom_kolor-768x431.png 768w, https:\/\/www.zsspabianice.pl\/wp-content\/uploads\/2022\/06\/logo-Laboratoria_Przyszlosci_poziom_kolor-1536x862.png 1536w, https:\/\/www.zsspabianice.pl\/wp-content\/uploads\/2022\/06\/logo-Laboratoria_Przyszlosci_poziom_kolor-2048x1149.png 2048w\" sizes=\"(max-width: 300px) 100vw, 300px\" \/><\/a><\/p>\n<p>Misja programu: stworzenie nowoczesnej szko\u0142y, w kt\u00f3rej zaj\u0119cia b\u0119d\u0105 prowadzone w spos\u00f3b ciekawy, anga\u017cuj\u0105cy uczni\u00f3w oraz sprzyjaj\u0105cy odkrywaniu ich talent\u00f3w i rozwijaniu zainteresowa\u0144.<\/p>\n<p>Szko\u0142a Podstawowa Specjalna Nr 6 w Zespole Szk\u00f3\u0142 Specjalnych Nr 5 im. Marii Konopnickiej w Pabianicach przyst\u0105pi\u0142a do programu \u201eLaboratoria Przysz\u0142o\u015bci\u201d i otrzyma\u0142a wsparcie finansowe w wysoko\u015bci<strong> 30.000 z\u0142otych.<\/strong> Dzi\u0119ki tym \u015brodkom nasza szko\u0142a zosta\u0142a wyposa\u017cona w nowoczesny sprz\u0119t s\u0142u\u017c\u0105cy rozwijaniu w\u015br\u00f3d uczni\u00f3w kompetencji przysz\u0142o\u015bci. Sprz\u0119t zakupiony w ramach programu \u201eLaboratoria Przysz\u0142o\u015bci\u201d uatrakcyjni zaj\u0119cia szkolne i pozwoli \u00a0uczniom rozwija\u0107 swoje zainteresowania \u00a0nie tylko \u00a0w\u202framach obowi\u0105zkowych zaj\u0119\u0107 edukacyjnych,\u00a0 jak r\u00f3wnie\u017c podczas zaj\u0119\u0107 rewalidacyjnych i innych.<\/p>\n<p>&nbsp;<\/p>\n<p><strong><span style=\"color: #993366;\">Sprz\u0119t i pomoce dydaktyczne zakupione zgodnie z programem:<\/span><\/strong><\/p>\n<ol>\n<li>wyposa\u017cenie podstawowe: drukarka 3D z akcesoriami (zestaw filamentu), mikroport z akcesoriami, statyw do smartfona, aparat fotograficzny z akcesoriami, studio nagra\u0144 (o\u015bwietlenie), mikrofon kierunkowy, laptop, stacja lutownicza<\/li>\n<li>robotyka: klocki konstrukcyjne<\/li>\n<li>sprz\u0119t gospodarstwa domowego, w tym: kuchenka, urz\u0105dzenie multifunkcyjne, czajnik elektryczny bezprzewodowy, lod\u00f3wka, opiekacz, waga kuchenna oraz akcesoria kuchenne, naczynia, zastawa sto\u0142owa.<\/li>\n<\/ol>\n<p><!--more--><em>1. W ramach projektu Laboratoria Przysz\u0142o\u015bci zorganizowali\u015bmy pierwsze zaj\u0119cia z u\u017cyciem klock\u00f3w Korbo. <\/em><em>Uczniowie klasy VII i VIII tworzyli w\u0142asne konstrukcje z wybranych, okre\u015blonych wcze\u015bniej klock\u00f3w, a potem budowali wed\u0142ug s\u0142ownej instrukcji. Pocz\u0105tkowa niech\u0119\u0107 zaowocowa\u0142a kreatywnymi, wspania\u0142ymi budowlami i \u015bwietn\u0105 zabaw\u0105 przez ca\u0142e zaj\u0119cia. (zaj\u0119cia prowadzone przez p. E. Jench-Ciemnoczo\u0142owsk\u0105, p. G. Szewczyk &#8211; IX 2022)<\/em><\/p>\n<div style=\"text-align: right;\"><a href=\"https:\/\/www.zsspabianice.pl\/?page_id=1355\">GALERIA ZDJ\u0118\u0106 &#8222;LABORATORIA PRZYSZ\u0141O\u015aCI&#8221; KONSTRUKCJE &gt;&gt;&gt;<\/a><\/div>\n<div><\/div>\n<div style=\"width: 812px;\" class=\"wp-video\"><video class=\"wp-video-shortcode\" id=\"video-6566-1\" width=\"812\" height=\"457\" preload=\"metadata\" controls=\"controls\"><source type=\"video\/mp4\" src=\"https:\/\/www.zsspabianice.pl\/wp-content\/uploads\/2022\/09\/Laboratoriu-Przyszlosci-002.mp4?_=1\" \/><a href=\"https:\/\/www.zsspabianice.pl\/wp-content\/uploads\/2022\/09\/Laboratoriu-Przyszlosci-002.mp4\">https:\/\/www.zsspabianice.pl\/wp-content\/uploads\/2022\/09\/Laboratoriu-Przyszlosci-002.mp4<\/a><\/video><\/div>\n<div style=\"width: 812px;\" class=\"wp-video\"><video class=\"wp-video-shortcode\" id=\"video-6566-2\" width=\"812\" height=\"457\" preload=\"metadata\" controls=\"controls\"><source type=\"video\/mp4\" src=\"https:\/\/www.zsspabianice.pl\/wp-content\/uploads\/2022\/09\/Laboratorium-Przyszlosci-003.mp4?_=2\" \/><a href=\"https:\/\/www.zsspabianice.pl\/wp-content\/uploads\/2022\/09\/Laboratorium-Przyszlosci-003.mp4\">https:\/\/www.zsspabianice.pl\/wp-content\/uploads\/2022\/09\/Laboratorium-Przyszlosci-003.mp4<\/a><\/video><\/div>\n<p>&nbsp;<\/p>\n<p><em>2. W ramach projektu Laboratoria Przysz\u0142o\u015bci w wyposa\u017conej w nowy sprz\u0119t kuchni odby\u0142y si\u0119 zaj\u0119cia z gotowania.\u00a0 \u00a0 \u00a0 \u00a0 \u00a0 <\/em><em>Uczniowie <\/em><em>Zespo\u0142u Edukacyjnego przygotowali jesienne nale\u015bniki z jab\u0142kami. Wysz\u0142y pachn\u0105ce, z odrobin\u0105 cynamonu <\/em><em>i bardzo smaczne.\u00a0 (zaj\u0119cia prowadzone przez p. M. Brzezi\u0144sk\u0105 &#8211; X 2022)<\/em><\/p>\n<p style=\"text-align: right;\"><a href=\"https:\/\/www.zsspabianice.pl\/?page_id=1355\">GALERIA ZDJ\u0118\u0106 &#8222;LABORATORIA PRZYSZ\u0141O\u015aCI&#8221; &#8211; GOTOWANIE &gt;&gt;&gt;<\/a><\/p>\n<p><em>3.<\/em> <em>W\u00a0 Laboratorium Przysz\u0142o\u015bci pracowali uczniowie z klas V i VIII ZE.\u00a0 Klocki Korbo pomaga\u0142y zrozumie\u0107 zagadnienia z mechaniki. (zaj\u0119cia prowadzone przez p. A. Sendereck\u0105 &#8211; XI 2022)<\/em><\/p>\n<div style=\"text-align: right;\"><a href=\"https:\/\/www.zsspabianice.pl\/?page_id=1355\">GALERIA ZDJ\u0118\u0106 &#8222;LABORATORIA PRZYSZ\u0141O\u015aCI&#8221; &#8211; KONSTRUKCJE &gt;&gt;&gt;<\/a><\/div>\n<div><\/div>\n<p><em>4.<\/em> W dniu <em>13.12.2022r. w naszej szkole odby\u0142y si\u0119 &#8222;Warsztaty fotograficzne&#8221; dla uczni\u00f3w klas IV &#8211; VIII szko\u0142y podstawowej. <\/em><em>Zaj\u0119cia poprowadzi\u0142 p. Krzysztof Dumka, fotograf i operator kamery w MOK w Pabianicach. <\/em><em>Uczniowie\u00a0 uczyli si\u0119 techniki fotografowania z wykorzystaniem sprz\u0119tu z Programu &#8222;Laboratoria Przysz\u0142o\u015bci&#8221;. (koordynator &#8211; p. E. \u0141uszcz &#8211; XII 2022)<\/em><\/p>\n<p style=\"text-align: right;\"><a href=\"https:\/\/www.zsspabianice.pl\/?page_id=1355\">GALERIA ZDJ\u0118\u0106 &#8222;LABORATORIA PRZYSZ\u0141O\u015aCI&#8221; &#8211; WARSZTATY FOTOGRAFICZNE &gt;&gt;&gt;<\/a><\/p>\n<p><em>5.<\/em> <em>Kuchnia w\u00a0 Laboratorium Przysz\u0142o\u015bci to zaj\u0119cia z gotowania.\u00a0 <\/em><em>Uczniowie <\/em><em>klasy PdP przygotowali, wr\u0119cz z aptekarsk\u0105 dok\u0142adno\u015bci\u0105, produkty i upiekli przepyszne gofry. <\/em><em>\u00a0(zaj\u0119cia prowadzone przez p. M. M\u0142ynarczyk &#8211; XII 2022)<\/em><\/p>\n<p style=\"text-align: right;\"><a href=\"https:\/\/www.zsspabianice.pl\/?page_id=1355\">GALERIA ZDJ\u0118\u0106 &#8222;LABORATORIA PRZYSZ\u0141O\u015aCI&#8221; &#8211; GOTOWANIE &gt;&gt;&gt;<\/a><\/p>\n<p><em>6.<\/em> <em>W\u00a0 Laboratorium Przysz\u0142o\u015bci pracowali uczniowie z klas VIII ZE.\u00a0 Klocki Korbo sta\u0142y si\u0119 mechanicznym krajobrazem\u00a0 (zaj\u0119cia prowadzone przez p. A. Sendereck\u0105 &#8211; I 2023)<\/em><\/p>\n<div style=\"text-align: right;\"><a href=\"https:\/\/www.zsspabianice.pl\/?page_id=1355\">GALERIA ZDJ\u0118\u0106 &#8222;LABORATORIA PRZYSZ\u0141O\u015aCI&#8221; &#8211; KONSTRUKCJE &gt;&gt;&gt;<\/a><\/div>\n<p><em>7.<\/em> <em>16.02.2023r. &#8211; na &#8222;Balu Karnawa\u0142owym&#8221; do robienia zdj\u0119\u0107 wykorzystany by\u0142 sprz\u0119t zakupiony w ramach programu &#8222;Laboratoria Przysz\u0142o\u015bci&#8221;. (bal zorganizowany przez Samorz\u0105d Szkolny i opiekunki: p. A. Antczak, p. K. Chmurska &#8211; II 2023)<\/em><\/p>\n<p style=\"text-align: right;\"><a href=\"https:\/\/www.zsspabianice.pl\/?page_id=1355\">GALERIA ZDJ\u0118\u0106 &#8222;LABORATTORIA PRZYSZ\u0141O\u015aCI&#8221; &#8211; PAMI\u0104TKOWE ZDJ\u0118CIA &gt;&gt;&gt;<\/a><\/p>\n<p><em>8.<\/em> <em>Laboratorium Przysz\u0142o\u015bci to r\u00f3wnie\u017c\u00a0 projektowanie nowoczesnych wiatrak\u00f3w przez uczni\u00f3w klasy III ZE\u00a0 (zaj\u0119cia prowadzone przez p. A. Chrzanowsk\u0105 &#8211; III 2023)<\/em><\/p>\n<p style=\"text-align: right;\"><a href=\"https:\/\/www.zsspabianice.pl\/?page_id=1355\">GALERIA ZDJ\u0118\u0106 &#8222;LABORATORIA PRZYSZ\u0141O\u015aCI&#8221; &#8211; KONSTRUKCJE &gt;&gt;&gt;<\/a><\/p>\n<p>&nbsp;<\/p>\n<div style=\"width: 812px;\" class=\"wp-video\"><video class=\"wp-video-shortcode\" id=\"video-6566-3\" width=\"812\" height=\"457\" preload=\"metadata\" controls=\"controls\"><source type=\"video\/mp4\" src=\"https:\/\/www.zsspabianice.pl\/wp-content\/uploads\/2023\/04\/NOWOCZESNE-WIATRAKI.mp4?_=3\" \/><a href=\"https:\/\/www.zsspabianice.pl\/wp-content\/uploads\/2023\/04\/NOWOCZESNE-WIATRAKI.mp4\">https:\/\/www.zsspabianice.pl\/wp-content\/uploads\/2023\/04\/NOWOCZESNE-WIATRAKI.mp4<\/a><\/video><\/div>\n<p>&nbsp;<\/p>\n<p><em>9.<\/em> <em>W kuchennym Laboratorium Przysz\u0142o\u015bci uczniowie Zespo\u0142u Edukacyjnego <\/em><em>przygotowali cukini\u0119 zapiekan\u0105 z pesto w cie\u015bcie francuskim -PYCHA! <\/em><em>\u00a0 (zaj\u0119cia prowadzone przez p. M. Brzezi\u0144sk\u0105 &#8211; IV 2023)<\/em><\/p>\n<p style=\"text-align: right;\"><a href=\"https:\/\/www.zsspabianice.pl\/?page_id=1355\">GALERIA ZDJ\u0118\u0106 &#8222;LABORATORIA PRZYSZ\u0141O\u015aCI&#8221; &#8211; GOTOWANIE &gt;&gt;&gt;<\/a><\/p>\n<p><em>10. Drukujemy! \u0106wiczymy swoje umiej\u0119tno\u015bci pos\u0142ugiwania si\u0119 komputerem, w szczeg\u00f3lno\u015bci profesjonalnymi programami. (\u0107wiczenia z drukowania &#8211; IV 2023)<\/em><\/p>\n<p style=\"text-align: right;\"><a href=\"https:\/\/www.zsspabianice.pl\/?page_id=1355\">GALERIA ZDJ\u0118\u0106 &#8222;LABORATORIA PRZYSZ\u0141O\u015aCI&#8221; &#8211; DRUKOWANIE &gt;&gt;&gt;<\/a><\/p>\n<div style=\"width: 812px;\" class=\"wp-video\"><video class=\"wp-video-shortcode\" id=\"video-6566-4\" width=\"812\" height=\"457\" preload=\"metadata\" controls=\"controls\"><source type=\"video\/mp4\" src=\"https:\/\/www.zsspabianice.pl\/wp-content\/uploads\/2023\/04\/DRUKARKA-3D-1.mp4?_=4\" \/><a href=\"https:\/\/www.zsspabianice.pl\/wp-content\/uploads\/2023\/04\/DRUKARKA-3D-1.mp4\">https:\/\/www.zsspabianice.pl\/wp-content\/uploads\/2023\/04\/DRUKARKA-3D-1.mp4<\/a><\/video><\/div>\n<div style=\"width: 812px;\" class=\"wp-video\"><video class=\"wp-video-shortcode\" id=\"video-6566-5\" width=\"812\" height=\"457\" preload=\"metadata\" controls=\"controls\"><source type=\"video\/mp4\" src=\"https:\/\/www.zsspabianice.pl\/wp-content\/uploads\/2023\/04\/DRUKARKA-3D-2.mp4?_=5\" \/><a href=\"https:\/\/www.zsspabianice.pl\/wp-content\/uploads\/2023\/04\/DRUKARKA-3D-2.mp4\">https:\/\/www.zsspabianice.pl\/wp-content\/uploads\/2023\/04\/DRUKARKA-3D-2.mp4<\/a><\/video><\/div>\n<p>&nbsp;<\/p>\n<p><em>11.\u00a0Wybrali\u015bmy si\u0119 na spacer z aparatem fotograficznym w poszukiwaniu wiosny. Znale\u017ali\u015bmy dowody na to, \u017ce wiosna ju\u017c do nas przysz\u0142a \u2013 kwitn\u0105ce kwiaty i drzewa owocowe, owady, soczy\u015bcie zielon\u0105 traw\u0119 i m\u0142ode listki. Wszystko zatrzymali\u015bmy na zdj\u0119ciach. Nie wszystkie fotografie s\u0105 idealne, ale dopiero uczymy si\u0119 obs\u0142ugi aparatu. <\/em><\/p>\n<p><em>Zaj\u0119cia bardzo nam si\u0119 podoba\u0142y i ch\u0119tnie je powt\u00f3rzymy. (V 2023)<\/em><\/p>\n<p class=\"Standard\" style=\"text-align: center;\"><em>Angelika, Damian, Marcin, Micha\u0142 \u2013 uczniowie klasy VIII ZE z pani\u0105 Agnieszk\u0105 i pani\u0105 Malik\u0105<\/em><\/p>\n<p style=\"text-align: right;\"><a href=\"https:\/\/www.zsspabianice.pl\/?page_id=1355\">GALERIA ZDJ\u0118\u0106\u00a0 &#8222;LABORATORIA PRZYSZ\u0141O\u015aCI&#8221; &#8211; ZDJ\u0118CIA &gt;&gt;&gt;<\/a><\/p>\n<p><em>12.<\/em> <em>Laboratorium Przysz\u0142o\u015bci to nauka dzia\u0142ania k\u00f3\u0142 z\u0119batych (klasa VIII ZE)oraz tworzenie projekt\u00f3w robot\u00f3w (klasa III)\u00a0 \u00a0<\/em><em>(zaj\u0119cia prowadzone przez p. J. Duniec- VI 2023)<\/em><\/p>\n<p style=\"text-align: right;\"><a href=\"https:\/\/www.zsspabianice.pl\/?page_id=1355\">GALERIA ZDJ\u0118\u0106 &#8222;LABORATORIA PRZYSZ\u0141O\u015aCI&#8221; &#8211; KONSTRUKCJE &gt;&gt;&gt;<\/a><\/p>\n<p><em>13.\u00a0 13.06.2023r. odby\u0142a si\u0119 druga cz\u0119\u015b\u0107 &#8222;Warsztat\u00f3w fotograficznych&#8221; dla uczni\u00f3w klas IV &#8211; VIII szko\u0142y podstawowej. Zaj\u0119cia, po raz drugi, poprowadzi\u0142 p. Krzysztof Dumka, fotograf i operator kamery w MOK w Pabianicach. Uczniowie\u00a0 udoskonalali\u00a0techniki fotografowania z wykorzystaniem sprz\u0119tu z Programu &#8222;Laboratoria Przysz\u0142o\u015bci&#8221;. (koordynator &#8211; p. E. \u0141uszcz &#8211; VI 2023)<\/em><\/p>\n<p style=\"text-align: right;\"><a href=\"https:\/\/www.zsspabianice.pl\/?page_id=1355\">GALERIA ZDJ\u0118\u0106 &#8222;LABORATORIA PRZYSZ\u0141O\u015aCI&#8221; &#8211; WARSZTATY FOTOGRAFICZNE &gt;&gt;&gt;<\/a><\/p>\n<hr \/>\n<p>Stycze\u0144 2024r. &#8211; klasa p. M. Brzezi\u0144skiej w naszym kuchennym Laboratorium Przysz\u0142o\u015bci podj\u0119\u0142a si\u0119 przygotowania obiadu (na zdj\u0119ciach wida\u0107 pe\u0142ny profesjonalizm i w efekcie pracy &#8211; smaczny posi\u0142ek).<\/p>\n<p style=\"text-align: right;\"><a href=\"https:\/\/www.zsspabianice.pl\/?page_id=1355\">GALERIA ZDJ\u0118\u0106 &#8222;LABORATORIA PRZYSZ\u0141O\u015aCI&#8221; &#8211; GOTOWANIE &gt;&gt;&gt;<\/a><\/p>\n<hr \/>\n<p>Inne zaj\u0119cia:<\/p>\n<ul>\n<li><a href=\"https:\/\/www.facebook.com\/61553467123838\/posts\/pfbid0C86P3yY2q2PbyKywve24M8FwDRqRzgRkxut5vV1eZN2Mfwv76zjUs2ypiMDZv8wMl\/?app=fbl\"><span class=\"size\">Kreatywne \u015bniadanie przygotowane przez uczni\u00f3w klasy PdP<\/span><\/a><\/li>\n<li><a href=\"https:\/\/www.facebook.com\/61553467123838\/posts\/pfbid02SrDy4an8LGAi69sFCe52HraKyiHiqMpK4yM23PzrARScA3mnTTKLHRiUy9K3Yx3ql\/?app=fbl\">Poznanie zasad piramidy \u017cywienia przez uczni\u00f3w klas I-III\u00a0 zastosowanie<\/a><\/li>\n<li><a href=\"https:\/\/www.facebook.com\/61553467123838\/posts\/pfbid0grK4W5XWxkNZaR659x4QZJQiX57DbUa1mhE4594Le89jSxisZ7MutoyP6QjQMZEhl\/?app=fbl\">Niedzielny obiad, zgodnie z tradycj\u0105 &#8211; klasa PdP<\/a><\/li>\n<\/ul>\n<div>\n<hr \/>\n<p><em>Luty 2025r.\u00a0 &#8211;\u00a0 uczniowie klas VI ZE i III PdP korzystali z kuchennego sprz\u0119tu zakupionego w ramach programu &#8222;Laboratoria przysz\u0142o\u015bci&#8221;, w celu realizowania zadania &#8222;Na s\u0142odko lub wytrawnie&#8230;&#8221;.<\/em><\/div>\n<div><img decoding=\"async\" class=\"alignnone wp-image-10804 size-medium\" src=\"https:\/\/www.zsspabianice.pl\/wp-content\/uploads\/2025\/02\/Gotowanie-nalesniki-Kolaz-1-300x240.jpg\" alt=\"\" width=\"300\" height=\"240\" srcset=\"https:\/\/www.zsspabianice.pl\/wp-content\/uploads\/2025\/02\/Gotowanie-nalesniki-Kolaz-1-300x240.jpg 300w, https:\/\/www.zsspabianice.pl\/wp-content\/uploads\/2025\/02\/Gotowanie-nalesniki-Kolaz-1-1024x819.jpg 1024w, https:\/\/www.zsspabianice.pl\/wp-content\/uploads\/2025\/02\/Gotowanie-nalesniki-Kolaz-1-150x120.jpg 150w, https:\/\/www.zsspabianice.pl\/wp-content\/uploads\/2025\/02\/Gotowanie-nalesniki-Kolaz-1-768x614.jpg 768w, https:\/\/www.zsspabianice.pl\/wp-content\/uploads\/2025\/02\/Gotowanie-nalesniki-Kolaz-1-1536x1229.jpg 1536w, https:\/\/www.zsspabianice.pl\/wp-content\/uploads\/2025\/02\/Gotowanie-nalesniki-Kolaz-1-2048x1638.jpg 2048w\" sizes=\"(max-width: 300px) 100vw, 300px\" \/>\u00a0 \u00a0 \u00a0<img decoding=\"async\" class=\"alignnone wp-image-10805 size-medium\" src=\"https:\/\/www.zsspabianice.pl\/wp-content\/uploads\/2025\/02\/Gotowanie-nalesniki-Kolaz-2-300x240.jpg\" alt=\"\" width=\"300\" height=\"240\" srcset=\"https:\/\/www.zsspabianice.pl\/wp-content\/uploads\/2025\/02\/Gotowanie-nalesniki-Kolaz-2-300x240.jpg 300w, https:\/\/www.zsspabianice.pl\/wp-content\/uploads\/2025\/02\/Gotowanie-nalesniki-Kolaz-2-1024x819.jpg 1024w, https:\/\/www.zsspabianice.pl\/wp-content\/uploads\/2025\/02\/Gotowanie-nalesniki-Kolaz-2-150x120.jpg 150w, https:\/\/www.zsspabianice.pl\/wp-content\/uploads\/2025\/02\/Gotowanie-nalesniki-Kolaz-2-768x614.jpg 768w, https:\/\/www.zsspabianice.pl\/wp-content\/uploads\/2025\/02\/Gotowanie-nalesniki-Kolaz-2-1536x1229.jpg 1536w, https:\/\/www.zsspabianice.pl\/wp-content\/uploads\/2025\/02\/Gotowanie-nalesniki-Kolaz-2-2048x1638.jpg 2048w\" sizes=\"(max-width: 300px) 100vw, 300px\" \/>\u00a0 \u00a0\u00a0 <img loading=\"lazy\" decoding=\"async\" class=\"alignnone wp-image-10806 size-medium\" src=\"https:\/\/www.zsspabianice.pl\/wp-content\/uploads\/2025\/02\/Gotowanie-nalesniki-Kolaz-3-300x240.jpg\" alt=\"\" width=\"300\" height=\"240\" srcset=\"https:\/\/www.zsspabianice.pl\/wp-content\/uploads\/2025\/02\/Gotowanie-nalesniki-Kolaz-3-300x240.jpg 300w, https:\/\/www.zsspabianice.pl\/wp-content\/uploads\/2025\/02\/Gotowanie-nalesniki-Kolaz-3-1024x819.jpg 1024w, https:\/\/www.zsspabianice.pl\/wp-content\/uploads\/2025\/02\/Gotowanie-nalesniki-Kolaz-3-150x120.jpg 150w, https:\/\/www.zsspabianice.pl\/wp-content\/uploads\/2025\/02\/Gotowanie-nalesniki-Kolaz-3-768x614.jpg 768w, https:\/\/www.zsspabianice.pl\/wp-content\/uploads\/2025\/02\/Gotowanie-nalesniki-Kolaz-3-1536x1229.jpg 1536w, https:\/\/www.zsspabianice.pl\/wp-content\/uploads\/2025\/02\/Gotowanie-nalesniki-Kolaz-3-2048x1638.jpg 2048w\" sizes=\"(max-width: 300px) 100vw, 300px\" \/><\/div>\n<div><\/div>\n<div><img loading=\"lazy\" decoding=\"async\" class=\"alignnone wp-image-10807 size-medium\" src=\"https:\/\/www.zsspabianice.pl\/wp-content\/uploads\/2025\/02\/Gotowanie-nalesniki-Kolaz-4-300x240.jpg\" alt=\"\" width=\"300\" height=\"240\" srcset=\"https:\/\/www.zsspabianice.pl\/wp-content\/uploads\/2025\/02\/Gotowanie-nalesniki-Kolaz-4-300x240.jpg 300w, https:\/\/www.zsspabianice.pl\/wp-content\/uploads\/2025\/02\/Gotowanie-nalesniki-Kolaz-4-1024x819.jpg 1024w, https:\/\/www.zsspabianice.pl\/wp-content\/uploads\/2025\/02\/Gotowanie-nalesniki-Kolaz-4-150x120.jpg 150w, https:\/\/www.zsspabianice.pl\/wp-content\/uploads\/2025\/02\/Gotowanie-nalesniki-Kolaz-4-768x614.jpg 768w, https:\/\/www.zsspabianice.pl\/wp-content\/uploads\/2025\/02\/Gotowanie-nalesniki-Kolaz-4-1536x1229.jpg 1536w, https:\/\/www.zsspabianice.pl\/wp-content\/uploads\/2025\/02\/Gotowanie-nalesniki-Kolaz-4-2048x1638.jpg 2048w\" sizes=\"(max-width: 300px) 100vw, 300px\" \/>\u00a0 \u00a0 \u00a0<img loading=\"lazy\" decoding=\"async\" class=\"alignnone wp-image-10808 size-medium\" src=\"https:\/\/www.zsspabianice.pl\/wp-content\/uploads\/2025\/02\/Gotowanie-nalesniki-Kolaz-5-300x240.jpg\" alt=\"\" width=\"300\" height=\"240\" srcset=\"https:\/\/www.zsspabianice.pl\/wp-content\/uploads\/2025\/02\/Gotowanie-nalesniki-Kolaz-5-300x240.jpg 300w, https:\/\/www.zsspabianice.pl\/wp-content\/uploads\/2025\/02\/Gotowanie-nalesniki-Kolaz-5-1024x819.jpg 1024w, https:\/\/www.zsspabianice.pl\/wp-content\/uploads\/2025\/02\/Gotowanie-nalesniki-Kolaz-5-150x120.jpg 150w, https:\/\/www.zsspabianice.pl\/wp-content\/uploads\/2025\/02\/Gotowanie-nalesniki-Kolaz-5-768x614.jpg 768w, https:\/\/www.zsspabianice.pl\/wp-content\/uploads\/2025\/02\/Gotowanie-nalesniki-Kolaz-5-1536x1229.jpg 1536w, https:\/\/www.zsspabianice.pl\/wp-content\/uploads\/2025\/02\/Gotowanie-nalesniki-Kolaz-5-2048x1638.jpg 2048w\" sizes=\"(max-width: 300px) 100vw, 300px\" \/><\/div>\n<h3 class=\"gmail-iw gmail-gFxsud\"><\/h3>\n","protected":false},"excerpt":{"rendered":"<p>Misja programu: stworzenie nowoczesnej szko\u0142y, w kt\u00f3rej zaj\u0119cia b\u0119d\u0105 prowadzone w spos\u00f3b ciekawy, anga\u017cuj\u0105cy uczni\u00f3w oraz sprzyjaj\u0105cy odkrywaniu ich talent\u00f3w i rozwijaniu zainteresowa\u0144. Szko\u0142a Podstawowa Specjalna Nr 6 w Zespole Szk\u00f3\u0142 Specjalnych Nr 5 im. Marii Konopnickiej w Pabianicach przyst\u0105pi\u0142a do programu \u201eLaboratoria Przysz\u0142o\u015bci\u201d i otrzyma\u0142a wsparcie finansowe w wysoko\u015bci 30.000 z\u0142otych. Dzi\u0119ki tym \u015brodkom [&hellip;]<\/p>\n","protected":false},"author":1,"featured_media":0,"parent":0,"menu_order":0,"comment_status":"closed","ping_status":"closed","template":"","meta":{"footnotes":""},"class_list":["post-6566","page","type-page","status-publish","hentry"],"_links":{"self":[{"href":"https:\/\/www.zsspabianice.pl\/index.php?rest_route=\/wp\/v2\/pages\/6566","targetHints":{"allow":["GET"]}}],"collection":[{"href":"https:\/\/www.zsspabianice.pl\/index.php?rest_route=\/wp\/v2\/pages"}],"about":[{"href":"https:\/\/www.zsspabianice.pl\/index.php?rest_route=\/wp\/v2\/types\/page"}],"author":[{"embeddable":true,"href":"https:\/\/www.zsspabianice.pl\/index.php?rest_route=\/wp\/v2\/users\/1"}],"replies":[{"embeddable":true,"href":"https:\/\/www.zsspabianice.pl\/index.php?rest_route=%2Fwp%2Fv2%2Fcomments&post=6566"}],"version-history":[{"count":42,"href":"https:\/\/www.zsspabianice.pl\/index.php?rest_route=\/wp\/v2\/pages\/6566\/revisions"}],"predecessor-version":[{"id":10834,"href":"https:\/\/www.zsspabianice.pl\/index.php?rest_route=\/wp\/v2\/pages\/6566\/revisions\/10834"}],"wp:attachment":[{"href":"https:\/\/www.zsspabianice.pl\/index.php?rest_route=%2Fwp%2Fv2%2Fmedia&parent=6566"}],"curies":[{"name":"wp","href":"https:\/\/api.w.org\/{rel}","templated":true}]}}