{"id":5869,"date":"2022-03-03T17:28:24","date_gmt":"2022-03-03T17:28:24","guid":{"rendered":"http:\/\/www.zsspabianice.pl\/?page_id=5869"},"modified":"2026-03-22T20:24:49","modified_gmt":"2026-03-22T20:24:49","slug":"eko-szkola","status":"publish","type":"page","link":"https:\/\/www.zsspabianice.pl\/?page_id=5869","title":{"rendered":"Eko-Szko\u0142a"},"content":{"rendered":"<p><img decoding=\"async\" class=\"wp-image-5872 alignleft\" src=\"https:\/\/www.zsspabianice.pl\/wp-content\/uploads\/2022\/03\/eko-szkola-2022-300x300.jpg\" alt=\"\" width=\"187\" height=\"187\" srcset=\"https:\/\/www.zsspabianice.pl\/wp-content\/uploads\/2022\/03\/eko-szkola-2022-300x300.jpg 300w, https:\/\/www.zsspabianice.pl\/wp-content\/uploads\/2022\/03\/eko-szkola-2022-1024x1024.jpg 1024w, https:\/\/www.zsspabianice.pl\/wp-content\/uploads\/2022\/03\/eko-szkola-2022-150x150.jpg 150w, https:\/\/www.zsspabianice.pl\/wp-content\/uploads\/2022\/03\/eko-szkola-2022-768x768.jpg 768w, https:\/\/www.zsspabianice.pl\/wp-content\/uploads\/2022\/03\/eko-szkola-2022.jpg 1080w\" sizes=\"(max-width: 187px) 100vw, 187px\" \/><strong style=\"color: #333399;\">W bie\u017c\u0105cym roku szkolnym nasza szko\u0142a uczestniczy w og\u00f3lnopolskim projekcie \u201eEko\u2013Szko\u0142a 2022\u201d.<\/strong><\/p>\n<p><span style=\"color: #333399;\">Jeste\u015bmy ekologiczn\u0105 plac\u00f3wk\u0105, kt\u00f3ra chce promowa\u0107 dzia\u0142ania na rzecz ochrony \u015brodowiska przyrodniczego.<\/span><\/p>\n<p><span style=\"color: #333399;\">Jego warunki wp\u0142ywaj\u0105 na nasze \u017cycie i zdrowie.<\/span><\/p>\n<p><span style=\"color: #333399;\">Realizuj\u0105c poszczeg\u00f3lne dzia\u0142ania wynikaj\u0105ce z projektu\u00a0 upowszechniamy edukacj\u0119 ekologiczn\u0105 uczni\u00f3w i pracownik\u00f3w oraz d\u0105\u017cymy do\u00a0 zwi\u0119kszenia jej jako\u015bci i skuteczno\u015bci. Anga\u017cujemy uczni\u00f3w w proces edukacji o ekologii oraz rozbudzamy w nich potrzeb\u0119 podejmowania dzia\u0142a\u0144 na rzecz zdrowego \u015brodowiska.<\/span><\/p>\n<p><span style=\"color: #008000;\">W I p\u00f3\u0142roczu Nasi uczniowie przygotowali:<\/span><\/p>\n<p><span style=\"color: #008000;\">\u00b7\u00a0\u00a0\u00a0\u00a0\u00a0 Plakaty o segregacji odpad\u00f3w\u00a0<\/span><\/p>\n<p><span style=\"color: #008000;\">.\u00a0 \u00a0 \u00a0 Plakat edukacyjny \u201eGatunki zwierz\u0105t zagro\u017cone wygini\u0119ciem\u201d<\/span><\/p>\n<p><span style=\"color: #008000;\">\u00b7\u00a0 \u00a0 \u00a0 <\/span><span style=\"color: #008000;\">Prace do Konkursu \u201eZwierzaki &#8211; cudaki\u201d. Szkolna wystawa prac<\/span><\/p>\n<p><span style=\"color: #008000;\">.\u00a0 \u00a0 \u00a0 Karmnik &#8211; uczniowie klasy 7 szko\u0142y podstawowej.<\/span><\/p>\n<p><span style=\"color: #008000;\">\u00b7\u00a0 \u00a0 \u00a0 Butelki ekologiczne<\/span><\/p>\n<p><span style=\"color: #008000;\">\u00b7\u00a0\u00a0\u00a0\u00a0 <\/span><span style=\"color: #008000;\">\u00a0Eko &#8211; stroik &#8211; ozdoby wykonane z suszonych owoc\u00f3w cytrusowych<\/span><\/p>\n<p><span style=\"color: #008000;\">\u00b7\u00a0 \u00a0 \u00a0 \u00a0<\/span><span style=\"color: #008000;\">\u00a0Gazetk\u0119 na korytarzu szkolnym &#8211; torby ekologiczne.<\/span><\/p>\n<p><span style=\"color: #008000;\">\u00b7\u00a0 \u00a0 \u00a0 \u00a0 <\/span>Zbi\u00f3rk\u0119 karmy dla zwierz\u0105t z pabianickiego schroniska, pt \u201ePaka dla zwierzaka\u201d, zako\u0144czona przekazaniem karmy przez klas\u0119 III\u00a0 \u00a0 \u00a0 \u00a0 \u00a0 \u00a0 \u00a0 \u00a0 \u00a0 \u00a0 \u00a0 \u00a0szko\u0142y\u00a0 podstawowej<\/p>\n<p><span style=\"color: #008000;\">\u00b7\u00a0\u00a0\u00a0\u00a0\u00a0\u00a0\u00a0 Nasi uczniowie wzi\u0119li r\u00f3wnie\u017c udzia\u0142 w warsztatach o tematyce picia wody z kranu prowadzone przez pracownik\u00f3w \u201eZWIK\u201d<\/span><\/p>\n<p><span style=\"color: #008000;\">\u00a0 \u00a0 \u00a0 \u00a0 \u00a0 A to jeszcze nie koniec&#8230; Mamy mn\u00f3stwo kolejnych pomys\u0142\u00f3w:<\/span><\/p>\n<p><span style=\"color: #008000;\">\u00b7\u00a0\u00a0\u00a0\u00a0\u00a0 <\/span><span style=\"color: #008000;\">\u00a0 <span style=\"color: #000080;\"><a href=\"https:\/\/www.zsspabianice.pl\/?p=5821\"><span style=\"color: #333399;\"><strong><em>Informacje o \u017cyciu pszcz\u00f3\u0142<\/em><\/strong><\/span><\/a>\u00a0<\/span><\/span>\u00a0(Zapraszamy do zapoznania si\u0119 z ciekawymi informacjami na temat pszcz\u00f3\u0142. <a href=\"https:\/\/www.zsspabianice.pl\/wp-content\/uploads\/2022\/05\/Kilka_slow_na_temat_pszczol.pdf\">(kliknij, aby otworzy\u0107)<\/a>\u00a0 \u00a0 \u00a0 \u00a0 \u00a0 \u00a0 \u00a0 \u00a0 \u00a0 \u00a0 \u00a0 \u00a0 \u00a0 \u00a0 \u00a0 \u00a0 \u00a0 \u00a0 \u00a0 \u00a0 \u00a0 \u00a0 \u00a0 \u00a0 \u00a0 \u00a0 \u00a0 \u00a0 \u00a0 \u00a0 \u00a0 \u00a0 \u00a0 \u00a0 \u00a0 \u00a0 \u00a0 \u00a0 \u00a0Poznajcie te\u017c niebezpiecze\u0144stwa i zagro\u017cenia dla przyrody: <a href=\"https:\/\/www.zsspabianice.pl\/wp-content\/uploads\/2022\/05\/e-book.pdf\">E-BOOK)<\/a><\/p>\n<p><span style=\"color: #008000;\">\u00b7<\/span>\u00a0 \u00a0 \u00a0 \u00a0 <a href=\"https:\/\/www.zsspabianice.pl\/wp-content\/uploads\/2022\/05\/e-book.pdf\"><span style=\"color: #333399;\"><strong><em>Niebezpiecze\u0144stwa i zagro\u017cenia dla przyrody z XXI w.<\/em><\/strong> <em><strong>(e-book)<\/strong><\/em><\/span><\/a><\/p>\n<p>.\u00a0 \u00a0 \u00a0 \u00a0<strong><span style=\"color: #333399;\"><em><a style=\"color: #333399;\" href=\"https:\/\/www.zsspabianice.pl\/?p=5971\">Wiosenne prace &#8211; obserwacja przyrodnicza<\/a><\/em><\/span><\/strong>\u00a0 (W ramach projektu \u201eEKO-SZKO\u0141A\u201d rozpocz\u0119li\u015bmy prace w ogr\u00f3dku.\u00a0 \u00a0 \u00a0 \u00a0 \u00a0 \u00a0 \u00a0 \u00a0 \u00a0 \u00a0 \u00a0 \u00a0 \u00a0Siali\u015bmy i sadzili\u015bmy zio\u0142a oraz warzywa w skrzyniach.\u00a0 Zacz\u0119li\u015bmy w 1. dzie\u0144 wiosny.)<\/p>\n<p><span style=\"color: #008000;\"><span style=\"color: #000080;\">\u00b7\u00a0\u00a0\u00a0\u00a0\u00a0\u00a0\u00a0 <span style=\"color: #333399;\"><em><strong><a style=\"color: #333399;\" href=\"https:\/\/www.zsspabianice.pl\/wp-content\/uploads\/2022\/04\/Dzien-Ziemi-broszura.pdf\">Broszura &#8222;\u015awiatowy Dzie\u0144 Ziemi&#8221;<\/a><\/strong><\/em><\/span><\/span><\/span><\/p>\n<p>.\u00a0 \u00a0 \u00a0 \u00a0<span style=\"color: #333399;\"><a style=\"color: #333399;\" href=\"https:\/\/www.zsspabianice.pl\/?p=6037\"><strong><em>Konkurs na plakat &#8222;Ocalmy nasz\u0105 Planet\u0119&#8221;<\/em><\/strong><\/a><\/span><\/p>\n<p style=\"text-align: left;\">.\u00a0 \u00a0 \u00a0 <em><strong><span style=\"color: #000080;\">\u00a0<\/span><\/strong><\/em><a href=\"https:\/\/www.zsspabianice.pl\/?page_id=1355\"><em><strong><span style=\"color: #000080;\"><span style=\"color: #333399;\">Zaj\u0119cia terenowe &#8222;Grabia &#8211; Natura 2000&#8221; <\/span><\/span><\/strong><\/em><\/a>\u00a0(Zaj\u0119ciach terenowe w obszarze chronionego krajobrazu nad rzek\u0105 Grabi\u0105<\/p>\n<p>\u00a0 \u00a0 \u00a0 \u00a0 \u00a0 \u00a0 \u2013 Natura 2000. Celem zaj\u0119\u0107 by\u0142o uwra\u017cliwienie na pi\u0119kno przyrody.\u00a0 W stadninie\u00a0 Kolonia Ldza\u0144 poznali\u015bmy \u017cycie koni, ich\u00a0 \u00a0 \u00a0 \u00a0 \u00a0 \u00a0 \u00a0 \u00a0 \u00a0 \u00a0 \u00a0 \u00a0 \u00a0 \u00a0 \u00a0 \u00a0zachowanie, budow\u0119, ruch oraz sprz\u0119t je\u017adziecki, jego zastosowanie. Zaj\u0119cia zawiera\u0142y elementy hipoterapii.)<b><i> <\/i><\/b><\/p>\n<p>.\u00a0 \u00a0 \u00a0 <a href=\"https:\/\/www.zsspabianice.pl\/?page_id=1355\"><span style=\"color: #333399;\"><em><strong>Eko moda<\/strong><\/em><\/span><\/a><\/p>\n<p><img fetchpriority=\"high\" decoding=\"async\" class=\"aligncenter\" src=\"https:\/\/www.zsspabianice.pl\/wp-content\/uploads\/2022\/10\/Eko-szkola-scaled.jpg\" width=\"397\" height=\"303\" \/><\/p>\n<p style=\"text-align: right;\"><a href=\"https:\/\/www.zsspabianice.pl\/?page_id=1355\"><strong>Zapraszamy do galerii &#8222;Projekt Eko-Szko\u0142a&#8221;&gt;&gt;&gt;<\/strong><\/a><\/p>\n<p>&nbsp;<\/p>\n","protected":false},"excerpt":{"rendered":"<p>W bie\u017c\u0105cym roku szkolnym nasza szko\u0142a uczestniczy w og\u00f3lnopolskim projekcie \u201eEko\u2013Szko\u0142a 2022\u201d. Jeste\u015bmy ekologiczn\u0105 plac\u00f3wk\u0105, kt\u00f3ra chce promowa\u0107 dzia\u0142ania na rzecz ochrony \u015brodowiska przyrodniczego. Jego warunki wp\u0142ywaj\u0105 na nasze \u017cycie i zdrowie. Realizuj\u0105c poszczeg\u00f3lne dzia\u0142ania wynikaj\u0105ce z projektu\u00a0 upowszechniamy edukacj\u0119 ekologiczn\u0105 uczni\u00f3w i pracownik\u00f3w oraz d\u0105\u017cymy do\u00a0 zwi\u0119kszenia jej jako\u015bci i skuteczno\u015bci. Anga\u017cujemy uczni\u00f3w w [&hellip;]<\/p>\n","protected":false},"author":1,"featured_media":0,"parent":0,"menu_order":0,"comment_status":"closed","ping_status":"closed","template":"","meta":{"footnotes":""},"class_list":["post-5869","page","type-page","status-publish","hentry"],"_links":{"self":[{"href":"https:\/\/www.zsspabianice.pl\/index.php?rest_route=\/wp\/v2\/pages\/5869","targetHints":{"allow":["GET"]}}],"collection":[{"href":"https:\/\/www.zsspabianice.pl\/index.php?rest_route=\/wp\/v2\/pages"}],"about":[{"href":"https:\/\/www.zsspabianice.pl\/index.php?rest_route=\/wp\/v2\/types\/page"}],"author":[{"embeddable":true,"href":"https:\/\/www.zsspabianice.pl\/index.php?rest_route=\/wp\/v2\/users\/1"}],"replies":[{"embeddable":true,"href":"https:\/\/www.zsspabianice.pl\/index.php?rest_route=%2Fwp%2Fv2%2Fcomments&post=5869"}],"version-history":[{"count":49,"href":"https:\/\/www.zsspabianice.pl\/index.php?rest_route=\/wp\/v2\/pages\/5869\/revisions"}],"predecessor-version":[{"id":13118,"href":"https:\/\/www.zsspabianice.pl\/index.php?rest_route=\/wp\/v2\/pages\/5869\/revisions\/13118"}],"wp:attachment":[{"href":"https:\/\/www.zsspabianice.pl\/index.php?rest_route=%2Fwp%2Fv2%2Fmedia&parent=5869"}],"curies":[{"name":"wp","href":"https:\/\/api.w.org\/{rel}","templated":true}]}}