{"id":2807,"date":"2022-01-03T17:18:56","date_gmt":"2022-01-03T17:18:56","guid":{"rendered":"http:\/\/www.zsspabianice.pl\/?page_id=2807"},"modified":"2024-10-10T15:39:18","modified_gmt":"2024-10-10T15:39:18","slug":"zglaszanie-naruszen-prawa-unii-europejskiej","status":"publish","type":"page","link":"https:\/\/www.zsspabianice.pl\/?page_id=2807","title":{"rendered":"Zg\u0142aszanie narusze\u0144 prawa Unii Europejskiej"},"content":{"rendered":"\t\t<div data-elementor-type=\"wp-page\" data-elementor-id=\"2807\" class=\"elementor elementor-2807\">\n\t\t\t\t\t\t<section class=\"elementor-section elementor-top-section elementor-element elementor-element-2cb080bf elementor-section-boxed elementor-section-height-default elementor-section-height-default\" data-id=\"2cb080bf\" data-element_type=\"section\">\n\t\t\t\t\t\t<div class=\"elementor-container elementor-column-gap-default\">\n\t\t\t\t\t<div class=\"elementor-column elementor-col-100 elementor-top-column elementor-element elementor-element-21b4a174\" data-id=\"21b4a174\" data-element_type=\"column\">\n\t\t\t<div class=\"elementor-widget-wrap elementor-element-populated\">\n\t\t\t\t\t\t<div class=\"elementor-element elementor-element-44f5ddf9 elementor-widget elementor-widget-text-editor\" data-id=\"44f5ddf9\" data-element_type=\"widget\" data-widget_type=\"text-editor.default\">\n\t\t\t\t<div class=\"elementor-widget-container\">\n\t\t\t<style>\/*! elementor - v3.20.0 - 13-03-2024 *\/\n.elementor-widget-text-editor.elementor-drop-cap-view-stacked .elementor-drop-cap{background-color:#69727d;color:#fff}.elementor-widget-text-editor.elementor-drop-cap-view-framed .elementor-drop-cap{color:#69727d;border:3px solid;background-color:transparent}.elementor-widget-text-editor:not(.elementor-drop-cap-view-default) .elementor-drop-cap{margin-top:8px}.elementor-widget-text-editor:not(.elementor-drop-cap-view-default) .elementor-drop-cap-letter{width:1em;height:1em}.elementor-widget-text-editor .elementor-drop-cap{float:left;text-align:center;line-height:1;font-size:50px}.elementor-widget-text-editor .elementor-drop-cap-letter{display:inline-block}<\/style>\t\t\t\t<h4 style=\"text-align: center;\"><strong>Informacje o dokonywaniu zg\u0142osze\u0144 nieprawid\u0142owo\u015bci prawa<\/strong><strong> przez Sygnalist\u0119<\/strong><\/h4><p><strong>\u00a0<\/strong><\/p><p><strong>\u201eSygnalista\u201d to<\/strong> osoba fizyczna, kt\u00f3ra zg\u0142asza (sygnalizuje) lub ujawnia informacje na temat narusze\u0144, uzyskane w kontek\u015bcie zwi\u0105zanym z wykonywan\u0105 przez ni\u0105 prac\u0105 lub w\u00a0 \u015brodowisku zawodowym.<\/p><p><strong>Zg\u0142oszenia mog\u0105 by\u0107 realizowane w szczeg\u00f3lno\u015bci przez:<\/strong> pracownika, tak\u017ce w przypadku, gdy stosunek pracy ju\u017c usta\u0142, osoby ubiegaj\u0105cej si\u0119 o zatrudnienie, kt\u00f3ra uzyska\u0142a informacj\u0119 o naruszeniu prawa w procesie rekrutacji lub negocjacji poprzedzaj\u0105cych zawarcie umowy, osoby \u015bwiadcz\u0105cej prac\u0119 na innej podstawie ni\u017c stosunek pracy, w tym na podstawie umowy cywilnoprawnej, przedsi\u0119biorcy, akcjonariusza lub wsp\u00f3lnika, cz\u0142onka organu osoby prawnej, osoby \u015bwiadcz\u0105cej prac\u0119 pod nadzorem i kierownictwem wykonawcy, podwykonawcy lub dostawcy, w tym na podstawie umowy cywilnoprawnej, sta\u017cysty, wolontariusza, petenta, klienta. Sygnalista zg\u0142asza informacje, w tym uzasadnione podejrzenie, dotycz\u0105ce zaistnia\u0142ych lub potencjalnych narusze\u0144, do kt\u00f3rych dosz\u0142o lub prawdopodobnie dojdzie w organizacji, w kt\u00f3rej osoba zg\u0142aszaj\u0105ca pracuje, pracowa\u0142a lub utrzymuje inne relacje zawodowe. \u00a0<\/p><p>Sygnalista dzia\u0142a w dobrej wierze, czyli w oparciu o fakty i inne obiektywne informacje, sk\u0142adanie fa\u0142szywych zawiadomie\u0144 o charakterze pom\u00f3wienia jest karane zgodnie <strong>z art. 212 Kodeksu karnego:<\/strong><\/p><ul><li><em> 1. Kto pomawia inn\u0105 osob\u0119, grup\u0119 os\u00f3b, instytucj\u0119, osob\u0119 prawn\u0105 lub jednostk\u0119 organizacyjn\u0105 niemaj\u0105c\u0105 osobowo\u015bci prawnej o takie post\u0119powanie lub w\u0142a\u015bciwo\u015bci, kt\u00f3re mog\u0105 poni\u017cy\u0107 j\u0105 w opinii publicznej lub narazi\u0107 na utrat\u0119 zaufania potrzebnego dla danego stanowiska, zawodu lub rodzaju dzia\u0142alno\u015bci, podlega grzywnie albo karze ograniczenia wolno\u015bci.<\/em><\/li><li><em> 2. Je\u017celi sprawca dopuszcza si\u0119 czynu okre\u015blonego w \u00a7 1 za pomoc\u0105 \u015brodk\u00f3w masowego komunikowania, podlega grzywnie, karze ograniczenia wolno\u015bci albo pozbawienia wolno\u015bci do roku.<\/em><\/li><\/ul><p><em>oraz<\/em><\/p><p><strong>art.\u00a0 57\u00a0Ustawy z dnia 14 czerwca 2024 r. o ochronie sygnalist\u00f3w (Dz.U. z dnia 24 czerwca 2024 r. poz. 928):<\/strong><\/p><p><em>Kto dokonuje zg\u0142oszenia lub ujawnienia publicznego, wiedz\u0105c, \u017ce do naruszenia prawa nie dosz\u0142o,<\/em> <em>podlega grzywnie, karze ograniczenia wolno\u015bci albo pozbawienia wolno\u015bci do lat 2.<\/em><\/p><p><em>\u00a0<\/em><\/p><p><strong>Zakres przedmiotowy dokonywanego zg\u0142oszenia:<\/strong><\/p><p>Zg\u0142aszanie narusze\u0144 prawa Unii Europejskiej za pomoc\u0105 dedykowanego kana\u0142u zg\u0142osze\u0144 mo\u017ce dotyczy\u0107 tylko obszar\u00f3w okre\u015blonych w Dyrektywie Parlamentu Europejskiego I Rady (UE) 2019\/1937 z dnia 23 pa\u017adziernika 2019 r. w sprawie ochrony os\u00f3b zg\u0142aszaj\u0105cych naruszenia prawa Unii, Dz.U.UE.L.2019.305.17 oraz art.\u00a0 3 ustawy z dnia 14 czerwca 2024 r. o ochronie sygnalist\u00f3w (Dz.U. z dnia 24 czerwca 2024 r. poz. 928 ze zm.).<\/p><p><strong>Zg\u0142oszenie mo\u017ce dotyczy\u0107 naruszenia prawa, kt\u00f3re jest dzia\u0142aniem lub zaniechaniem niezgodnym z prawem lub maj\u0105ce na celu obej\u015bcie prawa o kt\u00f3rym mowa w ustawie<\/strong>. <strong>Przedmiotem zg\u0142oszenia mog\u0105 by\u0107 w szczeg\u00f3lno\u015bci:<\/strong><\/p><p>1) korupcji;<\/p><p>2) zam\u00f3wie\u0144 publicznych;<\/p><p>3) us\u0142ug, produkt\u00f3w i rynk\u00f3w finansowych;<\/p><p>4) przeciwdzia\u0142ania praniu pieni\u0119dzy oraz finansowaniu terroryzmu;<\/p><p>5) bezpiecze\u0144stwa produkt\u00f3w i ich zgodno\u015bci z wymogami;<\/p><p>6) bezpiecze\u0144stwa transportu;<\/p><p>7) ochrony \u015brodowiska;<\/p><p>8) ochrony radiologicznej i bezpiecze\u0144stwa j\u0105drowego;<\/p><p>9) bezpiecze\u0144stwa \u017cywno\u015bci i pasz;<\/p><p>10) zdrowia i dobrostanu zwierz\u0105t;<\/p><p>11) zdrowia publicznego;<\/p><p>12) ochrony konsument\u00f3w;<\/p><p>13) ochrony prywatno\u015bci i danych osobowych;<\/p><p>14) bezpiecze\u0144stwa sieci i system\u00f3w teleinformatycznych;<\/p><p>15) interes\u00f3w finansowych Skarbu Pa\u0144stwa Rzeczypospolitej Polskiej, jednostki samorz\u0105du terytorialnego oraz Unii Europejskiej;<\/p><p>16) rynku wewn\u0119trznego Unii Europejskiej, w tym publicznoprawnych zasad konkurencji i pomocy pa\u0144stwa oraz opodatkowania os\u00f3b prawnych;<\/p><p>17) konstytucyjnych wolno\u015bci i praw cz\u0142owieka i obywatela &#8211; wyst\u0119puj\u0105ce w stosunkach jednostki z organami w\u0142adzy publicznej i niezwi\u0105zane z dziedzinami wskaz. w pkt.1-16.<\/p><p><strong>Upowa\u017cniona osoba odpowiedzialna za przyjmowanie zg\u0142osze\u0144<\/strong><\/p><p>Podmiot upowa\u017cni\u0142 do kontaktu w sprawie przyjmowanych zg\u0142osze\u0144 naruszenia prawa Unii Europejskiej w zakresie wskazanym w dyrektywie i ustawie Koordynatora ds. przyjmowania zg\u0142osze\u0144, z kt\u00f3rym mo\u017cna skontaktowa\u0107 si\u0119 telefonicznie pod numerem (+48)\u00a0693337954. Do zakresu zada\u0144 osoby odpowiedzialnej za przyjmowanie zg\u0142osze\u0144 nale\u017cy: wst\u0119pna weryfikacja zasadno\u015bci zg\u0142oszenia, komunikacja z osob\u0105 dokonuj\u0105c\u0105 zg\u0142oszenia zgodnie z wymogami okre\u015blonymi przez dyrektyw\u0119 i ustaw\u0119 implementuj\u0105c\u0105, komunikowanie si\u0119 z osob\u0105 dokonuj\u0105c\u0105 zg\u0142oszenia oraz monitorowanie systemu zg\u0142osze\u0144 dokonywanych przez Sygnalist\u00f3w a tak\u017ce komunikacja z zespo\u0142em rozpatruj\u0105cym zg\u0142oszenie zgodnie z wymogami okre\u015blonymi przez dyrektyw\u0119 i ustaw\u0119. Zg\u0142oszenia anonimowe mog\u0105 nie zosta\u0107 rozpatrzone i powinny by\u0107 podpisane danymi osobowymi zg\u0142aszaj\u0105cego zgodnie z wewn\u0119trznym regulaminem jednostki. W celu skutecznego podj\u0119cia dzia\u0142a\u0144 nast\u0119pczych oraz u\u0142atwienia w przekazaniu informacji zwrotnej Sygnalista mo\u017ce poda\u0107 adres zwrotny do kontaktu.<\/p><p><strong>Jak z\u0142o\u017cy\u0107 skarg\u0119?<\/strong><\/p><ul><li><strong>za pomoc\u0105 dedykowanego adresu strony do zg\u0142aszania narusze\u0144 prawa i <\/strong><strong>systemu teleinformatycznego do przyjmowania zg\u0142osze\u0144, kt\u00f3ry zapewnia bezpiecze\u0144stwo zg\u0142oszenia w tym jego poufno\u015bci i anonimowo\u015b\u0107 \u2013 aby dokona\u0107 zg\u0142oszenia nale\u017cy klikn\u0105\u0107 w hiper\u0142\u0105cze umieszczone poni\u017cej wtedy zostaniecie Pa\u0144stwo przekierowani do dedykowanej strony kana\u0142u do przyjmowania zg\u0142oszenia gdzie mo\u017cna nale\u017cy wype\u0142ni\u0107 i wys\u0142a\u0107 dedykowany formularz i doda\u0107 ewentualne za\u0142\u0105czniki, prosz\u0119 pami\u0119ta\u0107 by w tre\u015bci formularza okre\u015bli\u0107 podstawowe dane podmiotu, kt\u00f3rego zg\u0142oszenie dotyczy oraz dane osoby zg\u0142aszaj\u0105cej:<\/strong><\/li><\/ul><p style=\"text-align: center;\"><a href=\"https:\/\/app.sygnanet.pl\/Synergia\/pl\">https:\/\/app.sygnanet.pl\/Synergia\/pl<\/a><\/p><p><strong>\u00a0<\/strong><\/p><ul><li><strong>poprzez skierowanie pisemnego zg\u0142oszenia przekazanego osobi\u015bcie wyznaczonej i <\/strong><strong>odpowiedzialnej za przyjmowanie zg\u0142osze\u0144 osobie, w<\/strong><strong> rozs\u0105dnym terminie<\/strong> <strong>po wcze\u015bniejszym jego ustaleniu drog\u0105 telefoniczn\u0105 tel.: (+48) 693-337-954 \u2013 <\/strong><a href=\"https:\/\/www.zsspabianice.pl\/wp-content\/uploads\/2024\/10\/FORMULARZ-DLA-ZGLOSZENIA-W-FORMIE-INNEJ-NIZ-ZA-POMOCA-DEDYKOWANEJ-PLATFORMY-ZGLOSZEN.docx\">wz\u00f3r zg\u0142oszenia do pobrania <\/a><\/li><\/ul><p><strong>\u00a0<\/strong><\/p><ul><li><strong>listownie na adres jednostki w zamkni\u0119tej kopercie opatrzonej napisem \u201epoufne \u2013 zg\u0142oszenie nieprawid\u0142owo\u015bci w zakresie ustawy i Dyrektywy Parlamentu Europejskiego i Rady (UE) 2019\/1937 w sprawie ochrony os\u00f3b zg\u0142aszaj\u0105cych naruszenia prawa Unii\u201d, umieszczonej w kolejnej zamkni\u0119tej kopercie opatrzonej klauzul\u0105 \u201epoufne \u2013 zg\u0142oszenie nieprawid\u0142owo\u015bci prawa\u201d.<\/strong><\/li><\/ul><p><strong>\u00a0<\/strong><\/p><ul><li><strong>ustnie &#8211; zg\u0142oszenie ustne mo\u017ce by\u0107 dokonane telefonicznie lub za po\u015brednictwem \u015brodk\u00f3w komunikacji elektronicznej w rozumieniu art. 2 pkt 5 ustawy z dnia 18 lipca 2002 r. o \u015bwiadczeniu us\u0142ug drog\u0105 elektroniczn\u0105 (Dz. U. z 2020 r. poz. 344 ze zm.) lub w formie protoko\u0142u rozmowy zgodnie z art. 26 <\/strong><strong>ustawy z dnia 14 czerwca 2024 r. o ochronie sygnalist\u00f3w.<\/strong><\/li><\/ul><p><strong>Sygnali\u015bci w Polsce s\u0105 chronieni<\/strong> na mocy ustawy z dnia 14 czerwca 2024 r. o ochronie sygnalist\u00f3w, dyrektywy o ochronie sygnalist\u00f3w oraz wewn\u0119trznych akt\u00f3w normatywnych takich. Dedykowany kana\u0142 dla zg\u0142osze\u0144 elektronicznych &#8211; to szyfrowana platforma do przyjmowania zg\u0142osze\u0144 o nieprawid\u0142owo\u015bciach i zarz\u0105dzania nimi. Narz\u0119dzie jest ca\u0142kowicie anonimowe a dane przechowywane na serwerze s\u0105 zaszyfrowane. System jest zgodny min. z: Dyrektyw\u0105 o sygnalistach UE, ustaw\u0105 o\u00a0ochronie sygnalist\u00f3w, og\u00f3lnym rozporz\u0105dzeniem o ochronie danych osobowych &#8211; RODO, ustaw\u0105 o\u00a0przeciwdzia\u0142aniu praniu pieni\u0119dzy oraz finansowaniu terroryzmu.<\/p><p><strong>Pliki do pobrania <\/strong><\/p><ul><li><strong>og\u00f3lna klauzula informacyjna przetwarzania danych osobowych dla osoby dokonuj\u0105cej zg\u0142oszenia tzw. \u201eSygnalisty\u201d &#8211; <\/strong><a href=\"https:\/\/www.zsspabianice.pl\/wp-content\/uploads\/2024\/10\/Klauzula-informacyjna-Dyrektywa-o-ochronie-Sygnalistow_24.pdf\"><em>do pobrania <\/em><\/a><\/li><li><strong>wz\u00f3r formularza dla zg\u0142oszenia w wersji papierowej lub jako za\u0142\u0105cznik do zg\u0142oszenia online \u2013 <\/strong><a href=\"https:\/\/www.zsspabianice.pl\/wp-content\/uploads\/2024\/10\/FORMULARZ-DLA-ZGLOSZENIA-W-FORMIE-INNEJ-NIZ-ZA-POMOCA-DEDYKOWANEJ-PLATFORMY-ZGLOSZEN.docx\"><em>do pobrania <\/em><\/a><\/li><\/ul><div>\u00a0<\/div><div style=\"text-align: left;\"><a href=\"https:\/\/www.zsspabianice.pl\/wp-content\/uploads\/2024\/10\/wzor_procedury_wewnetrznej_przyjmowania_zgloszen_Sygnalistow_TW_2024.docx\">PROCEDURA ZG\u0141ASZANIA NARUSZE\u0143 PRAWA I PODEJMOWANIA DZIA\u0141A\u0143 NAST\u0118PCZYCH OBOWI\u0104ZUJ\u0104CA W ZESPOLE SZK\u00d3\u0141 SPECJALNYCH NR 5 W PABIANICACH<\/a> <\/div><div><p style=\"text-align: center;\">\u00a0<\/p><\/div>\t\t\t\t\t\t<\/div>\n\t\t\t\t<\/div>\n\t\t\t\t\t<\/div>\n\t\t<\/div>\n\t\t\t\t\t<\/div>\n\t\t<\/section>\n\t\t\t\t<\/div>\n\t\t","protected":false},"excerpt":{"rendered":"<p>Informacje o dokonywaniu zg\u0142osze\u0144 nieprawid\u0142owo\u015bci prawa przez Sygnalist\u0119 \u00a0 \u201eSygnalista\u201d to osoba fizyczna, kt\u00f3ra zg\u0142asza (sygnalizuje) lub ujawnia informacje na temat narusze\u0144, uzyskane w kontek\u015bcie zwi\u0105zanym z wykonywan\u0105 przez ni\u0105 prac\u0105 lub w\u00a0 \u015brodowisku zawodowym. Zg\u0142oszenia mog\u0105 by\u0107 realizowane w szczeg\u00f3lno\u015bci przez: pracownika, tak\u017ce w przypadku, gdy stosunek pracy ju\u017c usta\u0142, osoby ubiegaj\u0105cej si\u0119 o [&hellip;]<\/p>\n","protected":false},"author":1,"featured_media":0,"parent":0,"menu_order":0,"comment_status":"closed","ping_status":"closed","template":"","meta":{"footnotes":""},"class_list":["post-2807","page","type-page","status-publish","hentry"],"_links":{"self":[{"href":"https:\/\/www.zsspabianice.pl\/index.php?rest_route=\/wp\/v2\/pages\/2807","targetHints":{"allow":["GET"]}}],"collection":[{"href":"https:\/\/www.zsspabianice.pl\/index.php?rest_route=\/wp\/v2\/pages"}],"about":[{"href":"https:\/\/www.zsspabianice.pl\/index.php?rest_route=\/wp\/v2\/types\/page"}],"author":[{"embeddable":true,"href":"https:\/\/www.zsspabianice.pl\/index.php?rest_route=\/wp\/v2\/users\/1"}],"replies":[{"embeddable":true,"href":"https:\/\/www.zsspabianice.pl\/index.php?rest_route=%2Fwp%2Fv2%2Fcomments&post=2807"}],"version-history":[{"count":25,"href":"https:\/\/www.zsspabianice.pl\/index.php?rest_route=\/wp\/v2\/pages\/2807\/revisions"}],"predecessor-version":[{"id":9724,"href":"https:\/\/www.zsspabianice.pl\/index.php?rest_route=\/wp\/v2\/pages\/2807\/revisions\/9724"}],"wp:attachment":[{"href":"https:\/\/www.zsspabianice.pl\/index.php?rest_route=%2Fwp%2Fv2%2Fmedia&parent=2807"}],"curies":[{"name":"wp","href":"https:\/\/api.w.org\/{rel}","templated":true}]}}