{"id":1839,"date":"2021-10-16T04:48:49","date_gmt":"2021-10-16T04:48:49","guid":{"rendered":"http:\/\/nowastrona.zsspabianice.pl\/?page_id=1839"},"modified":"2021-10-16T04:50:15","modified_gmt":"2021-10-16T04:50:15","slug":"kolo-zeglarskie","status":"publish","type":"page","link":"https:\/\/www.zsspabianice.pl\/?page_id=1839","title":{"rendered":"Ko\u0142o \u017ceglarskie"},"content":{"rendered":"\t\t<div data-elementor-type=\"wp-page\" data-elementor-id=\"1839\" class=\"elementor elementor-1839\">\n\t\t\t\t\t\t<section class=\"elementor-section elementor-top-section elementor-element elementor-element-75befd5 elementor-section-boxed elementor-section-height-default elementor-section-height-default\" data-id=\"75befd5\" data-element_type=\"section\">\n\t\t\t\t\t\t<div class=\"elementor-container elementor-column-gap-default\">\n\t\t\t\t\t<div class=\"elementor-column elementor-col-100 elementor-top-column elementor-element elementor-element-0e151d6\" data-id=\"0e151d6\" data-element_type=\"column\">\n\t\t\t<div class=\"elementor-widget-wrap elementor-element-populated\">\n\t\t\t\t\t\t<div class=\"elementor-element elementor-element-66450e3 elementor-widget elementor-widget-text-editor\" data-id=\"66450e3\" data-element_type=\"widget\" data-widget_type=\"text-editor.default\">\n\t\t\t\t<div class=\"elementor-widget-container\">\n\t\t\t<style>\/*! elementor - v3.20.0 - 13-03-2024 *\/\n.elementor-widget-text-editor.elementor-drop-cap-view-stacked .elementor-drop-cap{background-color:#69727d;color:#fff}.elementor-widget-text-editor.elementor-drop-cap-view-framed .elementor-drop-cap{color:#69727d;border:3px solid;background-color:transparent}.elementor-widget-text-editor:not(.elementor-drop-cap-view-default) .elementor-drop-cap{margin-top:8px}.elementor-widget-text-editor:not(.elementor-drop-cap-view-default) .elementor-drop-cap-letter{width:1em;height:1em}.elementor-widget-text-editor .elementor-drop-cap{float:left;text-align:center;line-height:1;font-size:50px}.elementor-widget-text-editor .elementor-drop-cap-letter{display:inline-block}<\/style>\t\t\t\t<p>Ko\u0142o \u017ceglarskie to miejsce, kt\u00f3re \u0142\u0105czy mi\u0142o\u015bnik\u00f3w szant, wody, \u017cagli. Te zainteresowania piel\u0119gnuj\u0105 w\u015br\u00f3d swoich podopiecznych panie: Monika Brzezi\u0144ska i Ma\u0142gorzata Rabiai.<\/p><p>Wszyscy uczestnicy ch\u0119tnie spotykaj\u0105 si\u0119 w Pabianickim Klubie Sport\u00f3w Wodnych, a w szczeg\u00f3lno\u015bci na takich m.in. uroczysto\u015bciach, jak:<\/p><ul><li style=\"list-style-type: none;\"><ul><li>Andrzejkowe wr\u00f3\u017cby<\/li><li>Wigilijne spotkanie dla uczni\u00f3w i ich rodzic\u00f3w<\/li><li>T\u0142usty czwartek<\/li><li>Udzia\u0142 w \u201eSpotkaniach z piosenk\u0105 \u017ceglarsk\u0105\u201d<\/li><\/ul><\/li><\/ul>\t\t\t\t\t\t<\/div>\n\t\t\t\t<\/div>\n\t\t\t\t\t<\/div>\n\t\t<\/div>\n\t\t\t\t\t<\/div>\n\t\t<\/section>\n\t\t\t\t<\/div>\n\t\t","protected":false},"excerpt":{"rendered":"<p>Ko\u0142o \u017ceglarskie to miejsce, kt\u00f3re \u0142\u0105czy mi\u0142o\u015bnik\u00f3w szant, wody, \u017cagli. Te zainteresowania piel\u0119gnuj\u0105 w\u015br\u00f3d swoich podopiecznych panie: Monika Brzezi\u0144ska i Ma\u0142gorzata Rabiai. Wszyscy uczestnicy ch\u0119tnie spotykaj\u0105 si\u0119 w Pabianickim Klubie Sport\u00f3w Wodnych, a w szczeg\u00f3lno\u015bci na takich m.in. uroczysto\u015bciach, jak: Andrzejkowe wr\u00f3\u017cby Wigilijne spotkanie dla uczni\u00f3w i ich rodzic\u00f3w T\u0142usty czwartek Udzia\u0142 w \u201eSpotkaniach z [&hellip;]<\/p>\n","protected":false},"author":1,"featured_media":0,"parent":0,"menu_order":0,"comment_status":"closed","ping_status":"closed","template":"","meta":{"footnotes":""},"class_list":["post-1839","page","type-page","status-publish","hentry"],"_links":{"self":[{"href":"https:\/\/www.zsspabianice.pl\/index.php?rest_route=\/wp\/v2\/pages\/1839","targetHints":{"allow":["GET"]}}],"collection":[{"href":"https:\/\/www.zsspabianice.pl\/index.php?rest_route=\/wp\/v2\/pages"}],"about":[{"href":"https:\/\/www.zsspabianice.pl\/index.php?rest_route=\/wp\/v2\/types\/page"}],"author":[{"embeddable":true,"href":"https:\/\/www.zsspabianice.pl\/index.php?rest_route=\/wp\/v2\/users\/1"}],"replies":[{"embeddable":true,"href":"https:\/\/www.zsspabianice.pl\/index.php?rest_route=%2Fwp%2Fv2%2Fcomments&post=1839"}],"version-history":[{"count":4,"href":"https:\/\/www.zsspabianice.pl\/index.php?rest_route=\/wp\/v2\/pages\/1839\/revisions"}],"predecessor-version":[{"id":1844,"href":"https:\/\/www.zsspabianice.pl\/index.php?rest_route=\/wp\/v2\/pages\/1839\/revisions\/1844"}],"wp:attachment":[{"href":"https:\/\/www.zsspabianice.pl\/index.php?rest_route=%2Fwp%2Fv2%2Fmedia&parent=1839"}],"curies":[{"name":"wp","href":"https:\/\/api.w.org\/{rel}","templated":true}]}}