{"id":1831,"date":"2021-10-16T04:44:47","date_gmt":"2021-10-16T04:44:47","guid":{"rendered":"http:\/\/nowastrona.zsspabianice.pl\/?page_id=1831"},"modified":"2025-11-18T17:49:57","modified_gmt":"2025-11-18T17:49:57","slug":"szkolne-kolo-pttk","status":"publish","type":"page","link":"https:\/\/www.zsspabianice.pl\/?page_id=1831","title":{"rendered":"Szkolne Ko\u0142o PTTK"},"content":{"rendered":"\t\t<div data-elementor-type=\"wp-page\" data-elementor-id=\"1831\" class=\"elementor elementor-1831\">\n\t\t\t\t\t\t<section class=\"elementor-section elementor-top-section elementor-element elementor-element-9d8a898 elementor-section-boxed elementor-section-height-default elementor-section-height-default\" data-id=\"9d8a898\" data-element_type=\"section\">\n\t\t\t\t\t\t<div class=\"elementor-container elementor-column-gap-default\">\n\t\t\t\t\t<div class=\"elementor-column elementor-col-100 elementor-top-column elementor-element elementor-element-e8eb831\" data-id=\"e8eb831\" data-element_type=\"column\">\n\t\t\t<div class=\"elementor-widget-wrap elementor-element-populated\">\n\t\t\t\t\t\t<div class=\"elementor-element elementor-element-48679c7 elementor-widget elementor-widget-text-editor\" data-id=\"48679c7\" data-element_type=\"widget\" data-widget_type=\"text-editor.default\">\n\t\t\t\t<div class=\"elementor-widget-container\">\n\t\t\t<style>\/*! elementor - v3.20.0 - 13-03-2024 *\/\n.elementor-widget-text-editor.elementor-drop-cap-view-stacked .elementor-drop-cap{background-color:#69727d;color:#fff}.elementor-widget-text-editor.elementor-drop-cap-view-framed .elementor-drop-cap{color:#69727d;border:3px solid;background-color:transparent}.elementor-widget-text-editor:not(.elementor-drop-cap-view-default) .elementor-drop-cap{margin-top:8px}.elementor-widget-text-editor:not(.elementor-drop-cap-view-default) .elementor-drop-cap-letter{width:1em;height:1em}.elementor-widget-text-editor .elementor-drop-cap{float:left;text-align:center;line-height:1;font-size:50px}.elementor-widget-text-editor .elementor-drop-cap-letter{display:inline-block}<\/style>\t\t\t\t<p>Uczniowie uczestnicz\u0105 we wszystkich rajdach organizowanych przez pabianicki oddzia\u0142 PTTK, bez wzgl\u0119du na pogod\u0119 czy dystans do przebycia. Ch\u0119tnie zdobywaj\u0105 wiedz\u0119 o regionie, jego przyrodzie i historii. Cz\u0119sto r\u00f3wnie\u017c mog\u0105 pochwali\u0107 si\u0119 osi\u0105gni\u0119ciami w zakresie zdobywania sprawno\u015bci oraz w konkursach na tematy zwi\u0105zane z danym rajdem, co jest tym bardziej godne podziwu z uwagi na fakt, i\u017c uczestnicy naszego Ko\u0142a rywalizuj\u0105 z grupami uczni\u00f3w ze szk\u00f3\u0142 masowych i bez jakiejkolwiek taryfy ulgowej.<\/p><p>Wsp\u00f3\u0142praca z PTTK jest wieloletnia. Bierzemy udzia\u0142 w takich rajdach, jak:<\/p><ul><li style=\"list-style-type: none;\"><ul><li>Rajd Pieszy \u201eSzlakiem bitwy pabianickiej \u2013 7 wrze\u015bnia 1939r.\u201d\u00a0<\/li><li>Gwiazdkowy Rajd Pieszy\u00a0<\/li><li>Karnawa\u0142owy Rajd Pieszy z Miko\u0142ajem<\/li><li>Zimowy Rajd Pieszy PTTK\u00a0<\/li><li>Rajd Pieszy \u201e\u015aladami gen. Arkuszy\u0144skiego\u201d\u00a0<\/li><li>Rajd Pieszy \u201eOperacja \u0141\u00f3dzka 1914\u201d\u00a0<\/li><li>Pieszy Rajd Powiatowy &#8222;Powiatowe w\u0119drowanie wzd\u0142u\u017c rzeki Dobrzynki&#8221;\u00a0<\/li><li>Rajd Integracyjny &#8222;Burego Misia&#8221;<\/li><li>Rajd im. Kamyka<\/li><\/ul><\/li><\/ul>\t\t\t\t\t\t<\/div>\n\t\t\t\t<\/div>\n\t\t\t\t\t<\/div>\n\t\t<\/div>\n\t\t\t\t\t<\/div>\n\t\t<\/section>\n\t\t\t\t<\/div>\n\t\t","protected":false},"excerpt":{"rendered":"<p>Uczniowie uczestnicz\u0105 we wszystkich rajdach organizowanych przez pabianicki oddzia\u0142 PTTK, bez wzgl\u0119du na pogod\u0119 czy dystans do przebycia. Ch\u0119tnie zdobywaj\u0105 wiedz\u0119 o regionie, jego przyrodzie i historii. Cz\u0119sto r\u00f3wnie\u017c mog\u0105 pochwali\u0107 si\u0119 osi\u0105gni\u0119ciami w zakresie zdobywania sprawno\u015bci oraz w konkursach na tematy zwi\u0105zane z danym rajdem, co jest tym bardziej godne podziwu z uwagi na [&hellip;]<\/p>\n","protected":false},"author":1,"featured_media":0,"parent":0,"menu_order":0,"comment_status":"closed","ping_status":"closed","template":"","meta":{"footnotes":""},"class_list":["post-1831","page","type-page","status-publish","hentry"],"_links":{"self":[{"href":"https:\/\/www.zsspabianice.pl\/index.php?rest_route=\/wp\/v2\/pages\/1831","targetHints":{"allow":["GET"]}}],"collection":[{"href":"https:\/\/www.zsspabianice.pl\/index.php?rest_route=\/wp\/v2\/pages"}],"about":[{"href":"https:\/\/www.zsspabianice.pl\/index.php?rest_route=\/wp\/v2\/types\/page"}],"author":[{"embeddable":true,"href":"https:\/\/www.zsspabianice.pl\/index.php?rest_route=\/wp\/v2\/users\/1"}],"replies":[{"embeddable":true,"href":"https:\/\/www.zsspabianice.pl\/index.php?rest_route=%2Fwp%2Fv2%2Fcomments&post=1831"}],"version-history":[{"count":7,"href":"https:\/\/www.zsspabianice.pl\/index.php?rest_route=\/wp\/v2\/pages\/1831\/revisions"}],"predecessor-version":[{"id":12259,"href":"https:\/\/www.zsspabianice.pl\/index.php?rest_route=\/wp\/v2\/pages\/1831\/revisions\/12259"}],"wp:attachment":[{"href":"https:\/\/www.zsspabianice.pl\/index.php?rest_route=%2Fwp%2Fv2%2Fmedia&parent=1831"}],"curies":[{"name":"wp","href":"https:\/\/api.w.org\/{rel}","templated":true}]}}