{"id":1824,"date":"2021-10-16T04:38:35","date_gmt":"2021-10-16T04:38:35","guid":{"rendered":"http:\/\/nowastrona.zsspabianice.pl\/?page_id=1824"},"modified":"2024-11-11T19:58:14","modified_gmt":"2024-11-11T19:58:14","slug":"samorzad-szkolny","status":"publish","type":"page","link":"https:\/\/www.zsspabianice.pl\/?page_id=1824","title":{"rendered":"Samorz\u0105d szkolny"},"content":{"rendered":"\t\t<div data-elementor-type=\"wp-page\" data-elementor-id=\"1824\" class=\"elementor elementor-1824\">\n\t\t\t\t\t\t<section class=\"elementor-section elementor-top-section elementor-element elementor-element-33db3d2 elementor-section-boxed elementor-section-height-default elementor-section-height-default\" data-id=\"33db3d2\" data-element_type=\"section\">\n\t\t\t\t\t\t<div class=\"elementor-container elementor-column-gap-default\">\n\t\t\t\t\t<div class=\"elementor-column elementor-col-100 elementor-top-column elementor-element elementor-element-e0f1350\" data-id=\"e0f1350\" data-element_type=\"column\">\n\t\t\t<div class=\"elementor-widget-wrap elementor-element-populated\">\n\t\t\t\t\t\t<div class=\"elementor-element elementor-element-73f9374 elementor-widget elementor-widget-text-editor\" data-id=\"73f9374\" data-element_type=\"widget\" data-widget_type=\"text-editor.default\">\n\t\t\t\t<div class=\"elementor-widget-container\">\n\t\t\t<style>\/*! elementor - v3.20.0 - 13-03-2024 *\/\n.elementor-widget-text-editor.elementor-drop-cap-view-stacked .elementor-drop-cap{background-color:#69727d;color:#fff}.elementor-widget-text-editor.elementor-drop-cap-view-framed .elementor-drop-cap{color:#69727d;border:3px solid;background-color:transparent}.elementor-widget-text-editor:not(.elementor-drop-cap-view-default) .elementor-drop-cap{margin-top:8px}.elementor-widget-text-editor:not(.elementor-drop-cap-view-default) .elementor-drop-cap-letter{width:1em;height:1em}.elementor-widget-text-editor .elementor-drop-cap{float:left;text-align:center;line-height:1;font-size:50px}.elementor-widget-text-editor .elementor-drop-cap-letter{display:inline-block}<\/style>\t\t\t\t<p>W naszej szkole dzia\u0142a samorz\u0105d. W sk\u0142ad Samorz\u0105du Szkolnego wchodz\u0105 przedstawiciele klas szko\u0142y podstawowej i szko\u0142y ponadpodstawowej.<\/p><p>Opiekunkami Samorz\u0105du s\u0105: pani Agnieszka Antczak oraz pani Katarzyna Chmurska<\/p><p style=\"text-align: center;\"><a href=\"https:\/\/www.zsspabianice.pl\/wp-content\/uploads\/2024\/11\/samorzad-szkolny-harmonogram.pdf\">Harmonogram dzia\u0142a\u0144\u00a0<\/a><\/p>\t\t\t\t\t\t<\/div>\n\t\t\t\t<\/div>\n\t\t\t\t\t<\/div>\n\t\t<\/div>\n\t\t\t\t\t<\/div>\n\t\t<\/section>\n\t\t\t\t<\/div>\n\t\t","protected":false},"excerpt":{"rendered":"<p>W naszej szkole dzia\u0142a samorz\u0105d. W sk\u0142ad Samorz\u0105du Szkolnego wchodz\u0105 przedstawiciele klas szko\u0142y podstawowej i szko\u0142y ponadpodstawowej. Opiekunkami Samorz\u0105du s\u0105: pani Agnieszka Antczak oraz pani Katarzyna Chmurska Harmonogram dzia\u0142a\u0144\u00a0<\/p>\n","protected":false},"author":1,"featured_media":0,"parent":0,"menu_order":0,"comment_status":"closed","ping_status":"closed","template":"","meta":{"footnotes":""},"class_list":["post-1824","page","type-page","status-publish","hentry"],"_links":{"self":[{"href":"https:\/\/www.zsspabianice.pl\/index.php?rest_route=\/wp\/v2\/pages\/1824","targetHints":{"allow":["GET"]}}],"collection":[{"href":"https:\/\/www.zsspabianice.pl\/index.php?rest_route=\/wp\/v2\/pages"}],"about":[{"href":"https:\/\/www.zsspabianice.pl\/index.php?rest_route=\/wp\/v2\/types\/page"}],"author":[{"embeddable":true,"href":"https:\/\/www.zsspabianice.pl\/index.php?rest_route=\/wp\/v2\/users\/1"}],"replies":[{"embeddable":true,"href":"https:\/\/www.zsspabianice.pl\/index.php?rest_route=%2Fwp%2Fv2%2Fcomments&post=1824"}],"version-history":[{"count":19,"href":"https:\/\/www.zsspabianice.pl\/index.php?rest_route=\/wp\/v2\/pages\/1824\/revisions"}],"predecessor-version":[{"id":10171,"href":"https:\/\/www.zsspabianice.pl\/index.php?rest_route=\/wp\/v2\/pages\/1824\/revisions\/10171"}],"wp:attachment":[{"href":"https:\/\/www.zsspabianice.pl\/index.php?rest_route=%2Fwp%2Fv2%2Fmedia&parent=1824"}],"curies":[{"name":"wp","href":"https:\/\/api.w.org\/{rel}","templated":true}]}}