{"id":1802,"date":"2021-10-16T04:18:16","date_gmt":"2021-10-16T04:18:16","guid":{"rendered":"http:\/\/nowastrona.zsspabianice.pl\/?page_id=1802"},"modified":"2026-04-13T10:30:23","modified_gmt":"2026-04-13T10:30:23","slug":"swietlica","status":"publish","type":"page","link":"https:\/\/www.zsspabianice.pl\/?page_id=1802","title":{"rendered":"\u015awietlica i sto\u0142\u00f3wka szkolna"},"content":{"rendered":"\t\t<div data-elementor-type=\"wp-page\" data-elementor-id=\"1802\" class=\"elementor elementor-1802\">\n\t\t\t\t\t\t<section class=\"elementor-section elementor-top-section elementor-element elementor-element-6feffe4 elementor-section-boxed elementor-section-height-default elementor-section-height-default\" data-id=\"6feffe4\" data-element_type=\"section\">\n\t\t\t\t\t\t<div class=\"elementor-container elementor-column-gap-default\">\n\t\t\t\t\t<div class=\"elementor-column elementor-col-100 elementor-top-column elementor-element elementor-element-19e5fd0\" data-id=\"19e5fd0\" data-element_type=\"column\">\n\t\t\t<div class=\"elementor-widget-wrap elementor-element-populated\">\n\t\t\t\t\t\t<div class=\"elementor-element elementor-element-c9afb7d elementor-widget elementor-widget-spacer\" data-id=\"c9afb7d\" data-element_type=\"widget\" data-widget_type=\"spacer.default\">\n\t\t\t\t<div class=\"elementor-widget-container\">\n\t\t\t<style>\/*! elementor - v3.20.0 - 13-03-2024 *\/\n.elementor-column .elementor-spacer-inner{height:var(--spacer-size)}.e-con{--container-widget-width:100%}.e-con-inner>.elementor-widget-spacer,.e-con>.elementor-widget-spacer{width:var(--container-widget-width,var(--spacer-size));--align-self:var(--container-widget-align-self,initial);--flex-shrink:0}.e-con-inner>.elementor-widget-spacer>.elementor-widget-container,.e-con>.elementor-widget-spacer>.elementor-widget-container{height:100%;width:100%}.e-con-inner>.elementor-widget-spacer>.elementor-widget-container>.elementor-spacer,.e-con>.elementor-widget-spacer>.elementor-widget-container>.elementor-spacer{height:100%}.e-con-inner>.elementor-widget-spacer>.elementor-widget-container>.elementor-spacer>.elementor-spacer-inner,.e-con>.elementor-widget-spacer>.elementor-widget-container>.elementor-spacer>.elementor-spacer-inner{height:var(--container-widget-height,var(--spacer-size))}.e-con-inner>.elementor-widget-spacer.elementor-widget-empty,.e-con>.elementor-widget-spacer.elementor-widget-empty{position:relative;min-height:22px;min-width:22px}.e-con-inner>.elementor-widget-spacer.elementor-widget-empty .elementor-widget-empty-icon,.e-con>.elementor-widget-spacer.elementor-widget-empty .elementor-widget-empty-icon{position:absolute;top:0;bottom:0;left:0;right:0;margin:auto;padding:0;width:22px;height:22px}<\/style>\t\t<div class=\"elementor-spacer\">\n\t\t\t<div class=\"elementor-spacer-inner\"><\/div>\n\t\t<\/div>\n\t\t\t\t<\/div>\n\t\t\t\t<\/div>\n\t\t\t\t\t<\/div>\n\t\t<\/div>\n\t\t\t\t\t<\/div>\n\t\t<\/section>\n\t\t\t\t<section class=\"elementor-section elementor-top-section elementor-element elementor-element-4f31f07 elementor-section-boxed elementor-section-height-default elementor-section-height-default\" data-id=\"4f31f07\" data-element_type=\"section\">\n\t\t\t\t\t\t<div class=\"elementor-container elementor-column-gap-default\">\n\t\t\t\t\t<div class=\"elementor-column elementor-col-66 elementor-top-column elementor-element elementor-element-650db1b\" data-id=\"650db1b\" data-element_type=\"column\">\n\t\t\t<div class=\"elementor-widget-wrap elementor-element-populated\">\n\t\t\t\t\t\t<div class=\"elementor-element elementor-element-199cb8d elementor-widget elementor-widget-text-editor\" data-id=\"199cb8d\" data-element_type=\"widget\" data-widget_type=\"text-editor.default\">\n\t\t\t\t<div class=\"elementor-widget-container\">\n\t\t\t<style>\/*! elementor - v3.20.0 - 13-03-2024 *\/\n.elementor-widget-text-editor.elementor-drop-cap-view-stacked .elementor-drop-cap{background-color:#69727d;color:#fff}.elementor-widget-text-editor.elementor-drop-cap-view-framed .elementor-drop-cap{color:#69727d;border:3px solid;background-color:transparent}.elementor-widget-text-editor:not(.elementor-drop-cap-view-default) .elementor-drop-cap{margin-top:8px}.elementor-widget-text-editor:not(.elementor-drop-cap-view-default) .elementor-drop-cap-letter{width:1em;height:1em}.elementor-widget-text-editor .elementor-drop-cap{float:left;text-align:center;line-height:1;font-size:50px}.elementor-widget-text-editor .elementor-drop-cap-letter{display:inline-block}<\/style>\t\t\t\t<p>\u015awietlica mie\u015bci si\u0119 w osobnym budynku. Pe\u0142ni rol\u0119 wychowawcz\u0105 i opieku\u0144cz\u0105 wobec uczni\u00f3w sp\u0119dzaj\u0105cych w niej czas wolny od zaj\u0119\u0107 lekcyjnych i czekaj\u0105cych na swych opiekun\u00f3w.<\/p><p><strong>Realizowane zadania:<\/strong><\/p><p style=\"padding-left: 40px;\">&#8211; kszta\u0142towanie nawyk\u00f3w kulturalnych i kulturowych<br \/>&#8211; rozwijanie umiej\u0119tno\u015bci dbania o zdrowie, prawid\u0142owy rozw\u00f3j i bezpiecze\u0144stwo<br \/>&#8211; poznanie sposob\u00f3w podnoszenia wynik\u00f3w uczenia si\u0119<br \/>&#8211; wdra\u017canie do samodzielno\u015bci i wsp\u00f3\u0142pracy z grup\u0105<br \/>&#8211; kszta\u0142towanie indywidualno\u015bci i asertywno\u015bci<br \/>&#8211; kszta\u0142towanie postaw patriotycznych<br \/>&#8211; wyrabianie postawy integracji ze \u015brodowiskiem<br \/>&#8211; kszta\u0142towanie wra\u017cliwo\u015bci na problemy \u015brodowiska przyrodniczego<\/p>\t\t\t\t\t\t<\/div>\n\t\t\t\t<\/div>\n\t\t\t\t\t<\/div>\n\t\t<\/div>\n\t\t\t\t<div class=\"elementor-column elementor-col-33 elementor-top-column elementor-element elementor-element-a29fe71\" data-id=\"a29fe71\" data-element_type=\"column\">\n\t\t\t<div class=\"elementor-widget-wrap elementor-element-populated\">\n\t\t\t\t\t\t<div class=\"elementor-element elementor-element-e50a2b3 elementor-widget elementor-widget-image\" data-id=\"e50a2b3\" data-element_type=\"widget\" data-widget_type=\"image.default\">\n\t\t\t\t<div class=\"elementor-widget-container\">\n\t\t\t<style>\/*! elementor - v3.20.0 - 13-03-2024 *\/\n.elementor-widget-image{text-align:center}.elementor-widget-image a{display:inline-block}.elementor-widget-image a img[src$=\".svg\"]{width:48px}.elementor-widget-image img{vertical-align:middle;display:inline-block}<\/style>\t\t\t\t\t\t\t\t\t\t<img fetchpriority=\"high\" decoding=\"async\" width=\"812\" height=\"542\" src=\"https:\/\/www.zsspabianice.pl\/wp-content\/uploads\/2021\/10\/DSC06246-1024x683.jpg\" class=\"attachment-large size-large wp-image-1807\" alt=\"\" srcset=\"https:\/\/www.zsspabianice.pl\/wp-content\/uploads\/2021\/10\/DSC06246-1024x683.jpg 1024w, https:\/\/www.zsspabianice.pl\/wp-content\/uploads\/2021\/10\/DSC06246-300x200.jpg 300w, https:\/\/www.zsspabianice.pl\/wp-content\/uploads\/2021\/10\/DSC06246-768x512.jpg 768w, https:\/\/www.zsspabianice.pl\/wp-content\/uploads\/2021\/10\/DSC06246-1536x1024.jpg 1536w, https:\/\/www.zsspabianice.pl\/wp-content\/uploads\/2021\/10\/DSC06246.jpg 1920w\" sizes=\"(max-width: 812px) 100vw, 812px\" \/>\t\t\t\t\t\t\t\t\t\t\t\t\t<\/div>\n\t\t\t\t<\/div>\n\t\t\t\t\t<\/div>\n\t\t<\/div>\n\t\t\t\t\t<\/div>\n\t\t<\/section>\n\t\t\t\t<section class=\"elementor-section elementor-top-section elementor-element elementor-element-8140c58 elementor-section-boxed elementor-section-height-default elementor-section-height-default\" data-id=\"8140c58\" data-element_type=\"section\">\n\t\t\t\t\t\t<div class=\"elementor-container elementor-column-gap-default\">\n\t\t\t\t\t<div class=\"elementor-column elementor-col-100 elementor-top-column elementor-element elementor-element-ee04ec4\" data-id=\"ee04ec4\" data-element_type=\"column\">\n\t\t\t<div class=\"elementor-widget-wrap elementor-element-populated\">\n\t\t\t\t\t\t<div class=\"elementor-element elementor-element-b79db3b elementor-widget elementor-widget-spacer\" data-id=\"b79db3b\" data-element_type=\"widget\" data-widget_type=\"spacer.default\">\n\t\t\t\t<div class=\"elementor-widget-container\">\n\t\t\t\t\t<div class=\"elementor-spacer\">\n\t\t\t<div class=\"elementor-spacer-inner\"><\/div>\n\t\t<\/div>\n\t\t\t\t<\/div>\n\t\t\t\t<\/div>\n\t\t\t\t\t<\/div>\n\t\t<\/div>\n\t\t\t\t\t<\/div>\n\t\t<\/section>\n\t\t\t\t<section class=\"elementor-section elementor-top-section elementor-element elementor-element-d4499b5 elementor-section-boxed elementor-section-height-default elementor-section-height-default\" data-id=\"d4499b5\" data-element_type=\"section\">\n\t\t\t\t\t\t<div class=\"elementor-container elementor-column-gap-default\">\n\t\t\t\t\t<div class=\"elementor-column elementor-col-100 elementor-top-column elementor-element elementor-element-a0ad1df\" data-id=\"a0ad1df\" data-element_type=\"column\">\n\t\t\t<div class=\"elementor-widget-wrap elementor-element-populated\">\n\t\t\t\t\t\t<div class=\"elementor-element elementor-element-1ab3a03 elementor-widget elementor-widget-text-editor\" data-id=\"1ab3a03\" data-element_type=\"widget\" data-widget_type=\"text-editor.default\">\n\t\t\t\t<div class=\"elementor-widget-container\">\n\t\t\t\t\t\t\t<p><span style=\"font-style: inherit; font-weight: inherit;\">W pracy \u015bwietlicy wykorzystujemy metody wspieraj\u0105ce rozw\u00f3j, stymuluj\u0105ce, aktywizuj\u0105ce, kompensacyjne, koryguj\u0105ce i usprawniaj\u0105ce. Priorytet stanowi zdobycie w\u015br\u00f3d uczestnik\u00f3w wzajemnego zaufania, a tym samym mo\u017cliwo\u015b\u0107 wsp\u00f3\u0142pracy w grupie i z grup\u0105. W tym celu stosujemy r\u00f3\u017cnorodne zabawy, kt\u00f3re integruj\u0105 zesp\u00f3\u0142:<\/span><\/p><p style=\"padding-left: 40px;\">&#8211; zabawy tematyczne<br \/>&#8211; zabawy s\u0142owne<br \/>&#8211; odtwarzanie r\u00f3l w mini-teatrzykach<br \/>&#8211; grupowe lub w parach tworzenie wyobra\u017ce\u0144 plastycznych<br \/>&#8211; wsp\u00f3lne gry i zabawy przy muzyce<br \/>&#8211; przygotowywanie uroczysto\u015bci.<\/p><p>Wszystkie zabawy tw\u00f3rcze, plastyczne, ruchowe, czytelnicze, dydaktyczne, inspirowane przez same dzieci, a nawet zaj\u0119cia komputerowe maj\u0105 uaktywni\u0107 receptory, uczy\u0107 spostrzegawczo\u015bci, \u0107wiczy\u0107 wyobra\u017ani\u0119, kszta\u0142towa\u0107 uwag\u0119 dowoln\u0105, \u0107wiczy\u0107 pami\u0119\u0107 i sprawno\u015b\u0107 manualn\u0105 (np. prace z plasteliny, masy solnej, kirigami i origami, gry logiczne, cyfrowe, scenariusze przedstawie\u0144, koordynacja prawej i lewej d\u0142oni podczas pos\u0142ugiwania si\u0119 klawiatur\u0105 komputera).<\/p><p>W zaj\u0119ciach pozalekcyjnych uwzgl\u0119dniamy tak\u017ce edukacj\u0119 regionaln\u0105.<\/p><p>Od 2010r. wychowawczynie \u015bwietlicy realizuj\u0105 program UE &#8222;Owoce w szkole&#8221;, kontynuowany obecnie jako \u201eProgram dla szk\u00f3\u0142\u201d polegaj\u0105cy na dostarczaniu uczniom klas najm\u0142odszych szko\u0142y podstawowej owoc\u00f3w i warzyw oraz mleka i produkt\u00f3w mlecznych. Dodatkowo nasi podopieczni ucz\u0105 si\u0119 prawid\u0142owego od\u017cywiania bior\u0105c udzia\u0142 w zaj\u0119ciach o tematyce zwi\u0105zanej z &#8222;piramid\u0105 \u017cywieniow\u0105&#8221;, wsp\u00f3lnym omawianiu tre\u015bci broszur, komiks\u00f3w, filmik\u00f3w dostarczonych przez Krajowy O\u015brodek Wsparcia Rolnictwa (KOWR). W wyniku podj\u0119tych dzia\u0142a\u0144, najm\u0142odsi przekonuj\u0105 si\u0119 do warzyw, owoc\u00f3w, przetwor\u00f3w mlecznych i coraz ch\u0119tniej pr\u00f3buj\u0105 tych smak\u00f3w.<\/p>\t\t\t\t\t\t<\/div>\n\t\t\t\t<\/div>\n\t\t\t\t\t<\/div>\n\t\t<\/div>\n\t\t\t\t\t<\/div>\n\t\t<\/section>\n\t\t\t\t<section class=\"elementor-section elementor-top-section elementor-element elementor-element-47d1a7c elementor-section-boxed elementor-section-height-default elementor-section-height-default\" data-id=\"47d1a7c\" data-element_type=\"section\">\n\t\t\t\t\t\t<div class=\"elementor-container elementor-column-gap-default\">\n\t\t\t\t\t<div class=\"elementor-column elementor-col-100 elementor-top-column elementor-element elementor-element-6fae631\" data-id=\"6fae631\" data-element_type=\"column\">\n\t\t\t<div class=\"elementor-widget-wrap elementor-element-populated\">\n\t\t\t\t\t\t<div class=\"elementor-element elementor-element-f2b53fb elementor-widget elementor-widget-spacer\" data-id=\"f2b53fb\" data-element_type=\"widget\" data-widget_type=\"spacer.default\">\n\t\t\t\t<div class=\"elementor-widget-container\">\n\t\t\t\t\t<div class=\"elementor-spacer\">\n\t\t\t<div class=\"elementor-spacer-inner\"><\/div>\n\t\t<\/div>\n\t\t\t\t<\/div>\n\t\t\t\t<\/div>\n\t\t\t\t\t<\/div>\n\t\t<\/div>\n\t\t\t\t\t<\/div>\n\t\t<\/section>\n\t\t\t\t<section class=\"elementor-section elementor-top-section elementor-element elementor-element-24d6d27 elementor-section-boxed elementor-section-height-default elementor-section-height-default\" data-id=\"24d6d27\" data-element_type=\"section\">\n\t\t\t\t\t\t<div class=\"elementor-container elementor-column-gap-default\">\n\t\t\t\t\t<div class=\"elementor-column elementor-col-33 elementor-top-column elementor-element elementor-element-bb4a2c6\" data-id=\"bb4a2c6\" data-element_type=\"column\">\n\t\t\t<div class=\"elementor-widget-wrap elementor-element-populated\">\n\t\t\t\t\t\t<div class=\"elementor-element elementor-element-cb44f2a elementor-icon-list--layout-traditional elementor-list-item-link-full_width elementor-widget elementor-widget-icon-list\" data-id=\"cb44f2a\" data-element_type=\"widget\" data-widget_type=\"icon-list.default\">\n\t\t\t\t<div class=\"elementor-widget-container\">\n\t\t\t<link rel=\"stylesheet\" href=\"https:\/\/www.zsspabianice.pl\/wp-content\/plugins\/elementor\/assets\/css\/widget-icon-list.min.css\">\t\t<ul class=\"elementor-icon-list-items\">\n\t\t\t\t\t\t\t<li class=\"elementor-icon-list-item\">\n\t\t\t\t\t\t\t\t\t\t\t<a href=\"https:\/\/www.zsspabianice.pl\/images\/moje_obrazy\/Regulamin_swietlicy.pdf\">\n\n\t\t\t\t\t\t\t\t\t\t\t\t<span class=\"elementor-icon-list-icon\">\n\t\t\t\t\t\t\t<i aria-hidden=\"true\" class=\"fas fa-file-export\"><\/i>\t\t\t\t\t\t<\/span>\n\t\t\t\t\t\t\t\t\t\t<span class=\"elementor-icon-list-text\">Regulamin \u015bwietlicy<\/span>\n\t\t\t\t\t\t\t\t\t\t\t<\/a>\n\t\t\t\t\t\t\t\t\t<\/li>\n\t\t\t\t\t\t<\/ul>\n\t\t\t\t<\/div>\n\t\t\t\t<\/div>\n\t\t\t\t\t<\/div>\n\t\t<\/div>\n\t\t\t\t<div class=\"elementor-column elementor-col-33 elementor-top-column elementor-element elementor-element-01f15d3\" data-id=\"01f15d3\" data-element_type=\"column\">\n\t\t\t<div class=\"elementor-widget-wrap elementor-element-populated\">\n\t\t\t\t\t\t<div class=\"elementor-element elementor-element-a67f23b elementor-icon-list--layout-traditional elementor-list-item-link-full_width elementor-widget elementor-widget-icon-list\" data-id=\"a67f23b\" data-element_type=\"widget\" data-widget_type=\"icon-list.default\">\n\t\t\t\t<div class=\"elementor-widget-container\">\n\t\t\t\t\t<ul class=\"elementor-icon-list-items\">\n\t\t\t\t\t\t\t<li class=\"elementor-icon-list-item\">\n\t\t\t\t\t\t\t\t\t\t\t<a href=\"http:\/\/zsspabianice.pl\/wp-content\/uploads\/2021\/10\/Aneks_do_regulaminu_swietlicy-zachowanie_w_czasie_epidemii.pdf\">\n\n\t\t\t\t\t\t\t\t\t\t\t\t<span class=\"elementor-icon-list-icon\">\n\t\t\t\t\t\t\t<i aria-hidden=\"true\" class=\"fas fa-file-export\"><\/i>\t\t\t\t\t\t<\/span>\n\t\t\t\t\t\t\t\t\t\t<span class=\"elementor-icon-list-text\">Aneks do regulaminu - na czas pandemii<\/span>\n\t\t\t\t\t\t\t\t\t\t\t<\/a>\n\t\t\t\t\t\t\t\t\t<\/li>\n\t\t\t\t\t\t<\/ul>\n\t\t\t\t<\/div>\n\t\t\t\t<\/div>\n\t\t\t\t\t<\/div>\n\t\t<\/div>\n\t\t\t\t<div class=\"elementor-column elementor-col-33 elementor-top-column elementor-element elementor-element-a2fe1a3\" data-id=\"a2fe1a3\" data-element_type=\"column\">\n\t\t\t<div class=\"elementor-widget-wrap elementor-element-populated\">\n\t\t\t\t\t\t<div class=\"elementor-element elementor-element-2710464 elementor-icon-list--layout-traditional elementor-list-item-link-full_width elementor-widget elementor-widget-icon-list\" data-id=\"2710464\" data-element_type=\"widget\" data-widget_type=\"icon-list.default\">\n\t\t\t\t<div class=\"elementor-widget-container\">\n\t\t\t\t\t<ul class=\"elementor-icon-list-items\">\n\t\t\t\t\t\t\t<li class=\"elementor-icon-list-item\">\n\t\t\t\t\t\t\t\t\t\t\t<a href=\"https:\/\/www.zsspabianice.pl\/wp-content\/uploads\/2025\/08\/KARTA-DO-SWIETLICY.pdf\">\n\n\t\t\t\t\t\t\t\t\t\t\t\t<span class=\"elementor-icon-list-icon\">\n\t\t\t\t\t\t\t<i aria-hidden=\"true\" class=\"fas fa-file-export\"><\/i>\t\t\t\t\t\t<\/span>\n\t\t\t\t\t\t\t\t\t\t<span class=\"elementor-icon-list-text\">Karta zg\u0142oszenia dziecka do \u015bwietlicy<\/span>\n\t\t\t\t\t\t\t\t\t\t\t<\/a>\n\t\t\t\t\t\t\t\t\t<\/li>\n\t\t\t\t\t\t\t\t<li class=\"elementor-icon-list-item\">\n\t\t\t\t\t\t\t\t\t\t\t<a href=\"https:\/\/www.zsspabianice.pl\/wp-content\/uploads\/2025\/12\/UPOWAZNIENIE-DO-ODBIORU-DZIECKA-ZE-SWIETLICY.pdf\">\n\n\t\t\t\t\t\t\t\t\t\t\t\t<span class=\"elementor-icon-list-icon\">\n\t\t\t\t\t\t\t<i aria-hidden=\"true\" class=\"fas fa-file-export\"><\/i>\t\t\t\t\t\t<\/span>\n\t\t\t\t\t\t\t\t\t\t<span class=\"elementor-icon-list-text\">Upowa\u017cnienie do odbioru dziecka ze \u015bwietlicy<\/span>\n\t\t\t\t\t\t\t\t\t\t\t<\/a>\n\t\t\t\t\t\t\t\t\t<\/li>\n\t\t\t\t\t\t<\/ul>\n\t\t\t\t<\/div>\n\t\t\t\t<\/div>\n\t\t\t\t\t<\/div>\n\t\t<\/div>\n\t\t\t\t\t<\/div>\n\t\t<\/section>\n\t\t\t\t<section class=\"elementor-section elementor-top-section elementor-element elementor-element-e69324a elementor-section-boxed elementor-section-height-default elementor-section-height-default\" data-id=\"e69324a\" data-element_type=\"section\">\n\t\t\t\t\t\t<div class=\"elementor-container elementor-column-gap-default\">\n\t\t\t\t\t<div class=\"elementor-column elementor-col-100 elementor-top-column elementor-element elementor-element-1563f54\" data-id=\"1563f54\" data-element_type=\"column\">\n\t\t\t<div class=\"elementor-widget-wrap elementor-element-populated\">\n\t\t\t\t\t\t<div class=\"elementor-element elementor-element-5f9803a elementor-widget elementor-widget-text-editor\" data-id=\"5f9803a\" data-element_type=\"widget\" data-widget_type=\"text-editor.default\">\n\t\t\t\t<div class=\"elementor-widget-container\">\n\t\t\t\t\t\t\t<h3>STYCZE\u0143<\/h3><h4 style=\"text-align: center;\"><span style=\"color: #008000;\"><strong>STO\u0141\u00d3WKA SZKOLNA:\u00a0 \u00a0<\/strong><\/span><\/h4><h4 style=\"text-align: center;\"><em><span style=\"color: #000080;\"><strong>Zapisy na obiady prowadzi p. intendent.<\/strong><\/span><\/em><\/h4><h3 style=\"text-align: center;\"><strong><em><span style=\"color: #339966;\"><span style=\"color: #00ff00;\">KOSZT OBIAD\u00d3W ZA KWIECIE\u0143 2026:<\/span> 135,00 z\u0142\u00a0\u00a0<\/span><\/em><\/strong><\/h3><h5 style=\"text-align: center;\"><em><strong><span style=\"color: #339966;\">(koszt pojedynczego obiadu: 7,50 z\u0142)<\/span><\/strong><\/em><\/h5><h4><strong><span style=\"color: #993300;\"><em>Op\u0142aty\u00a0 za\u00a0 obiady\u00a0 nale\u017cy wnosi\u0107 (tylko got\u00f3wka) z g\u00f3ry<span style=\"color: #ff0000;\"> do 10.<\/span><\/em><\/span><span style=\"color: #ff0000;\"><em>\u00a0dnia ka\u017cdego miesi\u0105ca, w godzinach:<\/em><\/span><\/strong><\/h4><h4>poniedzia\u0142ek\u00a0 \u00a0 \u00a07.30 &#8211; 11.00\u00a0 i\u00a0 13.00 &#8211; 14.30<\/h4><h4>wtorek\u00a0 \u00a0 \u00a0 \u00a0 \u00a0 \u00a0 \u00a0 10.00 &#8211; 13.00<\/h4><h4>\u015broda\u00a0 \u00a0 \u00a0 \u00a0 \u00a0 \u00a0 \u00a0 \u00a0 7.30 &#8211; 11.00<\/h4><h4>czwartek\u00a0 \u00a0 \u00a0 \u00a0 \u00a0 \u00a07.30 &#8211; 11.00<\/h4><h4>pi\u0105tek\u00a0 \u00a0 \u00a0 \u00a0 \u00a0 \u00a0 \u00a0 \u00a0 7.30 &#8211; 10.00\u00a0 i\u00a0 13.00 &#8211; 15.30<\/h4><h4><strong><span style=\"color: #993300;\"><em>W przypadku braku terminowej wp\u0142aty \u2013 <\/em><em>obiady nie b\u0119d\u0105 wydawane.<\/em><\/span><\/strong><\/h4><h4 style=\"text-align: left;\"><em><strong><span style=\"color: #993300;\"><u><span style=\"color: #ff0000;\">Odliczenia za obiady<\/span> b\u0119d\u0105 dokonywane tylko i wy\u0142\u0105cznie po zg\u0142oszeniu nieobecno\u015bci\u00a0 dziecka<\/u> <\/span><\/strong><strong><span style=\"color: #993300;\">do godz. 8.30 <\/span><span style=\"color: #993300;\">w danym dniu:<\/span><\/strong><\/em><\/h4><h4 style=\"text-align: left;\"><em><strong><span style=\"color: #993300;\">&#8211; do intendenta lub w sekretariacie szko\u0142y osobi\u015bcie, <\/span><\/strong><\/em><\/h4><h4 style=\"text-align: left;\"><em><strong><span style=\"color: #993300;\">&#8211; telefonicznie (<span style=\"color: #008080;\">tel. 42 215 24 83<\/span>) <\/span><\/strong><\/em><\/h4><h4 style=\"text-align: left;\"><em><strong><span style=\"color: #993300;\">&#8211; lub poczt\u0105 elektroniczn\u0105 na adres: <span style=\"color: #008080;\">intendent@zsspabianice.pl<\/span><\/span><\/strong><\/em><\/h4><h4><strong><span style=\"color: #993300;\"><em>W przypadku\u00a0 braku zg\u0142oszenia nieobecno\u015bci op\u0142ata nie jest zwracana. <\/em><\/span><\/strong><strong><span style=\"color: #993300;\"><em><a href=\"https:\/\/www.zsspabianice.pl\/wp-content\/uploads\/2023\/08\/INFORMACJA-DLA-RODZICA-z-podpisem.pdf\">\u00a0Informacja do pobrania &gt;&gt;&gt;<\/a><\/em><\/span><\/strong><strong><span style=\"color: #008000;\">\u00a0<\/span><\/strong><\/h4><h2 style=\"text-align: center;\"><a href=\"https:\/\/www.zsspabianice.pl\/wp-content\/uploads\/2026\/04\/jadlospis-13-17.04.2026.png\"><strong><span style=\"color: #008000;\">JAD\u0141OSPIS<\/span><\/strong><\/a><\/h2>\t\t\t\t\t\t<\/div>\n\t\t\t\t<\/div>\n\t\t\t\t\t<\/div>\n\t\t<\/div>\n\t\t\t\t\t<\/div>\n\t\t<\/section>\n\t\t\t\t<\/div>\n\t\t","protected":false},"excerpt":{"rendered":"<p>\u015awietlica mie\u015bci si\u0119 w osobnym budynku. Pe\u0142ni rol\u0119 wychowawcz\u0105 i opieku\u0144cz\u0105 wobec uczni\u00f3w sp\u0119dzaj\u0105cych w niej czas wolny od zaj\u0119\u0107 lekcyjnych i czekaj\u0105cych na swych opiekun\u00f3w. Realizowane zadania: &#8211; kszta\u0142towanie nawyk\u00f3w kulturalnych i kulturowych&#8211; rozwijanie umiej\u0119tno\u015bci dbania o zdrowie, prawid\u0142owy rozw\u00f3j i bezpiecze\u0144stwo&#8211; poznanie sposob\u00f3w podnoszenia wynik\u00f3w uczenia si\u0119&#8211; wdra\u017canie do samodzielno\u015bci i wsp\u00f3\u0142pracy z [&hellip;]<\/p>\n","protected":false},"author":1,"featured_media":0,"parent":0,"menu_order":0,"comment_status":"closed","ping_status":"closed","template":"","meta":{"footnotes":""},"class_list":["post-1802","page","type-page","status-publish","hentry"],"_links":{"self":[{"href":"https:\/\/www.zsspabianice.pl\/index.php?rest_route=\/wp\/v2\/pages\/1802","targetHints":{"allow":["GET"]}}],"collection":[{"href":"https:\/\/www.zsspabianice.pl\/index.php?rest_route=\/wp\/v2\/pages"}],"about":[{"href":"https:\/\/www.zsspabianice.pl\/index.php?rest_route=\/wp\/v2\/types\/page"}],"author":[{"embeddable":true,"href":"https:\/\/www.zsspabianice.pl\/index.php?rest_route=\/wp\/v2\/users\/1"}],"replies":[{"embeddable":true,"href":"https:\/\/www.zsspabianice.pl\/index.php?rest_route=%2Fwp%2Fv2%2Fcomments&post=1802"}],"version-history":[{"count":245,"href":"https:\/\/www.zsspabianice.pl\/index.php?rest_route=\/wp\/v2\/pages\/1802\/revisions"}],"predecessor-version":[{"id":13196,"href":"https:\/\/www.zsspabianice.pl\/index.php?rest_route=\/wp\/v2\/pages\/1802\/revisions\/13196"}],"wp:attachment":[{"href":"https:\/\/www.zsspabianice.pl\/index.php?rest_route=%2Fwp%2Fv2%2Fmedia&parent=1802"}],"curies":[{"name":"wp","href":"https:\/\/api.w.org\/{rel}","templated":true}]}}