{"id":1557,"date":"2021-10-14T14:38:50","date_gmt":"2021-10-14T14:38:50","guid":{"rendered":"http:\/\/nowastrona.zsspabianice.pl\/?page_id=1557"},"modified":"2021-10-14T14:43:23","modified_gmt":"2021-10-14T14:43:23","slug":"patronka-szkoly","status":"publish","type":"page","link":"https:\/\/www.zsspabianice.pl\/?page_id=1557","title":{"rendered":"Patronka szko\u0142y"},"content":{"rendered":"\t\t<div data-elementor-type=\"wp-page\" data-elementor-id=\"1557\" class=\"elementor elementor-1557\">\n\t\t\t\t\t\t<section class=\"elementor-section elementor-top-section elementor-element elementor-element-5f4d8dd elementor-section-boxed elementor-section-height-default elementor-section-height-default\" data-id=\"5f4d8dd\" data-element_type=\"section\">\n\t\t\t\t\t\t<div class=\"elementor-container elementor-column-gap-default\">\n\t\t\t\t\t<div class=\"elementor-column elementor-col-33 elementor-top-column elementor-element elementor-element-b7bc358\" data-id=\"b7bc358\" data-element_type=\"column\">\n\t\t\t<div class=\"elementor-widget-wrap elementor-element-populated\">\n\t\t\t\t\t\t<div class=\"elementor-element elementor-element-e7f6605 elementor-widget elementor-widget-image\" data-id=\"e7f6605\" data-element_type=\"widget\" data-widget_type=\"image.default\">\n\t\t\t\t<div class=\"elementor-widget-container\">\n\t\t\t<style>\/*! elementor - v3.20.0 - 13-03-2024 *\/\n.elementor-widget-image{text-align:center}.elementor-widget-image a{display:inline-block}.elementor-widget-image a img[src$=\".svg\"]{width:48px}.elementor-widget-image img{vertical-align:middle;display:inline-block}<\/style>\t\t\t\t\t\t\t\t\t\t<img fetchpriority=\"high\" decoding=\"async\" width=\"200\" height=\"284\" src=\"https:\/\/www.zsspabianice.pl\/wp-content\/uploads\/2021\/10\/konopnicka.jpg\" class=\"attachment-large size-large wp-image-1559\" alt=\"Patronka szko\u0142y\" \/>\t\t\t\t\t\t\t\t\t\t\t\t\t<\/div>\n\t\t\t\t<\/div>\n\t\t\t\t\t<\/div>\n\t\t<\/div>\n\t\t\t\t<div class=\"elementor-column elementor-col-66 elementor-top-column elementor-element elementor-element-7fab632\" data-id=\"7fab632\" data-element_type=\"column\">\n\t\t\t<div class=\"elementor-widget-wrap elementor-element-populated\">\n\t\t\t\t\t\t<div class=\"elementor-element elementor-element-db4ca40 elementor-widget elementor-widget-text-editor\" data-id=\"db4ca40\" data-element_type=\"widget\" data-widget_type=\"text-editor.default\">\n\t\t\t\t<div class=\"elementor-widget-container\">\n\t\t\t<style>\/*! elementor - v3.20.0 - 13-03-2024 *\/\n.elementor-widget-text-editor.elementor-drop-cap-view-stacked .elementor-drop-cap{background-color:#69727d;color:#fff}.elementor-widget-text-editor.elementor-drop-cap-view-framed .elementor-drop-cap{color:#69727d;border:3px solid;background-color:transparent}.elementor-widget-text-editor:not(.elementor-drop-cap-view-default) .elementor-drop-cap{margin-top:8px}.elementor-widget-text-editor:not(.elementor-drop-cap-view-default) .elementor-drop-cap-letter{width:1em;height:1em}.elementor-widget-text-editor .elementor-drop-cap{float:left;text-align:center;line-height:1;font-size:50px}.elementor-widget-text-editor .elementor-drop-cap-letter{display:inline-block}<\/style>\t\t\t\t<p>Patronk\u0105 naszej szko\u0142y, Zespo\u0142u Szk\u00f3\u0142 Specjalnych Nr 5 w Pabianicach jest Maria Konopnicka, polska poetka, prozaik, krytyk i publicystka.<\/p><p>Urodzi\u0142a si\u0119 23 maja 1842 r. roku w Suwa\u0142kach, jako c\u00f3rka J\u00f3zefa Wasi\u0142owskiego, prawnika, patrona trybuna\u0142u cywilnego i Scholastyki\u00a0 z Turskich. Siedem lat p\u00f3\u017aniej \u2013 w 1849 r. jej rodzice przeprowadzili si\u0119 do Kalisza. Tutaj przysz\u0142a poetka sp\u0119dzi\u0142a dzieci\u0144stwo i m\u0142odo\u015b\u0107. W latach 1855 &#8211; 1856 uczy\u0142a si\u0119 na pensji sakramentek w Warszawie, gdzie pozna\u0142a Eliz\u0119 Paw\u0142owsk\u0105 (Orzeszkow\u0105). Przez ca\u0142e \u017cycie dokszta\u0142ca\u0142a si\u0119 we w\u0142asnym zakresie. W 1862 r. wysz\u0142a za m\u0105\u017c za ziemianina, Jaros\u0142awa Konopnickiego. Wyjecha\u0142a z Kalisza na sta\u0142e, zamieszkuj\u0105c w Bronowie, a potem w Gusinie na terenie \u00f3wczesnej guberni kaliskiej.<br \/>Wychowywa\u0142a 6 dzieci, utrzymuj\u0105c si\u0119 z dochod\u00f3w niewielkiego dzier\u017cawionego folwarku. Zadebiutowa\u0142a w 1870 r. na \u0142amach &#8222;Kaliszanina&#8221; wierszem &#8222;W zimowy poranek&#8221;. Swemu rodzinnemu miastu po\u015bwi\u0119ci\u0142a trzy utwory poetyckie: dwa zatytu\u0142owane &#8222;Kaliszowi&#8221; (1888 i 1907) i &#8222;Memu miastu&#8221; (1897).<\/p>\t\t\t\t\t\t<\/div>\n\t\t\t\t<\/div>\n\t\t\t\t\t<\/div>\n\t\t<\/div>\n\t\t\t\t\t<\/div>\n\t\t<\/section>\n\t\t\t\t<section class=\"elementor-section elementor-top-section elementor-element elementor-element-963024f elementor-section-boxed elementor-section-height-default elementor-section-height-default\" data-id=\"963024f\" data-element_type=\"section\">\n\t\t\t\t\t\t<div class=\"elementor-container elementor-column-gap-default\">\n\t\t\t\t\t<div class=\"elementor-column elementor-col-100 elementor-top-column elementor-element elementor-element-4aa81d9\" data-id=\"4aa81d9\" data-element_type=\"column\">\n\t\t\t<div class=\"elementor-widget-wrap elementor-element-populated\">\n\t\t\t\t\t\t<div class=\"elementor-element elementor-element-13a0cb2 elementor-widget elementor-widget-text-editor\" data-id=\"13a0cb2\" data-element_type=\"widget\" data-widget_type=\"text-editor.default\">\n\t\t\t\t<div class=\"elementor-widget-container\">\n\t\t\t\t\t\t\t<p>Przychylnie przyj\u0119to jej cykl poetycki &#8222;W g\u00f3rach&#8221;, kt\u00f3ry opublikowano w &#8222;Tygodniku Ilustrowanym&#8221; w 1876 r.\u00a0 To zadecydowa\u0142o o po\u015bwi\u0119ceniu si\u0119 literaturze. W latach 1877-1890 mieszka\u0142a wraz z dzie\u0107mi w Warszawie.\u00a0 Obok uprawiania tw\u00f3rczo\u015bci literackiej aktywnie uczestniczy\u0142a w \u017cyciu spo\u0142eczno-kulturalnym. Od 1884 do 1886 redagowa\u0142a pismo dla kobiet \u201e\u015awit\u201d. Jej tw\u00f3rczo\u015b\u0107 mia\u0142a du\u017ce znaczenie literackie i spo\u0142eczne. Przyk\u0142ad stanowi\u0105 trzy serie Poezji (1881, 1883, 1887), pe\u0142ne pochwa\u0142y wolno\u015bci i sprzeciwu wobec z\u0142a, jak wiersz W piwnicznej izbie, tak\u017ce poemat filozoficzny Imagina, w kt\u00f3rym niezadowolenie ze stosunk\u00f3w spo\u0142ecznych prowadzi do buntu. Od 1890 r. przebywa\u0142a w kilku krajach Europy Zachodniej. Wsp\u00f3\u0142pracowa\u0142a w\u00f3wczas z pras\u0105 krajow\u0105, zrzeszeniami polskimi na obczy\u017anie, Macierz\u0105 Szkoln\u0105, komitetami pomocy dla wyw\u0142aszczonej ludno\u015bci G\u00f3rnego \u015al\u0105ska i Wielkopolski. Wsp\u00f3\u0142organizowa\u0142a r\u00f3wnie\u017c mi\u0119dzynarodowy protest przeciwko prze\u015bladowaniu dzieci polskich we Wrze\u015bni (1901-1902).W roku 1903 Maria Konopnicka otrzyma\u0142a w darze narodowym (zakupiony ze sk\u0142adek spo\u0142ecze\u0144stwa) dworek w \u017barnowcu pod Krosnem. Jeszcze w latach 1905 &#8211; 1907 przebywa\u0142a w Warszawie, gdzie organizowa\u0142a pomoc dla uwi\u0119zionych przez w\u0142adze carskie i ich rodzin. Zmar\u0142a 8 pa\u017adziernika 1910 r. we Lwowie i tam zosta\u0142a pochowana na Cmentarzu \u0141yczakowskim. Tw\u00f3rczo\u015b\u0107 Marii Konopnickiej znalaz\u0142a trwa\u0142e miejsce w literaturze polskiej. Nawi\u0105zywa\u0142a w utworach do poezji ludowej, a tak\u017ce do romantyzmu i tradycji biblijnej oraz symbolizmu i parnasizmu, np. w \u201eZ mojej Biblii\u201d (seria IV Poezji, 1896), w zbiorach \u201eLinie i d\u017awi\u0119ki\u201d (1897), \u201eItalia\u201d (1901), \u201eNowe pie\u015bni\u201d (1905), \u201eG\u0142osy ciszy\u201d (1906). Tworzy\u0142a liczne wiersze dydaktyczne, jak \u201e\u015apiewnik historyczny\u201d (1904), \u201eLudziom i chwilom\u201d (1905); epickie poematy \u201ePrzez g\u0142\u0119bin\u0119\u201d (1907) i \u201ePan Balcer w Brazylii\u201d (1910).Zbiory opowiada\u0144 realistyczno-psychologicznych:\u201e Cztery nowele\u201d (1888), \u201eMoi znajomi\u201d (1890), \u201eNa drodze\u201d (1893), \u201eLudzie i rzeczy\u201d (1898), \u201eNa normandzkim brzegu\u201d (1904). Szkice reporta\u017cowe: \u201eZa krat\u0105\u201d (1886), \u201eObrazki wi\u0119zienne\u201d (1887-1888). Krytyka i eseistyka literacka: \u201ePortrety pi\u00f3rem\u201d (1898), \u201eMickiewicz, jego \u017cycie i duch\u201d (1899), \u201eTrzy studia\u201d (1902), \u201eSzkice\u201d(1905). wiersze: \u201eRota\u201d, \u201eWolny najmita\u201d, \u201eW poranek\u201d, \u201eT\u0119sknota\u201d i inne\u00a0 nowele, publicystyka literacka i spo\u0142eczna.\u00a0 Nade wszystko popularne do dzi\u015b utwory dla dzieci: \u201eO krasnoludkach i sierotce Marysi\u201d (1896),\u00a0 \u201eO Janku W\u0119drowniczku\u201d (1893),\u00a0 \u201eNa jagody\u201d (1903), \u201e\u015apiewnik dla dzieci\u201d oraz wiersze (np. \u201eStefek Burczymucha\u201d, \u201eZima z\u0142a\u201d, Jad\u0105, jad\u0105 dzieci drog\u0105\u201d,&#8230;)\u00a0\u00a0\u00a0\u00a0\u00a0\u00a0\u00a0\u00a0\u00a0\u00a0\u00a0\u00a0\u00a0\u00a0\u00a0\u00a0\u00a0\u00a0\u00a0\u00a0\u00a0\u00a0\u00a0\u00a0\u00a0\u00a0\u00a0\u00a0\u00a0\u00a0\u00a0\u00a0\u00a0\u00a0\u00a0\u00a0\u00a0\u00a0\u00a0\u00a0\u00a0<\/p>\t\t\t\t\t\t<\/div>\n\t\t\t\t<\/div>\n\t\t\t\t\t<\/div>\n\t\t<\/div>\n\t\t\t\t\t<\/div>\n\t\t<\/section>\n\t\t\t\t<\/div>\n\t\t","protected":false},"excerpt":{"rendered":"<p>Patronk\u0105 naszej szko\u0142y, Zespo\u0142u Szk\u00f3\u0142 Specjalnych Nr 5 w Pabianicach jest Maria Konopnicka, polska poetka, prozaik, krytyk i publicystka. Urodzi\u0142a si\u0119 23 maja 1842 r. roku w Suwa\u0142kach, jako c\u00f3rka J\u00f3zefa Wasi\u0142owskiego, prawnika, patrona trybuna\u0142u cywilnego i Scholastyki\u00a0 z Turskich. Siedem lat p\u00f3\u017aniej \u2013 w 1849 r. jej rodzice przeprowadzili si\u0119 do Kalisza. Tutaj przysz\u0142a [&hellip;]<\/p>\n","protected":false},"author":1,"featured_media":0,"parent":0,"menu_order":0,"comment_status":"closed","ping_status":"closed","template":"","meta":{"footnotes":""},"class_list":["post-1557","page","type-page","status-publish","hentry"],"_links":{"self":[{"href":"https:\/\/www.zsspabianice.pl\/index.php?rest_route=\/wp\/v2\/pages\/1557","targetHints":{"allow":["GET"]}}],"collection":[{"href":"https:\/\/www.zsspabianice.pl\/index.php?rest_route=\/wp\/v2\/pages"}],"about":[{"href":"https:\/\/www.zsspabianice.pl\/index.php?rest_route=\/wp\/v2\/types\/page"}],"author":[{"embeddable":true,"href":"https:\/\/www.zsspabianice.pl\/index.php?rest_route=\/wp\/v2\/users\/1"}],"replies":[{"embeddable":true,"href":"https:\/\/www.zsspabianice.pl\/index.php?rest_route=%2Fwp%2Fv2%2Fcomments&post=1557"}],"version-history":[{"count":16,"href":"https:\/\/www.zsspabianice.pl\/index.php?rest_route=\/wp\/v2\/pages\/1557\/revisions"}],"predecessor-version":[{"id":1575,"href":"https:\/\/www.zsspabianice.pl\/index.php?rest_route=\/wp\/v2\/pages\/1557\/revisions\/1575"}],"wp:attachment":[{"href":"https:\/\/www.zsspabianice.pl\/index.php?rest_route=%2Fwp%2Fv2%2Fmedia&parent=1557"}],"curies":[{"name":"wp","href":"https:\/\/api.w.org\/{rel}","templated":true}]}}