{"id":1404,"date":"2021-10-13T14:53:19","date_gmt":"2021-10-13T14:53:19","guid":{"rendered":"http:\/\/nowastrona.zsspabianice.pl\/?page_id=1404"},"modified":"2021-10-14T14:36:13","modified_gmt":"2021-10-14T14:36:13","slug":"historia","status":"publish","type":"page","link":"https:\/\/www.zsspabianice.pl\/?page_id=1404","title":{"rendered":"Historia"},"content":{"rendered":"\t\t<div data-elementor-type=\"wp-page\" data-elementor-id=\"1404\" class=\"elementor elementor-1404\">\n\t\t\t\t\t\t<section class=\"elementor-section elementor-top-section elementor-element elementor-element-4224daa elementor-section-boxed elementor-section-height-default elementor-section-height-default\" data-id=\"4224daa\" data-element_type=\"section\">\n\t\t\t\t\t\t<div class=\"elementor-container elementor-column-gap-default\">\n\t\t\t\t\t<div class=\"elementor-column elementor-col-100 elementor-top-column elementor-element elementor-element-319a9a7\" data-id=\"319a9a7\" data-element_type=\"column\">\n\t\t\t<div class=\"elementor-widget-wrap elementor-element-populated\">\n\t\t\t\t\t\t<div class=\"elementor-element elementor-element-e0fbec2 elementor-widget elementor-widget-text-editor\" data-id=\"e0fbec2\" data-element_type=\"widget\" data-widget_type=\"text-editor.default\">\n\t\t\t\t<div class=\"elementor-widget-container\">\n\t\t\t<style>\/*! elementor - v3.20.0 - 13-03-2024 *\/\n.elementor-widget-text-editor.elementor-drop-cap-view-stacked .elementor-drop-cap{background-color:#69727d;color:#fff}.elementor-widget-text-editor.elementor-drop-cap-view-framed .elementor-drop-cap{color:#69727d;border:3px solid;background-color:transparent}.elementor-widget-text-editor:not(.elementor-drop-cap-view-default) .elementor-drop-cap{margin-top:8px}.elementor-widget-text-editor:not(.elementor-drop-cap-view-default) .elementor-drop-cap-letter{width:1em;height:1em}.elementor-widget-text-editor .elementor-drop-cap{float:left;text-align:center;line-height:1;font-size:50px}.elementor-widget-text-editor .elementor-drop-cap-letter{display:inline-block}<\/style>\t\t\t\t<p align=\"JUSTIFY\">Pocz\u0105tek szkolnictwa specjalnego w Pabianicach datuje si\u0119 rokiem 1922. W\u00f3wczas to 1 wrze\u015bnia zostaje powo\u0142ana Klasa Pomocnicza przy Szkole Powszechnej, do kt\u00f3rej ucz\u0119szczaj\u0105 dzieci upo\u015bledzone umys\u0142owo. Mie\u015bci si\u0119 ona przy ul. \u015bw. Rocha 17.<br \/>Pierwszym kierownikiem plac\u00f3wki zostaje Feliks Papieski (by\u0142y nauczyciel szko\u0142y nr 2 w Pabianicach, absolwent Seminarium Pedagogiki Specjalnej (od 1923r. Pa\u0144stwowy Instytut Pedagogiki Specjalnej w Warsza- wie), pe\u0142ni\u0105c powierzon\u0105 mu funkcj\u0119 do 1939r.<br \/>W listopadzie 1922r. otworzono drug\u0105 klas\u0119, a od 1.03.1923r. Kuratorium Okr\u0119gu \u0141\u00f3dzkiego przydziela drugi etat nauczyciela &#8211; Marii Papieskiej. Stopniowo, co roku liczba oddzia\u0142\u00f3w zwi\u0119ksza si\u0119 w wyniku przybywania uczni\u00f3w. Ro\u015bnie te\u017c ilo\u015b\u0107 nauczycieli, m.in. rozpoczyna prac\u0119:<\/p>\t\t\t\t\t\t<\/div>\n\t\t\t\t<\/div>\n\t\t\t\t\t<\/div>\n\t\t<\/div>\n\t\t\t\t\t<\/div>\n\t\t<\/section>\n\t\t\t\t<section class=\"elementor-section elementor-top-section elementor-element elementor-element-bf801e1 elementor-section-boxed elementor-section-height-default elementor-section-height-default\" data-id=\"bf801e1\" data-element_type=\"section\">\n\t\t\t\t\t\t<div class=\"elementor-container elementor-column-gap-default\">\n\t\t\t\t\t<div class=\"elementor-column elementor-col-50 elementor-top-column elementor-element elementor-element-69eaf91\" data-id=\"69eaf91\" data-element_type=\"column\">\n\t\t\t<div class=\"elementor-widget-wrap elementor-element-populated\">\n\t\t\t\t\t\t<div class=\"elementor-element elementor-element-a94239d elementor-widget elementor-widget-text-editor\" data-id=\"a94239d\" data-element_type=\"widget\" data-widget_type=\"text-editor.default\">\n\t\t\t\t<div class=\"elementor-widget-container\">\n\t\t\t\t\t\t\t<p>Joanna Witych &#8211; 1923r.,<br \/>Stefan\u00f3wna &#8211; rok szkolny 1926\/1927,<br \/>Jadwiga Godlewska i Szikorowa &#8211; 1928\/1929,<br \/>Kneblewska &#8211; 1931\/1932,<br \/>Jan Trela, Cecylia W\u0142odarczyk &#8211; 1935\/1936,<br \/>Marian Wo\u0142kowi\u0144ski &#8211; 1938\/1939.<\/p><p>Wszyscy ci nauczyciele to ludzie ze \u015brednim wykszta\u0142ceniem pedagogicznym lub dyplomem uko\u0144czenia Pa\u0144stwowego Instytutu Pedagogiki Specjalnej i r\u00f3wnie\u017c \u00f3wcze\u015bni prekursorzy w nauczaniu i wychowaniu os\u00f3b upo\u015bledzonych, w czasach gdy pedagogika specjalna poczynia pierwsze kroki (g\u0142\u00f3wnie dzi\u0119ki Marii Grzegorzewskiej &#8211; tw\u00f3rczyni Instytutu Pedagogiki Specjalnej w Warszawie, a tym samym pedagoigki specjalnej w ca\u0142ej Polsce).<\/p>\t\t\t\t\t\t<\/div>\n\t\t\t\t<\/div>\n\t\t\t\t\t<\/div>\n\t\t<\/div>\n\t\t\t\t<div class=\"elementor-column elementor-col-50 elementor-top-column elementor-element elementor-element-d9a21c1\" data-id=\"d9a21c1\" data-element_type=\"column\">\n\t\t\t<div class=\"elementor-widget-wrap elementor-element-populated\">\n\t\t\t\t\t\t<div class=\"elementor-element elementor-element-894fa27 elementor-widget elementor-widget-image\" data-id=\"894fa27\" data-element_type=\"widget\" data-widget_type=\"image.default\">\n\t\t\t\t<div class=\"elementor-widget-container\">\n\t\t\t<style>\/*! elementor - v3.20.0 - 13-03-2024 *\/\n.elementor-widget-image{text-align:center}.elementor-widget-image a{display:inline-block}.elementor-widget-image a img[src$=\".svg\"]{width:48px}.elementor-widget-image img{vertical-align:middle;display:inline-block}<\/style>\t\t\t\t\t\t\t\t\t\t<img fetchpriority=\"high\" decoding=\"async\" width=\"812\" height=\"569\" src=\"https:\/\/www.zsspabianice.pl\/wp-content\/uploads\/2021\/10\/138943351_3569901196397436_3136998403896982424_n-1024x717.jpg\" class=\"attachment-large size-large wp-image-1512\" alt=\"\" srcset=\"https:\/\/www.zsspabianice.pl\/wp-content\/uploads\/2021\/10\/138943351_3569901196397436_3136998403896982424_n-1024x717.jpg 1024w, https:\/\/www.zsspabianice.pl\/wp-content\/uploads\/2021\/10\/138943351_3569901196397436_3136998403896982424_n-300x210.jpg 300w, https:\/\/www.zsspabianice.pl\/wp-content\/uploads\/2021\/10\/138943351_3569901196397436_3136998403896982424_n-768x538.jpg 768w, https:\/\/www.zsspabianice.pl\/wp-content\/uploads\/2021\/10\/138943351_3569901196397436_3136998403896982424_n-1536x1075.jpg 1536w, https:\/\/www.zsspabianice.pl\/wp-content\/uploads\/2021\/10\/138943351_3569901196397436_3136998403896982424_n.jpg 2034w\" sizes=\"(max-width: 812px) 100vw, 812px\" \/>\t\t\t\t\t\t\t\t\t\t\t\t\t<\/div>\n\t\t\t\t<\/div>\n\t\t\t\t<div class=\"elementor-element elementor-element-9a01474 elementor-widget elementor-widget-text-editor\" data-id=\"9a01474\" data-element_type=\"widget\" data-widget_type=\"text-editor.default\">\n\t\t\t\t<div class=\"elementor-widget-container\">\n\t\t\t\t\t\t\t<p>Ze zbior\u00f3w:&nbsp; Marcin G\u0119barowski, \u017ar\u00f3d\u0142o: https:\/\/bit.ly\/3aCnrKx<\/p>\t\t\t\t\t\t<\/div>\n\t\t\t\t<\/div>\n\t\t\t\t\t<\/div>\n\t\t<\/div>\n\t\t\t\t\t<\/div>\n\t\t<\/section>\n\t\t\t\t<section class=\"elementor-section elementor-top-section elementor-element elementor-element-73ad302 elementor-section-boxed elementor-section-height-default elementor-section-height-default\" data-id=\"73ad302\" data-element_type=\"section\">\n\t\t\t\t\t\t<div class=\"elementor-container elementor-column-gap-default\">\n\t\t\t\t\t<div class=\"elementor-column elementor-col-100 elementor-top-column elementor-element elementor-element-6faf7af\" data-id=\"6faf7af\" data-element_type=\"column\">\n\t\t\t<div class=\"elementor-widget-wrap elementor-element-populated\">\n\t\t\t\t\t\t<div class=\"elementor-element elementor-element-a61ddb7 elementor-widget elementor-widget-text-editor\" data-id=\"a61ddb7\" data-element_type=\"widget\" data-widget_type=\"text-editor.default\">\n\t\t\t\t<div class=\"elementor-widget-container\">\n\t\t\t\t\t\t\t<p align=\"JUSTIFY\">13 lutego 1927r. Kuratorium nadaje Klasie Pomocniczej nazw\u0119 3-klasowej Publicznej Szko\u0142y Powszechnej Specjalnej w Pabianicach, co podwy\u017cszy\u0142o jej status. Trzy lata p\u00f3\u017aniej Szko\u0142a posiada cztery etaty nauczycielskie, a w 1931r. ucz\u0119szcza do niej 86 uczni\u00f3w, kt\u00f3rzy ucz\u0105 si\u0119 w czterech klasach: klasa I &#8211; 25 uczni\u00f3w, klasa II &#8211; 25, klasa III &#8211; 19, klasa IV &#8211; 17.<\/p><p align=\"JUSTIFY\">Tu\u017c przed II wojn\u0105 \u015bwiatow\u0105 stworzono cztery oddzia\u0142y z liczb\u0105 ok. 50 &#8211; 70 uczni\u00f3w.<\/p><p align=\"JUSTIFY\">\u00a0\u00a0\u00a0\u00a0\u00a0\u00a0\u00a0 Pierwszy okres dzia\u0142ania szko\u0142y to praca w warunkach, kt\u00f3re nie spe\u0142niaj\u0105 zalece\u0144 planu nauczania i wychowania dla plac\u00f3wek tego typu (ma\u0142e, ciemne i ciasne klasy w czynszowej kamienicy). W wyniku staran kierownika szko\u0142a otrzymuje nowe lokum przy ul. Pu\u0142askiego 11, a w latach 1926 &#8211; 1939 przy ul. Ko\u015bcielnej 11, gdzie wynajmowany jest prywatny budynek Griunsztajna i Pukacza.<\/p><p align=\"JUSTIFY\">W latach 1927 &#8211; 1937 szko\u0142a zmienia nazw\u0119. Na piecz\u0119ci plac\u00f3wki jest napis: Szko\u0142a Specjalna w Pabianicach. Natomiast od wrze\u015bnia 1937r. funkcjonuje jako Szko\u0142a Powszechna Specjalna nr 4 w Pabianicach. W listopadzie tego\u017c roku ponownie nast\u0119puje zmiana na: Publiczna Szko\u0142a Powszechna Specjalna II Stopnia w Pabianicach. W lipcu 1938r. Inspektorat Powiatu \u0141askiego w Zdu\u0144skiej Woli zmienia stopie\u0144 organizacyjny szko\u0142y. Od tej chwili jest to Publiczna Szko\u0142a Powszechna Specjalna I Stopnia w Pabianicach.<\/p><p align=\"JUSTIFY\">Okupacja hitlerowska przerywa prac\u0119 szko\u0142y. Do 1943r. budynek zajmuje wojsko niemieckie, a do 1945r. szko\u0142a zawodowa dla dzieci niemieckich.<\/p><p align=\"JUSTIFY\">\u00a0\u00a0\u00a0\u00a0\u00a0\u00a0\u00a0 Po wojnie, a nawet ju\u017c w kwietniu 1945r., w zniszczonym budynku (nadal pod adresem ul. Ko\u015bcielna 11) szko\u0142a specjalna rozpoczyna sw\u0105 prac\u0119. G\u0142\u00f3wnym organizatorem i kierownikiem plac\u00f3wki jest Jadwiga Godlewska.<\/p><p align=\"JUSTIFY\">W budynku mieszcz\u0105 si\u0119 trzy klasy. Po dokonaniu przer\u00f3bek w roku szkolnym 1948\/49 dzia\u0142a 6 oddzia\u0142\u00f3w z \u0142\u0105czn\u0105 liczb\u0105 102 uczni\u00f3w.<\/p><p align=\"JUSTIFY\">Kolejne lata przynosz\u0105 zmiany w organizacji szko\u0142y. Nast\u0119puje ci\u0105g\u0142y jej rozw\u00f3j, przyk\u0142adowo:<\/p><p align=\"JUSTIFY\">&#8211; rok szkolny 1951\/52 &#8211; szko\u0142a posiada 7 klas, 108 uczni\u00f3w, 9 nauczycieli;<br \/>&#8211; 1952\/53 &#8211; 7 oddzia\u0142\u00f3w, uczy 11 pedagog\u00f3w;<br \/>&#8211; od 1954r. do 1957r. zatrudnionych jest 12 nauczycieli, uczniowie ucz\u0105 si\u0119 w 8 klasach;<br \/>&#8211; 1960\/61- 158 uczni\u00f3w, 11 nauczycieli;<br \/>&#8211; 1961 &#8211; 1966 &#8211; szko\u0142a liczy powy\u017cej 170 uczni\u00f3w, a ilo\u015b\u0107 nauczycieli waha si\u0119 od 10 do 14;<br \/>&#8211; koniec lat 60-tych &#8211; 204 uczni\u00f3w w 11 oddzia\u0142ach i 18 pedagog\u00f3w.<\/p><p align=\"JUSTIFY\">\u00a0\u00a0\u00a0\u00a0\u00a0\u00a0\u00a0\u00a0 Jednak\u017ce szko\u0142a to nie tylko statystyka, to r\u00f3wnie\u017c praca i nierzadko determinacja pedagog\u00f3w. Plac\u00f3wka nadal mie\u015bci si\u0119 w starym budynku z ciasnymi pomieszczeniami, kt\u00f3ry wymaga ci\u0105g\u0142ych remont\u00f3w,\u00a0\u00a0 przer\u00f3bek, aby poprawi\u0107 warunki pracy dzieci i m\u00f3c wprowadza\u0107 oraz realizowa\u0107 idee Marii Grzegorzewskiej: wychowanie umys\u0142owe, kszta\u0142cenie politechniczne, wychowanie moralno-spo\u0142eczne, estetyczne i fizyczne, niesienie pomocy, wspieranie s\u0142abszych i upo\u015bledzonych.<\/p><p align=\"JUSTIFY\">W 1959r. zostaje zaadaptowany strych na potrzeby pracowni dziewiarskiej. W 1960r. stworzona zostaje dodatkowa klasa, gabinet lekarski, gabinet kierownika szko\u0142y i kancelaria. Powstaje kuchnia, w kt\u00f3rej prowadzone s\u0105 lekcje gospodarstwa domowego oraz pracownia stolarska.<\/p><p align=\"JUSTIFY\">Kierownik szko\u0142y, Jadwiga Godlewska, organizuje Kurs Problemowy maj\u0105cy przygotowa\u0107 absolwent\u00f3w do zawodu dziewiarza.<\/p><p align=\"JUSTIFY\">W roku szkolnym 1964\/65, na podstawie orzeczenia Kuratorium Okregu Szkolnego \u0141\u00f3dzkiego, zostaje utworzona pierwsza klasa Szko\u0142y Zawodowej Specjalnej (liczy 23 uczni\u00f3w).<\/p><p align=\"JUSTIFY\">W latach 1967\/68 &#8211; 1969\/70 funkcj\u0119 kierownika szko\u0142y przejmuje Walerian Kaczorek.\u00a0\u00a0\u00a0<\/p><p align=\"JUSTIFY\">W 1968r. przeprowadza remont budynku, po kt\u00f3rym szko\u0142a dysponuje 10 klasami, pracowni\u0105 praktyczno-techniczn\u0105, sal\u0105 gimnastyczn\u0105, gabinetem lekarskim.<\/p><p align=\"JUSTIFY\">W 1969r. na terenie plac\u00f3wki dzia\u0142a samorz\u0105d szkolny, w kt\u00f3rego sk\u0142ad wchodz\u0105 uczniowie najstarszych klas.<\/p><p align=\"JUSTIFY\">W roku szkolnym 1969\/70 kierownictwo obejmuje Maria Sadowska.<\/p><p align=\"JUSTIFY\">W czerwcu 1971r. na terenie szko\u0142y zostaje otwarta wystawa post\u0119pu pedagogicznego, na kt\u00f3rej przedstawiane s\u0105 prace dzieci oraz pomoce naukowe wykorzystywane podczas lekcji a wykonane przez nauczycieli.<\/p><p align=\"JUSTIFY\">W roku szkolnym 1971\/72 Podstawowa Szko\u0142a Specjalna obchodzi jubileusz &#8211; istnieje i s\u0142u\u017cy uczniom niepe\u0142nosprawnym ju\u017c 50 lat. Za sw\u0105 dzia\u0142alno\u015b\u0107 na polu dydaktyczno-wychowawczym otrzymuje w 1972r. medal Komisji Edukacji Narodowej jako wyr\u00f3\u017cniaj\u0105ca si\u0119 plac\u00f3wka kszta\u0142cenia i wychowania specjalnego.<\/p><p align=\"JUSTIFY\">\u00a0\u00a0\u00a0\u00a0\u00a0\u00a0 16 stycznia 1973r. Podstawowa Szko\u0142a Specjalna zmienia lokal na budynek przy ul. Pu\u0142askiego 32 (dawna Szko\u0142a Podstawowa nr 12). Nowa siedziba, po remoncie, zaadaptowana jest do potrzeb plac\u00f3wki specjalnej (dobrze wyposa\u017cone 3 pracownie: szycia, gospodarstwa domowego, zaj\u0119\u0107 praktyczno-technicznych oraz sala gimnastyczna, \u015bwietlica i jadalnia, gabinet lekarski, ogr\u00f3d, boisko\u00a0i klasopracownie: biologiczna, humanistyczna). Tu r\u00f3wnie\u017c mie\u015bci si\u0119 Szko\u0142a Zawodowa.<\/p><p align=\"JUSTIFY\">18 czerwca 1973r. szko\u0142a otrzymuje imi\u0119 Marii Konopnickiej i przyjmuje nazw\u0119: Szko\u0142a Podstawowa Specjalna im. Marii Konopnickiej w Pabianicach.<\/p><p align=\"JUSTIFY\">W \u015bwietlicy szkolnej dzia\u0142a Kuratorski O\u015brodek Pracy z M\u0142odzie\u017c\u0105, kt\u00f3ry zapewnia opiek\u0119 wychowawcz\u0105 m\u0142odzie\u017cy w czasie wolnym od zaj\u0119\u0107 szkolnych. Jego kierownikiem zostaje Miros\u0142aw Idzikowski.<\/p><p align=\"JUSTIFY\">1977r. &#8211; to rok jubileuszowy:<\/p><p align=\"JUSTIFY\">&#8211; 55 rocznica powstania Podstawowej Szko\u0142y Specjalnej im. M. Konopnickiej;<br \/>&#8211; 10 rocznica istnienia Zasadniczej Szko\u0142y Zawodowej Specjalnej.<\/p><p align=\"JUSTIFY\">Rok szkolny 1978\/79 rozpoczyna si\u0119 zmian\u0105 na stanowisku dyrektora. Jest nim Zofia Szczypiorska. \u00a0 \u00a0W tym te\u017c roku otwarta zostaje na terenie szko\u0142y harc\u00f3wka. Znacznie wcze\u015bniej, bo 12 czerwca 1951r. rozpoczyna dzia\u0142alno\u015b\u0107 dru\u017cyna harcerska, kt\u00f3ra prowadzi Lucyna Pawlikowska. Od 1955r. harcerze wsp\u00f3\u0142pracuj\u0105 z czasopismem &#8222;\u015awiat m\u0142odych&#8221;, w kt\u00f3rym zamieszczaj\u0105 swoje artyku\u0142y. W 1953r. na niwie artystycznej dzia\u0142a harcerski teatrzyk Szkolaczek, przemianowany w 1958r. na Harcerski Teatr Lalek. 15 listopada 1979r. II Szczep Harcerski otrzymuje imi\u0119 J\u00f3zefa Salwy.<\/p><p align=\"JUSTIFY\">Szkole przybywaj\u0105 nowe pracownie: matematyczna i przyrodnicza. Po raz pierwszy w budynku mie\u015bci si\u0119 klasa \u017cycia dla uczni\u00f3w niepe\u0142nosprawnych intelektualnie w stopniu umiarkowanym, kt\u00f3ra przygotowuje do codziennego \u017cycia.<\/p><p align=\"JUSTIFY\">We wrze\u015bniu 1988r. dyrektorem zostaje Mariola Talar. Ze wzgl\u0119du na konieczny kapitalny remont lokalu, nauczanie jest kontynuowane od 1988r. w budynku przy ul. Brackiej 37, pomieszczeniach na parterze dw\u00f3ch blok\u00f3w mieszkalnych ( po by\u0142ym przedszkolu). warunki s\u0105 tu bardzo niedogodne do prowadzenia zaj\u0119\u0107 rewalidacyjnych: ma\u0142e, przechodnie klasy, taka\u017c sama \u015bwietlica i jadalnia. w osobnym budynku pracuj\u0105 klasy \u017cycia.<\/p><p align=\"JUSTIFY\">\u00a0\u00a0\u00a0\u00a0\u00a0\u00a0 Zasadnicza Szko\u0142a Zawodowa, kt\u00f3rej dyrektorem jest Bo\u017cena Bulzacka, otrzymuje oddzielny budynek.<\/p><p align=\"JUSTIFY\">Budow\u0119 rozpocz\u0119to w 1985r. z inicjatywy prezesa Sp\u00f3\u0142dzielni Inwalid\u00f3w im. J. D\u0105browskiego &#8211;\u00a0 Tadeusza Skoczylasa oraz dyrektor Fundacji Dzieciom Niepe\u0142nosprawnym &#8211; Krystyny \u015aliwi\u0144skiej.<\/p><p align=\"JUSTIFY\">M\u0142odzie\u017c uczy si\u0119 w komfortowych warunkach. W nowym budynku znajduja sie pomieszczenia do prowadzenia zaj\u0119\u0107 teoretycznych i warsztatowych oraz sala gimnastyczna, si\u0142ownia, natryski, sto\u0142\u00f3wka. Inne przedsi\u0119wzi\u0119cia podejmowane przez pani\u0105 Bo\u017cen\u0119 Bulzack\u0105 to: dodatkowe pracownie warsztatowe, budowa boiska szkolnego.<\/p><p align=\"JUSTIFY\">W sferze dydaktycznej nast\u0119puje rozszerzenie kszta\u0142cenia. Absolwenci legitymuj\u0105 si\u0119 tytu\u0142em robotnika wykwalifikowanego w zawodach: dziewiarz maszynowo-r\u0119czny oraz szwacz dzianin. Od roku szkolnego 1992\/93 dzia\u0142a nowy kierunek kszta\u0142cenia &#8211; introligator, a w roku 1994\/95 &#8211; pracownik rob\u00f3t budowlanych i wyko\u0144czeniowych (zgodnie z potrzebami rynku pracy).<\/p><p align=\"JUSTIFY\">W roku szkolnym 1993\/94 Szko\u0142a Zawodowa staje si\u0119 Zespo\u0142em Szk\u00f3\u0142 Zawodowych Specjalnych, w sk\u0142ad kt\u00f3rego wchodz\u0105:<\/p><p align=\"JUSTIFY\">\u00a0&#8211; Zasadnicza Szko\u0142a Zawodowa Specjalna dla m\u0142odzie\u017cy niepe\u0142nosprawnej intelektualnie;<\/p><p align=\"JUSTIFY\">\u00a0&#8211; Zasadnicza Szko\u0142a Zawodowa dla m\u0142odzie\u017cy niepe\u0142nosprawnej ruchowo, realizuj\u0105ca program szko\u0142y masowej.<\/p><p align=\"JUSTIFY\">\u00a0\u00a0\u00a0\u00a0\u00a0\u00a0\u00a0 25 pa\u017adziernika 1993r. (po pi\u0119ciu latach) nast\u0119puje powr\u00f3t Szko\u0142y Podstawowej Specjalnej do wyremontowanego budynku przy ul. Pu\u0142askiego 32. Na trzech kondygnacjach mieszcz\u0105 si\u0119 pracownie klas nauczania pocz\u0105tkowego, klasopracownie (humanistyczna, biologiczna, matematyczna),\u00a0 biblioteka, pomieszczenia dla klas\u00a0 \u017cycia (obecnie zespo\u0142y edukacyjne), sala gimnastyczna. zapewniona jest sta\u0142a opieka psychologiczna, pedagogiczna, logopedyczna i rewalidacji indywidualnej. 29 wrze\u015bnia 1997r. zostaje otwarta (r\u00f3wnie\u017c po remoncie) \u015bwietlica szkolna z kuchni\u0105 i jadalni\u0105.<\/p><p align=\"JUSTIFY\">W roku szkolnym 1998\/99 Szko\u0142a organizuje VI Dzieci\u0119c\u0105 Wojew\u00f3dzk\u0105 Olimpiad\u0119 Sportow\u0105 &#8222;Sprawni razem&#8221;, w kt\u00f3rej uczestnicz\u0105 dzieci z \u0141odzi, Konstantynowa, G\u0142owna, Zgierza, Ozorkowa.<\/p><p align=\"JUSTIFY\">Dwa razy w roku organizowane s\u0105 turnusy rehabilitacyjne, refundowane przez Centrum Pomocy Rodzinie.<\/p><p align=\"JUSTIFY\">1 wrze\u015bnia 1999r. uchwa\u0142\u0105 Rady Powiatu Pabianickiego, Szko\u0142a Podstawowa Specjalna im. M. Konopnickiej w Pabianicach zostaje przekszta\u0142cona ze szko\u0142y o strukturze I-VIII w Zesp\u00f3l Szk\u00f3\u0142 Specjalnych w Pabianicach,\u00a0 w kt\u00f3rego sk\u0142ad wchodz\u0105:<\/p><p align=\"JUSTIFY\">&#8211; Szko\u0142a Podstawowa Specjalna Nr 1 im. Marii Konopnickiej w Pabianicach, obejmuj\u0105ca teren miasta, gminy Pabianice (z wy\u0142\u0105czeniem Porszewic), gminy D\u0142ut\u00f3w, Dobro\u0144, Ksawer\u00f3w;<br \/>&#8211; Gimnazjum Specjalne, obejmuj\u0105ce teren ca\u0142ego pabianickiego powiatu.<\/p><p align=\"JUSTIFY\">Uchwa\u0142\u0105 Rady Powiatu z dn. 13 listopada 2003r. Zesp\u00f3\u0142 Szk\u00f3\u0142 Specjalnych zmienia nazw\u0119 na Zesp\u00f3\u0142 Szk\u00f3\u0142 Nr 5 im. Marii Konopnickiej w Pabianicach, aby nast\u0119pnie na mocy uchwa\u0142y z 28 lutego 2005r. sta\u0107 si\u0119 Zespo\u0142em Szk\u00f3\u0142 Specjalnych Nr 5 im. Marii Konopnickiej w Pabianicach ze Szko\u0142\u0105 Podstawow\u0105 Specjaln\u0105 Nr 6 im. Marii Konopnickiej i Gimnazjum Specjalnym Nr 5.\u00a0\u00a0\u00a0<\/p><p align=\"JUSTIFY\">W roku szkolnym 2003\/2004 Zesp\u00f3\u0142 Szk\u00f3\u0142 nr 5 organizuje I Wojew\u00f3dzk\u0105 Olimpiad\u0119 Matematyczna dla Gimnazj\u00f3w Specjalnych.<\/p><p align=\"JUSTIFY\">\u00a0\u00a0\u00a0\u00a0\u00a0\u00a0\u00a0\u00a0 Lata 2004 &#8211; 2005 znamionuje przemiana plac\u00f3wek specjalnych. Szko\u0142a podstawowa, gimnazjum i szko\u0142a zawodowa zostaj\u0105 po\u0142\u0105czone w roku szkolnym 2005\/2006 w Zesp\u00f3\u0142 Szk\u00f3\u0142 Specjalnych Nr 5 im. Marii Konopnickiej. W ten spos\u00f3b uczniowie maj\u0105 gwarantowany ci\u0105g podj\u0119tej edukacji.<\/p><p align=\"JUSTIFY\">Dyrektorem plac\u00f3wki jest Bo\u017cena Bulzacka, wicedyrektorem &#8211; Anita Dobrosz.<\/p><p align=\"JUSTIFY\">W sk\u0142ad Zespo\u0142u wchodz\u0105:<\/p><p align=\"JUSTIFY\">&#8211; Szko\u0142a Podstawowa Specjalna Nr 6 im. Marii Konopnickiej;<br \/>&#8211; Gimnazjum Specjalne Nr 5;<br \/>&#8211; Zasadnicza Szko\u0142a Zawodowa Specjalna Nr 5 dla Uczni\u00f3w z Upo\u015bledzeniem Umys\u0142owym w Stopniu Lekkim, z Chorobami Przewlek\u0142ymi i Niepe\u0142nosprawno\u015bci\u0105 Ruchow\u0105.<\/p><p align=\"JUSTIFY\">Od 1 wrze\u015bnia 2006r. (zgodnie z Uchwa\u0142\u0105 Rady Powiatu Pabianickiego z dn. 15 marca2006r.) zacz\u0119\u0142a sw\u0105 dzia\u0142alno\u015b\u0107 w Zespole Szk\u00f3\u0142 &#8211; Szko\u0142a Specjalna Przysposabiaj\u0105ca do Pracy, dla uczni\u00f3w niepe\u0142nosprawnych intelektualnie w stopniu umiarkowanym lub znacznym oraz dla uczni\u00f3w z niepe\u0142nosprawno\u015bciami sprz\u0119\u017conymi.<\/p><p align=\"JUSTIFY\">W Zespole dzia\u0142a te\u017c \u015bwietlica i sto\u0142\u00f3wka.<\/p><p align=\"JUSTIFY\">\u00a0 \u00a0 Zgodnie z reform\u0105\u00a0o\u015bwiaty oraz uchwa\u0142\u0105\u00a0Rady Powiatu z dnia 30 marca 2017r. w Zespole Szk\u00f3\u0142 dzia\u0142a o\u015bmioletnia\u00a0Szko\u0142a Podstawowa Specjalna dla dzieci niepe\u0142nosprawnych intelektualnie w stopniu lekkim, dla dzieci niepe\u0142nosprawnych intelektualnie w stopniu umiarkowanym i znacznym oraz dla dzieci niepe\u0142nosprawnych intelektualnie w stopniu g\u0142\u0119bokim;\u00a0<\/p><p align=\"JUSTIFY\">Gimnazjum Specjalne (dzia\u0142a do momentu wygaszenia) dla dzieci niepe\u0142nosprawnych intelektualnie w stopniu lekkim i dzieci niepe\u0142nosprawnych intelektualnie w stopniu umiarkowanym i znacznym;<\/p><p align=\"JUSTIFY\">Bran\u017cowa Szko\u0142a Specjalna I stopnia, w kt\u00f3rej prowadzone s\u0105 klasy dotychczasowej Zasadniczej Szko\u0142y Zawodowej Specjalnej (dzia\u0142aj\u0105cej do wygaszenia) dla uczni\u00f3w niepe\u0142nosprawnych intelektualnie w stopniu lekkim, z chorobami przewlek\u0142ymi i niepe\u0142nosprawno\u015bci\u0105 ruchow\u0105;<\/p><p align=\"JUSTIFY\">Szko\u0142a Specjalna Przysposabiaj\u0105ca do Pracy (o trzyletnim cyklu kszta\u0142cenia) dla uczni\u00f3w z niepe\u0142nosprawno\u015bci\u0105 intelektualn\u0105 w stopniu umiarkowanym lub znacznym oraz dla uczni\u00f3w z niepe\u0142nosprawno\u015bciami sprz\u0119\u017conymi.<\/p>\t\t\t\t\t\t<\/div>\n\t\t\t\t<\/div>\n\t\t\t\t\t<\/div>\n\t\t<\/div>\n\t\t\t\t\t<\/div>\n\t\t<\/section>\n\t\t\t\t<\/div>\n\t\t","protected":false},"excerpt":{"rendered":"<p>Pocz\u0105tek szkolnictwa specjalnego w Pabianicach datuje si\u0119 rokiem 1922. W\u00f3wczas to 1 wrze\u015bnia zostaje powo\u0142ana Klasa Pomocnicza przy Szkole Powszechnej, do kt\u00f3rej ucz\u0119szczaj\u0105 dzieci upo\u015bledzone umys\u0142owo. Mie\u015bci si\u0119 ona przy ul. \u015bw. Rocha 17.Pierwszym kierownikiem plac\u00f3wki zostaje Feliks Papieski (by\u0142y nauczyciel szko\u0142y nr 2 w Pabianicach, absolwent Seminarium Pedagogiki Specjalnej (od 1923r. Pa\u0144stwowy Instytut Pedagogiki [&hellip;]<\/p>\n","protected":false},"author":1,"featured_media":0,"parent":0,"menu_order":0,"comment_status":"closed","ping_status":"closed","template":"","meta":{"footnotes":""},"class_list":["post-1404","page","type-page","status-publish","hentry"],"_links":{"self":[{"href":"https:\/\/www.zsspabianice.pl\/index.php?rest_route=\/wp\/v2\/pages\/1404","targetHints":{"allow":["GET"]}}],"collection":[{"href":"https:\/\/www.zsspabianice.pl\/index.php?rest_route=\/wp\/v2\/pages"}],"about":[{"href":"https:\/\/www.zsspabianice.pl\/index.php?rest_route=\/wp\/v2\/types\/page"}],"author":[{"embeddable":true,"href":"https:\/\/www.zsspabianice.pl\/index.php?rest_route=\/wp\/v2\/users\/1"}],"replies":[{"embeddable":true,"href":"https:\/\/www.zsspabianice.pl\/index.php?rest_route=%2Fwp%2Fv2%2Fcomments&post=1404"}],"version-history":[{"count":37,"href":"https:\/\/www.zsspabianice.pl\/index.php?rest_route=\/wp\/v2\/pages\/1404\/revisions"}],"predecessor-version":[{"id":1556,"href":"https:\/\/www.zsspabianice.pl\/index.php?rest_route=\/wp\/v2\/pages\/1404\/revisions\/1556"}],"wp:attachment":[{"href":"https:\/\/www.zsspabianice.pl\/index.php?rest_route=%2Fwp%2Fv2%2Fmedia&parent=1404"}],"curies":[{"name":"wp","href":"https:\/\/api.w.org\/{rel}","templated":true}]}}